{"id":63,"date":"2022-12-04T19:39:51","date_gmt":"2022-12-04T19:39:51","guid":{"rendered":"https:\/\/n1casino.info\/?page_id=63"},"modified":"2022-12-08T17:06:21","modified_gmt":"2022-12-08T17:06:21","slug":"app","status":"publish","type":"page","link":"https:\/\/n1casino.info\/pl\/app\/","title":{"rendered":"Aplikacja"},"content":{"rendered":"<div class=\"wp-block-cover alignfull\"><span aria-hidden=\"true\" class=\"wp-block-cover__background has-background-dim\"><\/span><img loading=\"lazy\" decoding=\"async\" width=\"1784\" height=\"360\" class=\"wp-block-cover__image-background wp-image-64\" alt=\"aplikacja\" src=\"https:\/\/n1casino.info\/wp-content\/uploads\/2022\/12\/n1casino-verification-bonus-banner-7-1784x360px.jpg\" style=\"object-position:98% 16%\" data-object-fit=\"cover\" data-object-position=\"98% 16%\" srcset=\"https:\/\/n1casino.info\/wp-content\/uploads\/2022\/12\/n1casino-verification-bonus-banner-7-1784x360px.jpg 1784w, https:\/\/n1casino.info\/wp-content\/uploads\/2022\/12\/n1casino-verification-bonus-banner-7-1784x360px-300x61.jpg 300w, https:\/\/n1casino.info\/wp-content\/uploads\/2022\/12\/n1casino-verification-bonus-banner-7-1784x360px-1024x207.jpg 1024w, https:\/\/n1casino.info\/wp-content\/uploads\/2022\/12\/n1casino-verification-bonus-banner-7-1784x360px-768x155.jpg 768w, https:\/\/n1casino.info\/wp-content\/uploads\/2022\/12\/n1casino-verification-bonus-banner-7-1784x360px-1536x310.jpg 1536w\" sizes=\"auto, (max-width: 1784px) 100vw, 1784px\" \/><div class=\"wp-block-cover__inner-container is-layout-flow wp-block-cover-is-layout-flow\">\n<div class=\"wp-block-buttons is-content-justification-center is-layout-flex wp-container-core-buttons-is-layout-a89b3969 wp-block-buttons-is-layout-flex\">\n<div class=\"wp-block-button has-custom-width wp-block-button__width-50 has-custom-font-size has-medium-font-size\"><a class=\"wp-block-button__link has-ast-global-color-5-color has-text-color has-background wp-element-button\" style=\"background-color:#ec3200\"><strong>Pobierz<\/strong><\/a><\/div>\n<\/div>\n<\/div><\/div>\n\n\n\n<h1 class=\"wp-block-heading\">N1 Casino App<\/h1>\n\n\n\n<p>Kochasz hazard, ale nienawidzisz czeka\u0107 na przetworzenie swoich pieni\u0119dzy? A mo\u017ce jeste\u015b zm\u0119czony tym, \u017ce mo\u017cesz wyp\u0142aci\u0107 tylko okre\u015blon\u0105 kwot\u0119 za jednym razem? W takim razie nowy N1 casino app jest w\u0142a\u015bnie dla Ciebie! Oferujemy szeroki wyb\u00f3r gier od licencjonowanych dostawc\u00f3w, szybkie i \u0142atwe p\u0142atno\u015bci oraz brak ogranicze\u0144 co do kwoty, jak\u0105 mo\u017cesz wyp\u0142aci\u0107. Dodatkowo, nasza aplikacja kasyna jest dost\u0119pna na ca\u0142ym \u015bwiecie i obs\u0142uguje szerok\u0105 gam\u0119 walut. Na co wi\u0119c czekasz? Zarejestruj si\u0119 teraz i ciesz si\u0119 najlepszym do\u015bwiadczeniem w kasynie online!<\/p>\n\n\n\n\n\n<h2 class=\"wp-block-heading\">N1 casino mobile<\/h2>\n\n\n\n<p>Sie m\u00fcssen nicht l\u00e4nger suchen, wenn Sie auf der Suche nach der besten Casino-App da drau\u00dfen sind. <a href=\"\/pl\/\">Kasyno N1<\/a> wurde 2018 von einem Team von Gl\u00fccksspiel-Enthusiasten gegr\u00fcndet, da sie mit der Entwicklung des Gl\u00fccksspiels unzufrieden waren. Sie tr\u00e4umten davon, eine Plattform zu schaffen, die sowohl ehrlich als auch transparent sein w\u00fcrde, w\u00e4hrend sie nur Spiele von lizenzierten Anbietern haben.<\/p>\n\n\n\n<p>Kiedy grasz w N1 Casino, masz gwarancj\u0119 szybkich wyp\u0142at (mi\u0119dzy 1-5 minut) bez \u017cadnych k\u0142opot\u00f3w i ogranicze\u0144 w wyp\u0142acaniu pieni\u0119dzy. A gdyby tego by\u0142o ma\u0142o, do wyboru jest r\u00f3wnie\u017c mn\u00f3stwo walut.<\/p>\n\n\n\n<p>W tym artykule przedstawimy Ci kompleksowy przegl\u0105d kasyna N1 i wszystkiego, co si\u0119 z nim wi\u0105\u017ce. Poka\u017cemy Ci jak si\u0119 zarejestrowa\u0107, jak odnale\u017a\u0107 si\u0119 w kasynie i jakie ekskluzywne funkcje s\u0105 dost\u0119pne.<\/p>\n\n\n\n<h2 class=\"wp-block-heading\">Cechy aplikacji N1 casino<\/h2>\n\n\n\n<p>Model N1 casino app oferuje graczom szeroki zakres funkcji, dzi\u0119ki kt\u00f3rym gra w podr\u00f3\u017cy jest wygodna i przyjemna. W tym artykule znajdziesz wi\u0119cej informacji na temat aplikacji kasynowych, w tym jak si\u0119 zarejestrowa\u0107 i korzysta\u0107 z nich oraz jakie specjalno\u015bci mo\u017cna uzyska\u0107.<\/p>\n\n\n\n<p>Die Anmeldung bei N1 Casino erfordert nur ein paar schnelle Schritte. Gehen Sie zun\u00e4chst auf die Casino-Website und klicken Sie auf die Schaltfl\u00e4che &#8222;Anmelden&#8220; auf der Homepage. Danach werden Sie aufgefordert, einige pers\u00f6nliche Informationen wie Ihre E-Mail-Adresse, Ihr Passwort und Ihr Geburtsdatum einzugeben. Nachdem Ihr Konto erfolgreich erstellt wurde, k\u00f6nnen Sie sofort mit echtem Geld spielen.<\/p>\n\n\n\n<h2 class=\"wp-block-heading\">U\u017cyj aplikacji N1 Casino<\/h2>\n\n\n\n<p>Model N1 casino app dzia\u0142a zar\u00f3wno na urz\u0105dzeniach z systemem Android, jak i iOS. Aby z niej skorzysta\u0107, nale\u017cy wej\u015b\u0107 na stron\u0119 kasyna i pobra\u0107 aplikacj\u0119. Zainstaluj go i zaloguj si\u0119 za pomoc\u0105 aktualnych danych konta N1 Casino. Je\u015bli nie masz jeszcze konta, nie ma problemu! Mo\u017cna je stworzy\u0107 bezpo\u015brednio w aplikacji.<\/p>\n\n\n\n<h2 class=\"wp-block-heading\">Cechy aplikacji N1 casino<\/h2>\n\n\n\n<p>N1 Casino oferuje nie tylko ca\u0142odobow\u0105 obs\u0142ug\u0119 klienta i szeroki wyb\u00f3r walut, ale tak\u017ce \u015bwietne bonusy lojalno\u015bciowe dla oddanych graczy. Je\u015bli chcesz szybko wyp\u0142aci\u0107 swoje wygrane, to kasyno jest idealne dla Ciebie!<\/p>\n\n\n\n<h2 class=\"wp-block-heading\">Gry mobilne w aplikacji N1 casino<\/h2>\n\n\n\n<p>Kasyno zosta\u0142o za\u0142o\u017cone w 2018 roku z my\u015bl\u0105 o poprawie jako\u015bci hazardu i uczynieniu go bardziej uczciwym. Aby to zrobi\u0107, oferuj\u0105 tylko gry od licencjonowanych dostawc\u00f3w. Maj\u0105 te\u017c szybkie p\u0142atno\u015bci (1-5 minut), brak limit\u00f3w na wyp\u0142at\u0119 \u015brodk\u00f3w i akceptuj\u0105 wiele walut.<\/p>\n\n\n\n<p>Es gibt viele herausragende Merkmale des N1 casino App, aber eines der besten ist sicherlich die gro\u00dfe Auswahl an Spielen von ausschlie\u00dflich lizenzierten Anbietern. Die Tatsache, dass alle Spiele zertifiziert sind, garantiert jedem Spieler, dass sie fair und ehrlich sind. Au\u00dferdem k\u00f6nnen die Spieler von schnellen Auszahlungen in nur 1-5 Minuten profitieren, ohne Einschr\u00e4nkungen bei der Auszahlung von Geldern &#8211; perfekt f\u00fcr alle, die beim Spielen schnelles Geld verdienen wollen.<\/p>\n\n\n\n<p>Kolejn\u0105 \u015bwietn\u0105 cech\u0105 modelu N1 casino app jest to, \u017ce obs\u0142uguje on wiele walut. Oznacza to, \u017ce mo\u017cesz gra\u0107 w swojej w\u0142asnej walucie, niezale\u017cnie od tego, gdzie jeste\u015b na \u015bwiecie. Ponadto, aplikacja obs\u0142uguje wiele j\u0119zyk\u00f3w, dzi\u0119ki czemu mo\u017cna zrozumie\u0107 wszystkie funkcje i opcje dost\u0119pne dla Ciebie.<\/p>\n\n\n\n<p>Warum sollten Sie sich mit etwas anderem als der besten Casino-App zufrieden geben? N1 Casino ist top-bewertet und bietet eine gro\u00dfe Auswahl an Spielen von bekannten Anbietern, darunter NetEnt, Microgaming und Play&#8217;n GO. Sie k\u00f6nnen alle Ihre Lieblings-Slots und Tischspiele auch unterwegs genie\u00dfen. Mit schnellen Abhebungen und 24\/7-Kundensupport gibt es keinen Grund, woanders zu suchen!<\/p>\n\n\n\n<h2 class=\"wp-block-heading\">Mobilne bonusy i promocje<\/h2>\n\n\n\n<p>Je\u015bli jeste\u015b nowy w N1 Casino, to mo\u017cesz skorzysta\u0107 z bonusu powitalnego, aby ruszy\u0107 do przodu. W tej ofercie podwajamy Tw\u00f3j depozyt o 100%, co oznacza, \u017ce mo\u017cesz otrzyma\u0107 do 100\u20ac plus 100 darmowych spin\u00f3w. Pami\u0119taj jednak, \u017ce musisz obr\u00f3ci\u0107 kwot\u0105 bonusu 50 razy w ci\u0105gu 14 dni.<\/p>\n\n\n\n<p>Opr\u00f3cz regularnych promocji, takich jak Monday Reload Bonus, gracze VIP mog\u0105 ubiega\u0107 si\u0119 o ekskluzywne promocje i bonusy. Dzi\u0119ki Monday Reload Bonus, mo\u017cesz raz dziennie ubiega\u0107 si\u0119 o bonus 50%igen o warto\u015bci do 50\u20ac. Do wygrania s\u0105 r\u00f3wnie\u017c darmowe spiny, przy czym kwota bonusu musi zosta\u0107 obstawiona 40 razy. Jako gracz VIP masz r\u00f3wnie\u017c dost\u0119p do specjalnego opiekuna konta.<\/p>\n\n\n\n<h2 class=\"wp-block-heading\">Bankowo\u015b\u0107 mobilna w aplikacji kasyna<\/h2>\n\n\n\n<p>Kasyno zosta\u0142o za\u0142o\u017cone w 2018 roku, a jego celem jest poprawa jako\u015bci hazardu jako ca\u0142o\u015bci. Tw\u00f3rcy byli niezadowoleni z tego, jak skorumpowany staje si\u0119 hazard i chcieli przedstawi\u0107 platform\u0119, kt\u00f3ra zawiera tylko gry od licencjonowanych dostawc\u00f3w. N1 casino app obiecuje wyp\u0142aty w ci\u0105gu 1-5 minut, brak ogranicze\u0144 w wyp\u0142acaniu \u015brodk\u00f3w i akceptacj\u0119 wielu walut.<\/p>\n\n\n\n<p>Wenn Sie die beste Casino-App auf dem Markt wollen, dann brauchen Sie N1. In diesem Artikel werden wir Ihnen mehr Informationen dar\u00fcber geben, wie Sie sich registrieren und die App nutzen k\u00f6nnen und welche Vorteile Sie dadurch erhalten.<\/p>\n\n\n\n<h2 class=\"wp-block-heading\">Obs\u0142uga klienta<\/h2>\n\n\n\n<p>Cz\u0142onkowie obs\u0142ugi klienta w N1 Casino zawsze wychodz\u0105 poza ramy, aby pom\u00f3c Ci rozwi\u0105za\u0107 jak najszybciej ka\u017cdy problem, kt\u00f3ry mo\u017cesz mie\u0107. S\u0105 dost\u0119pni 24\/7 przez czat na \u017cywo lub e-mail i bardzo szybko odpowiadaj\u0105 na zapytania.<\/p>\n\n\n\n<h2 class=\"wp-block-heading\">Bezpiecze\u0144stwo i ochrona przy N1 casino app<\/h2>\n\n\n\n<p>Kasyno zadebiutowa\u0142o w 2018 roku, aby zaoferowa\u0107 graczom uczciwe i chronione wra\u017cenia z gry. Tw\u00f3rcy byli zaniepokojeni nieuczciwo\u015bci\u0105 wkradaj\u0105c\u0105 si\u0119 do hazardu i og\u00f3lnym spadkiem jako\u015bci w bran\u017cy, dlatego oferuj\u0105 gry tylko od licencjonowanych dostawc\u00f3w. Przetwarzanie p\u0142atno\u015bci zajmuje 1-5 minut i nie ma limit\u00f3w wyp\u0142at ani ogranicze\u0144 dotycz\u0105cych walut.<\/p>\n\n\n\n<p>W N1 Casino opracowali\u015bmy nasz\u0105 aplikacj\u0119 mobiln\u0105 z my\u015bl\u0105 o Tobie. Chcieli\u015bmy da\u0107 Ci jak najlepsze wra\u017cenia z gry, wi\u0119c upewnili\u015bmy si\u0119, \u017ce interfejs jest przyjazny dla u\u017cytkownika i \u0142atwy w nawigacji. Jest te\u017c mn\u00f3stwo funkcji i bonus\u00f3w do wykorzystania!<\/p>\n\n\n\n<p>Die N1 Casino-App ist perfekt f\u00fcr alle, die gerne unterwegs spielen. Sie ist nicht nur \u00e4u\u00dferst bequem, sondern Ihre pers\u00f6nlichen und finanziellen Daten sind auch durch modernste Sicherheitsma\u00dfnahmen gesch\u00fctzt. So k\u00f6nnen Sie sich auf das konzentrieren, was wichtig ist &#8211; das Gewinnen!<\/p>\n\n\n\n<h2 class=\"wp-block-heading\">Wniosek<\/h2>\n\n\n\n<p>Rozumiemy, \u017ce mo\u017cesz si\u0119 waha\u0107, czy wypr\u00f3bowa\u0107 now\u0105 aplikacj\u0119 kasynow\u0105. Zanim wi\u0119c pobierzesz N1 Casino, oto wszystko, co musisz o nim wiedzie\u0107. Dzi\u0119ki temu sam b\u0119dziesz m\u00f3g\u0142 zdecydowa\u0107, czy jest to dla Ciebie odpowiednie rozwi\u0105zanie.<\/p>\n\n\n\n<p>Cho\u0107 powsta\u0142a dopiero niedawno, w 2018 roku, N1 casino app jest ju\u017c dobrze znana. Sta\u0142 si\u0119 popularny, poniewa\u017c oferuje uczciwe i szczere do\u015bwiadczenie hazardowe, co jest niezwyk\u0142e w \u015bwiecie kasyn online. Tw\u00f3rcy byli zmotywowani do stworzenia tej platformy, poniewa\u017c widzieli, \u017ce inne kasyna staj\u0105 si\u0119 nieuczciwe i chcieli zaoferowa\u0107 uczciw\u0105 opcj\u0119 z grami od licencjonowanych dostawc\u00f3w. Dlatego mo\u017cesz by\u0107 pewien, \u017ce wszystkie oferowane gry s\u0105 uczciwe.<\/p>","protected":false},"excerpt":{"rendered":"<p>N1 Casino App Sie lieben Gl\u00fccksspiele, aber Sie hassen es, auf die Bearbeitung Ihres Geldes zu warten? Oder haben Sie es satt, immer nur einen bestimmten Betrag auf einmal abheben zu k\u00f6nnen? Dann ist die neue N1 casino App genau das Richtige f\u00fcr Sie! Wir bieten eine gro\u00dfe Auswahl an Spielen von lizenzierten Anbietern, schnelle &hellip;<\/p>\n<p class=\"read-more\"> <a class=\"\" href=\"https:\/\/n1casino.info\/pl\/app\/\"> <span class=\"screen-reader-text\">Aplikacja<\/span> Read More &raquo;<\/a><\/p>","protected":false},"author":1,"featured_media":0,"parent":0,"menu_order":0,"comment_status":"closed","ping_status":"closed","template":"","meta":{"site-sidebar-layout":"default","site-content-layout":"default","ast-global-header-display":"","ast-main-header-display":"","ast-hfb-above-header-display":"","ast-hfb-below-header-display":"","ast-hfb-mobile-header-display":"","site-post-title":"disabled","ast-breadcrumbs-content":"","ast-featured-img":"","footer-sml-layout":"","theme-transparent-header-meta":"","adv-header-id-meta":"","stick-header-meta":"","header-above-stick-meta":"","header-main-stick-meta":"","header-below-stick-meta":"","footnotes":""},"class_list":["post-63","page","type-page","status-publish","hentry"],"yoast_head":"<!-- This site is optimized with the Yoast SEO plugin v24.3 - https:\/\/yoast.com\/wordpress\/plugins\/seo\/ -->\n<title>N1 casino App | N1 casino mobile<\/title>\n<meta name=\"description\" content=\"N1 Casino App: Spielen Sie im N1 Casino von Ihrem Mobiltelefon aus. Die Grundfunktionen der App, die wichtigsten Merkmale. Unterschiede zwischen der App und der mobilen Version\" \/>\n<meta name=\"robots\" content=\"index, follow, max-snippet:-1, max-image-preview:large, max-video-preview:-1\" \/>\n<link rel=\"canonical\" href=\"https:\/\/n1casino.info\/pl\/app\/\" \/>\n<meta property=\"og:locale\" content=\"pl_PL\" \/>\n<meta property=\"og:type\" content=\"article\" \/>\n<meta property=\"og:title\" content=\"N1 casino App | N1 casino mobile\" \/>\n<meta property=\"og:description\" content=\"N1 Casino App: Spielen Sie im N1 Casino von Ihrem Mobiltelefon aus. Die Grundfunktionen der App, die wichtigsten Merkmale. Unterschiede zwischen der App und der mobilen Version\" \/>\n<meta property=\"og:url\" content=\"https:\/\/n1casino.info\/pl\/app\/\" \/>\n<meta property=\"og:site_name\" content=\"N1\" \/>\n<meta property=\"article:modified_time\" content=\"2022-12-08T17:06:21+00:00\" \/>\n<meta property=\"og:image\" content=\"https:\/\/n1casino.info\/wp-content\/uploads\/2022\/12\/n1casino-verification-bonus-banner-7-1784x360px.jpg\" \/>\n<meta name=\"twitter:card\" content=\"summary_large_image\" \/>\n<meta name=\"twitter:label1\" content=\"Szacowany czas czytania\" \/>\n\t<meta name=\"twitter:data1\" content=\"6 minut\" \/>\n<script type=\"application\/ld+json\" class=\"yoast-schema-graph\">{\"@context\":\"https:\/\/schema.org\",\"@graph\":[{\"@type\":\"WebPage\",\"@id\":\"https:\/\/n1casino.info\/app\/\",\"url\":\"https:\/\/n1casino.info\/app\/\",\"name\":\"N1 casino App | N1 casino mobile\",\"isPartOf\":{\"@id\":\"https:\/\/n1casino.info\/#website\"},\"primaryImageOfPage\":{\"@id\":\"https:\/\/n1casino.info\/app\/#primaryimage\"},\"image\":{\"@id\":\"https:\/\/n1casino.info\/app\/#primaryimage\"},\"thumbnailUrl\":\"https:\/\/n1casino.info\/wp-content\/uploads\/2022\/12\/n1casino-verification-bonus-banner-7-1784x360px.jpg\",\"datePublished\":\"2022-12-04T19:39:51+00:00\",\"dateModified\":\"2022-12-08T17:06:21+00:00\",\"description\":\"N1 Casino App: Spielen Sie im N1 Casino von Ihrem Mobiltelefon aus. Die Grundfunktionen der App, die wichtigsten Merkmale. Unterschiede zwischen der App und der mobilen Version\",\"breadcrumb\":{\"@id\":\"https:\/\/n1casino.info\/app\/#breadcrumb\"},\"inLanguage\":\"pl-PL\",\"potentialAction\":[{\"@type\":\"ReadAction\",\"target\":[\"https:\/\/n1casino.info\/app\/\"]}]},{\"@type\":\"ImageObject\",\"inLanguage\":\"pl-PL\",\"@id\":\"https:\/\/n1casino.info\/app\/#primaryimage\",\"url\":\"https:\/\/n1casino.info\/wp-content\/uploads\/2022\/12\/n1casino-verification-bonus-banner-7-1784x360px.jpg\",\"contentUrl\":\"https:\/\/n1casino.info\/wp-content\/uploads\/2022\/12\/n1casino-verification-bonus-banner-7-1784x360px.jpg\"},{\"@type\":\"BreadcrumbList\",\"@id\":\"https:\/\/n1casino.info\/app\/#breadcrumb\",\"itemListElement\":[{\"@type\":\"ListItem\",\"position\":1,\"name\":\"Home\",\"item\":\"https:\/\/n1casino.info\/\"},{\"@type\":\"ListItem\",\"position\":2,\"name\":\"App\"}]},{\"@type\":\"WebSite\",\"@id\":\"https:\/\/n1casino.info\/#website\",\"url\":\"https:\/\/n1casino.info\/\",\"name\":\"N1\",\"description\":\"\",\"publisher\":{\"@id\":\"https:\/\/n1casino.info\/#organization\"},\"potentialAction\":[{\"@type\":\"SearchAction\",\"target\":{\"@type\":\"EntryPoint\",\"urlTemplate\":\"https:\/\/n1casino.info\/?s={search_term_string}\"},\"query-input\":{\"@type\":\"PropertyValueSpecification\",\"valueRequired\":true,\"valueName\":\"search_term_string\"}}],\"inLanguage\":\"pl-PL\"},{\"@type\":\"Organization\",\"@id\":\"https:\/\/n1casino.info\/#organization\",\"name\":\"N1\",\"url\":\"https:\/\/n1casino.info\/\",\"logo\":{\"@type\":\"ImageObject\",\"inLanguage\":\"pl-PL\",\"@id\":\"https:\/\/n1casino.info\/#\/schema\/logo\/image\/\",\"url\":\"https:\/\/n1casino.info\/wp-content\/uploads\/2022\/12\/logo-horizontal-light.9f38f179.-2.png\",\"contentUrl\":\"https:\/\/n1casino.info\/wp-content\/uploads\/2022\/12\/logo-horizontal-light.9f38f179.-2.png\",\"width\":482,\"height\":111,\"caption\":\"N1\"},\"image\":{\"@id\":\"https:\/\/n1casino.info\/#\/schema\/logo\/image\/\"}}]}<\/script>\n<!-- \/ Yoast SEO plugin. -->","yoast_head_json":{"title":"N1 casino App | N1 casino mobile","description":"N1 Casino App: Spielen Sie im N1 Casino von Ihrem Mobiltelefon aus. Die Grundfunktionen der App, die wichtigsten Merkmale. Unterschiede zwischen der App und der mobilen Version","robots":{"index":"index","follow":"follow","max-snippet":"max-snippet:-1","max-image-preview":"max-image-preview:large","max-video-preview":"max-video-preview:-1"},"canonical":"https:\/\/n1casino.info\/pl\/app\/","og_locale":"pl_PL","og_type":"article","og_title":"N1 casino App | N1 casino mobile","og_description":"N1 Casino App: Spielen Sie im N1 Casino von Ihrem Mobiltelefon aus. Die Grundfunktionen der App, die wichtigsten Merkmale. Unterschiede zwischen der App und der mobilen Version","og_url":"https:\/\/n1casino.info\/pl\/app\/","og_site_name":"N1","article_modified_time":"2022-12-08T17:06:21+00:00","og_image":[{"url":"https:\/\/n1casino.info\/wp-content\/uploads\/2022\/12\/n1casino-verification-bonus-banner-7-1784x360px.jpg","type":"","width":"","height":""}],"twitter_card":"summary_large_image","twitter_misc":{"Szacowany czas czytania":"6 minut"},"schema":{"@context":"https:\/\/schema.org","@graph":[{"@type":"WebPage","@id":"https:\/\/n1casino.info\/app\/","url":"https:\/\/n1casino.info\/app\/","name":"N1 casino App | N1 casino mobile","isPartOf":{"@id":"https:\/\/n1casino.info\/#website"},"primaryImageOfPage":{"@id":"https:\/\/n1casino.info\/app\/#primaryimage"},"image":{"@id":"https:\/\/n1casino.info\/app\/#primaryimage"},"thumbnailUrl":"https:\/\/n1casino.info\/wp-content\/uploads\/2022\/12\/n1casino-verification-bonus-banner-7-1784x360px.jpg","datePublished":"2022-12-04T19:39:51+00:00","dateModified":"2022-12-08T17:06:21+00:00","description":"N1 Casino App: Spielen Sie im N1 Casino von Ihrem Mobiltelefon aus. Die Grundfunktionen der App, die wichtigsten Merkmale. Unterschiede zwischen der App und der mobilen Version","breadcrumb":{"@id":"https:\/\/n1casino.info\/app\/#breadcrumb"},"inLanguage":"pl-PL","potentialAction":[{"@type":"ReadAction","target":["https:\/\/n1casino.info\/app\/"]}]},{"@type":"ImageObject","inLanguage":"pl-PL","@id":"https:\/\/n1casino.info\/app\/#primaryimage","url":"https:\/\/n1casino.info\/wp-content\/uploads\/2022\/12\/n1casino-verification-bonus-banner-7-1784x360px.jpg","contentUrl":"https:\/\/n1casino.info\/wp-content\/uploads\/2022\/12\/n1casino-verification-bonus-banner-7-1784x360px.jpg"},{"@type":"BreadcrumbList","@id":"https:\/\/n1casino.info\/app\/#breadcrumb","itemListElement":[{"@type":"ListItem","position":1,"name":"Home","item":"https:\/\/n1casino.info\/"},{"@type":"ListItem","position":2,"name":"App"}]},{"@type":"WebSite","@id":"https:\/\/n1casino.info\/#website","url":"https:\/\/n1casino.info\/","name":"N1","description":"","publisher":{"@id":"https:\/\/n1casino.info\/#organization"},"potentialAction":[{"@type":"SearchAction","target":{"@type":"EntryPoint","urlTemplate":"https:\/\/n1casino.info\/?s={search_term_string}"},"query-input":{"@type":"PropertyValueSpecification","valueRequired":true,"valueName":"search_term_string"}}],"inLanguage":"pl-PL"},{"@type":"Organization","@id":"https:\/\/n1casino.info\/#organization","name":"N1","url":"https:\/\/n1casino.info\/","logo":{"@type":"ImageObject","inLanguage":"pl-PL","@id":"https:\/\/n1casino.info\/#\/schema\/logo\/image\/","url":"https:\/\/n1casino.info\/wp-content\/uploads\/2022\/12\/logo-horizontal-light.9f38f179.-2.png","contentUrl":"https:\/\/n1casino.info\/wp-content\/uploads\/2022\/12\/logo-horizontal-light.9f38f179.-2.png","width":482,"height":111,"caption":"N1"},"image":{"@id":"https:\/\/n1casino.info\/#\/schema\/logo\/image\/"}}]}},"_links":{"self":[{"href":"https:\/\/n1casino.info\/pl\/wp-json\/wp\/v2\/pages\/63","targetHints":{"allow":["GET"]}}],"collection":[{"href":"https:\/\/n1casino.info\/pl\/wp-json\/wp\/v2\/pages"}],"about":[{"href":"https:\/\/n1casino.info\/pl\/wp-json\/wp\/v2\/types\/page"}],"author":[{"embeddable":true,"href":"https:\/\/n1casino.info\/pl\/wp-json\/wp\/v2\/users\/1"}],"replies":[{"embeddable":true,"href":"https:\/\/n1casino.info\/pl\/wp-json\/wp\/v2\/comments?post=63"}],"version-history":[{"count":8,"href":"https:\/\/n1casino.info\/pl\/wp-json\/wp\/v2\/pages\/63\/revisions"}],"predecessor-version":[{"id":107,"href":"https:\/\/n1casino.info\/pl\/wp-json\/wp\/v2\/pages\/63\/revisions\/107"}],"wp:attachment":[{"href":"https:\/\/n1casino.info\/pl\/wp-json\/wp\/v2\/media?parent=63"}],"curies":[{"name":"wp","href":"https:\/\/api.w.org\/{rel}","templated":true}]}}