{"id":49,"date":"2022-12-04T19:24:39","date_gmt":"2022-12-04T19:24:39","guid":{"rendered":"https:\/\/n1casino.info\/?page_id=49"},"modified":"2022-12-08T17:07:39","modified_gmt":"2022-12-08T17:07:39","slug":"rewiew","status":"publish","type":"page","link":"https:\/\/n1casino.info\/pl\/rewiew\/","title":{"rendered":"Review"},"content":{"rendered":"<div class=\"wp-block-cover alignfull\"><span aria-hidden=\"true\" class=\"wp-block-cover__background has-background-dim\"><\/span><img loading=\"lazy\" decoding=\"async\" width=\"876\" height=\"360\" class=\"wp-block-cover__image-background wp-image-50\" alt=\"\" src=\"https:\/\/n1casino.info\/wp-content\/uploads\/2022\/12\/n1-new-bonuses-876x360px-3-1-optimized.jpg\" style=\"object-position:50% 50%\" data-object-fit=\"cover\" data-object-position=\"50% 50%\" srcset=\"https:\/\/n1casino.info\/wp-content\/uploads\/2022\/12\/n1-new-bonuses-876x360px-3-1-optimized.jpg 876w, https:\/\/n1casino.info\/wp-content\/uploads\/2022\/12\/n1-new-bonuses-876x360px-3-1-optimized-300x123.jpg 300w, https:\/\/n1casino.info\/wp-content\/uploads\/2022\/12\/n1-new-bonuses-876x360px-3-1-optimized-768x316.jpg 768w\" sizes=\"auto, (max-width: 876px) 100vw, 876px\" \/><div class=\"wp-block-cover__inner-container is-layout-flow wp-block-cover-is-layout-flow\">\n<div class=\"wp-block-buttons is-content-justification-center is-layout-flex wp-container-core-buttons-is-layout-a89b3969 wp-block-buttons-is-layout-flex\">\n<div class=\"wp-block-button has-custom-width wp-block-button__width-50 has-custom-font-size has-medium-font-size\"><a class=\"wp-block-button__link has-white-color has-text-color has-background wp-element-button\" href=\"\/link.html\" style=\"background-color:#ec3200\"><strong>Odtw\u00f3rz<\/strong><\/a><\/div>\n<\/div>\n<\/div><\/div>\n\n\n\n<h1 class=\"wp-block-heading\">Recenzja N1 casino<\/h1>\n\n\n\n<p>Kasyno jest now\u0105, bezpieczn\u0105 i licencjonowan\u0105 platform\u0105 hazardow\u0105 online za\u0142o\u017con\u0105 w 2018 roku. Za\u0142o\u017cyciele nie byli zadowoleni z obecnego stanu bran\u017cy hazardowej, kt\u00f3ra z dnia na dzie\u0144 stawa\u0142a si\u0119 coraz bardziej nieuczciwa. Postanowili stworzy\u0107 w\u0142asn\u0105 platform\u0119 z grami pochodz\u0105cymi tylko od licencjonowanych dostawc\u00f3w. P\u0142atno\u015bci s\u0105 szybkie, nie ma ogranicze\u0144 w wyp\u0142acaniu \u015brodk\u00f3w i akceptowany jest szeroki zakres walut. W tym artykule przyjrzymy si\u0119 bli\u017cej temu kasynu i przejrzymy r\u00f3\u017cne jego obszary.<\/p>\n\n\n\n\n\n<h2 class=\"wp-block-heading\">Do\u015bwiadczenie kasyna N1 dla dostawc\u00f3w gier i gier<\/h2>\n\n\n\n<p>Das Casino wurde 2018 mit dem Ziel gegr\u00fcndet, eine verl\u00e4ssliche und transparente Gl\u00fccksspielseite f\u00fcr Spieler zu sein. Die Personen, die das Unternehmen gegr\u00fcndet haben, waren nicht zufrieden damit, wie die Dinge derzeit in der Branche waren, also beschlossen sie, eine Plattform zu starten, die anders sein w\u00fcrde. Bei N1 Casino verwenden wir nur lizenzierte Spielanbieter, da die Zufriedenheit der Spieler unsere oberste Priorit\u00e4t ist &#8211; wir m\u00f6chten, dass Sie wissen, dass alle Spiele fair und zuf\u00e4llig sind. Au\u00dferdem werden Zahlungen bei uns immer schnell bearbeitet und es gibt keine Auszahlungslimits! Schlie\u00dflich bieten wir auch eine ganze Reihe von W\u00e4hrungsoptionen an, damit sich jeder auf unserer Plattform einbezogen f\u00fchlen kann. Dieses <a href=\"\/pl\/\">N1 casino<\/a> erfahrung wird die verschiedenen Aspekte des Casinos bewerten, um Ihnen bei der Entscheidung zu helfen, ob es das Richtige f\u00fcr Sie ist.<\/p>\n\n\n\n<h2 class=\"wp-block-heading\">N1 casino review w zakresie bonus\u00f3w i promocji<\/h2>\n\n\n\n<p>W Kasynie N1 nowi gracze maj\u0105 szans\u0119 otrzyma\u0107 pakiet powitalny o warto\u015bci do 100 euro oraz 100 darmowych spin\u00f3w. Minimalny depozyt wynosi tylko 20 euro, a wymagania dotycz\u0105ce zak\u0142ad\u00f3w dla pieni\u0119dzy bonusowych to 50x. Dla darmowych spin\u00f3w jest to 35x. Istnieje r\u00f3wnie\u017c 14-dniowy limit czasu dla wszystkich graczy, aby zapewni\u0107, \u017ce spe\u0142ni\u0105 wymagania dotycz\u0105ce zak\u0142ad\u00f3w w rozs\u0105dnym czasie.<\/p>\n\n\n\n<p>N1 Casino oferuje r\u00f3wnie\u017c sta\u0142y pakiet powitalny dla nowych graczy, a tak\u017ce poniedzia\u0142kowy Reload Bonus i \u015brodow\u0105 promocj\u0119 Free Play dla obecnych graczy. Najbardziej lojalni i gracze VIP mog\u0105 korzysta\u0107 z ekskluzywnych bonus\u00f3w i korzy\u015bci oferowanych przez program VIP N1 Casino.<\/p>\n\n\n\n<h2 class=\"wp-block-heading\">N1 casino reviews Dla bezpiecze\u0144stwa<\/h2>\n\n\n\n<p>Das Casino wurde 2018 mit dem Ziel gegr\u00fcndet, Spielern eine vertrauensw\u00fcrdige und gerechte Erfahrung zu bieten. Die Gr\u00fcnder waren nicht zufrieden mit dem Qualit\u00e4tsniveau in der Branche, die begonnen hatte, Integrit\u00e4t zu fehlen. Daher haben sie beschlossen, nur Spiele von lizenzierten Anbietern anzubieten. N1 casino erfahrungen for security gibt an, dass das Casino auch sein Versprechen von schnellen Auszahlungen einh\u00e4lt &#8211; Auszahlungen dauern nur 1-5 Minuten. Dar\u00fcber hinaus gibt es keine Beschr\u00e4nkungen bei der Auszahlung von Geldern und eine gro\u00dfe Auswahl an verf\u00fcgbaren W\u00e4hrungen zur Auswahl.<\/p>\n\n\n\n<p>W tym szczeg\u00f3\u0142owym artykule N1 casino review zobaczymy, czy jest to bezpieczne i uczciwe miejsce do gry online.<\/p>\n\n\n\n<h3 class=\"wp-block-heading\">Recenzja kasyna N1 Dla bankowo\u015bci<\/h3>\n\n\n\n<p>W N1 Casino wierzymy, \u017ce wszyscy gracze zas\u0142uguj\u0105 na uczciwe i sprawiedliwe do\u015bwiadczenie hazardowe. To kasyno zosta\u0142o uruchomione w 2018 roku z my\u015bl\u0105 o zapewnieniu w\u0142a\u015bnie tego. Nie jeste\u015bmy zadowoleni ze status quo, w kt\u00f3rym hazard staje si\u0119 nieuczciwy, a jako\u015b\u0107 gier spada. Dlatego oferujemy tylko gry od licencjonowanych dostawc\u00f3w, aby zapewni\u0107, \u017ce s\u0105 one uczciwe i daj\u0105 ka\u017cdemu mo\u017cliwo\u015b\u0107 wygrania du\u017cych pieni\u0119dzy.<\/p>\n\n\n\n<p>N1 Casino ist eine der besten Gl\u00fccksspielseiten, weil sie schnelle Auszahlungen anbieten; Sie werden nicht lange warten m\u00fcssen, um Ihre Gewinne in die H\u00e4nde zu bekommen. Es gibt auch keine Beschr\u00e4nkungen f\u00fcr die Abhebung von Geldern, so dass Sie, wenn Sie es gro\u00df schlagen, k\u00f6nnen Sie alle auf einmal auszahlen. Ein weiterer Pluspunkt von N1 casino erfahrung ist, dass das Casino eine gro\u00dfe Auswahl an W\u00e4hrungen anbietet, was es Spielern aus der ganzen Welt leicht macht, dort zu spielen.<\/p>\n\n\n\n<p>Je\u015bli szukasz kasyna online, kt\u00f3re oferuje fantastyczne do\u015bwiadczenie hazardowe z szybkimi wyp\u0142atami, to powiniene\u015b zdecydowanie sprawdzi\u0107 N1 Casino. Dzi\u0119ki bogatemu wyborowi gier, zdecydowanie powinien znale\u017a\u0107 si\u0119 na szczycie Twojej listy!<\/p>\n\n\n\n<h2 class=\"wp-block-heading\">Wniosek<\/h2>\n\n\n\n<p>Wenn Sie auf der Suche nach einer sicheren und seri\u00f6sen Gl\u00fccksspielseite sind, dann sind Sie im N1 Casino genau richtig. Dieses Casino bietet schnelle Auszahlungen ohne Auszahlungsbeschr\u00e4nkungen und verf\u00fcgt \u00fcber eine gro\u00dfe Auswahl an Spielen, aus denen Sie w\u00e4hlen k\u00f6nnen. Au\u00dferdem werden verschiedene W\u00e4hrungen unterst\u00fctzt &#8211; Sie k\u00f6nnen also in Ihrer eigenen W\u00e4hrung spielen!<\/p>\n\n\n\n<h2 class=\"wp-block-heading\">FAQ<\/h2>\n\n\n<style>#sp-ea-53 .spcollapsing { height: 0; overflow: hidden; transition-property: height;transition-duration: 300ms;}#sp-ea-53.sp-easy-accordion>.sp-ea-single {margin-bottom: 10px; border: 1px solid #e2e2e2; }#sp-ea-53.sp-easy-accordion>.sp-ea-single>.ea-header a {color: #444;}#sp-ea-53.sp-easy-accordion>.sp-ea-single>.sp-collapse>.ea-body {background: #fff; color: #444;}#sp-ea-53.sp-easy-accordion>.sp-ea-single {background: #eee;}#sp-ea-53.sp-easy-accordion>.sp-ea-single>.ea-header a .ea-expand-icon { float: left; color: #444;font-size: 16px;}<\/style><div id=\"sp_easy_accordion-1777325825\">\n<div id=\"sp-ea-53\" class=\"sp-ea-one sp-easy-accordion\" data-ea-active=\"ea-click\" data-ea-mode=\"vertical\" data-preloader=\"\" data-scroll-active-item=\"\" data-offset-to-scroll=\"0\">\n\n<!-- Start accordion card div. -->\n<div class=\"ea-card ea-expand sp-ea-single\">\n\t<!-- Start accordion header. -->\n\t<h3 class=\"ea-header\">\n\t\t<!-- Add anchor tag for header. -->\n\t\t<a class=\"collapsed\" id=\"ea-header-530\" role=\"button\" data-sptoggle=\"spcollapse\" data-sptarget=\"#collapse530\" aria-controls=\"collapse530\" href=\"#\" rel=\"nofollow\" aria-expanded=\"true\" tabindex=\"0\">\n\t\t<i aria-hidden=\"true\" role=\"presentation\" class=\"ea-expand-icon eap-icon-ea-expand-minus\"><\/i> Czy N1 Casino to renomowane i bezpieczne miejsce do gry online?\t\t<\/a> <!-- Close anchor tag for header. -->\n\t<\/h3>\t<!-- Close header tag. -->\n\t<!-- Start collapsible content div. -->\n\t<div class=\"sp-collapse spcollapse collapsed show\" id=\"collapse530\"  role=\"region\" aria-labelledby=\"ea-header-530\">  <!-- Content div. -->\n\t\t<div class=\"ea-body\">\n\t\t<p>N1 Casino jest nie tylko renomowane i bezpieczne, ale tak\u017ce licencjonowane przez Curacao Gambling Commission. Oznacza to, \u017ce mo\u017cesz by\u0107 pewien, \u017ce Twoje dane osobowe i finansowe s\u0105 zawsze chronione dzi\u0119ki szyfrowaniu SSL. Ponadto kasyno prowadzi surow\u0105 polityk\u0119 przeciwko praniu pieni\u0119dzy i oszustwom, wi\u0119c mo\u017cesz gra\u0107 ze spokojem.<\/p>\n\t\t<\/div> <!-- Close content div. -->\n\t<\/div> <!-- Close collapse div. -->\n<\/div> <!-- Close card div. -->\n<!-- Start accordion card div. -->\n<div class=\"ea-card  sp-ea-single\">\n\t<!-- Start accordion header. -->\n\t<h3 class=\"ea-header\">\n\t\t<!-- Add anchor tag for header. -->\n\t\t<a class=\"collapsed\" id=\"ea-header-531\" role=\"button\" data-sptoggle=\"spcollapse\" data-sptarget=\"#collapse531\" aria-controls=\"collapse531\" href=\"#\" rel=\"nofollow\" aria-expanded=\"false\" tabindex=\"0\">\n\t\t<i aria-hidden=\"true\" role=\"presentation\" class=\"ea-expand-icon eap-icon-ea-expand-plus\"><\/i> Jak szybkie s\u0105 wyp\u0142aty z kasyna N1?\t\t<\/a> <!-- Close anchor tag for header. -->\n\t<\/h3>\t<!-- Close header tag. -->\n\t<!-- Start collapsible content div. -->\n\t<div class=\"sp-collapse spcollapse\" id=\"collapse531\"  role=\"region\" aria-labelledby=\"ea-header-531\">  <!-- Content div. -->\n\t\t<div class=\"ea-body\">\n\t\t<p>N1 Casino stara si\u0119 przetwarza\u0107 wszystkie \u017c\u0105dania wyp\u0142aty w ci\u0105gu 1-5 minut, cho\u0107 ca\u0142kowity czas zale\u017cy od wybranej metody.<\/p>\n\t\t<\/div> <!-- Close content div. -->\n\t<\/div> <!-- Close collapse div. -->\n<\/div> <!-- Close card div. -->\n<!-- Start accordion card div. -->\n<div class=\"ea-card  sp-ea-single\">\n\t<!-- Start accordion header. -->\n\t<h3 class=\"ea-header\">\n\t\t<!-- Add anchor tag for header. -->\n\t\t<a class=\"collapsed\" id=\"ea-header-532\" role=\"button\" data-sptoggle=\"spcollapse\" data-sptarget=\"#collapse532\" aria-controls=\"collapse532\" href=\"#\" rel=\"nofollow\" aria-expanded=\"false\" tabindex=\"0\">\n\t\t<i aria-hidden=\"true\" role=\"presentation\" class=\"ea-expand-icon eap-icon-ea-expand-plus\"><\/i> Czy mog\u0119 korzysta\u0107 z N1 Casino w moim kraju?\t\t<\/a> <!-- Close anchor tag for header. -->\n\t<\/h3>\t<!-- Close header tag. -->\n\t<!-- Start collapsible content div. -->\n\t<div class=\"sp-collapse spcollapse\" id=\"collapse532\"  role=\"region\" aria-labelledby=\"ea-header-532\">  <!-- Content div. -->\n\t\t<div class=\"ea-body\">\n\t\t<p>N1 casino review dla zasad stwierdza, \u017ce chocia\u017c N1 Casino jest otwarte dla graczy z ca\u0142ego \u015bwiata, niekt\u00f3re ograniczenia regionalne maj\u0105 zastosowanie do graczy ze Stan\u00f3w Zjednoczonych.<\/p>\n\t\t<\/div> <!-- Close content div. -->\n\t<\/div> <!-- Close collapse div. -->\n<\/div> <!-- Close card div. -->\n<script type=\"application\/ld+json\">{\n    \"@context\": \"https:\\\/\\\/schema.org\",\n    \"@type\": \"FAQPage\",\n    \"mainEntity\": [\n        {\n            \"@type\": \"Question\",\n            \"name\": \"Ist N1 Casino ein seri\\u00f6ser und sicherer Ort, um online zu spielen?\",\n            \"acceptedAnswer\": {\n                \"@type\": \"Answer\",\n                \"text\": \"N1 Casino ist nicht nur seri\\u00f6s und sicher, sondern wird auch von der Curacao Gambling Commission lizenziert. Dies bedeutet, dass Sie sicher sein k\\u00f6nnen, dass Ihre pers\\u00f6nlichen und finanziellen Informationen jederzeit dank SSL-Verschl\\u00fcsselung gesch\\u00fctzt werden. Au\\u00dferdem hat das Casino eine strenge Politik gegen Geldw\\u00e4sche und Betrug, so dass Sie mit Seelenfrieden spielen k\\u00f6nnen.\"\n            }\n        },\n        {\n            \"@type\": \"Question\",\n            \"name\": \"Wie schnell sind N1 Casino Auszahlungen?\",\n            \"acceptedAnswer\": {\n                \"@type\": \"Answer\",\n                \"text\": \"N1 Casino ist bestrebt, alle Auszahlungsanfragen innerhalb von 1-5 Minuten zu bearbeiten, obwohl der gesamte Zeitrahmen von der von Ihnen gew\\u00e4hlten Methode abh\\u00e4ngt.\"\n            }\n        },\n        {\n            \"@type\": \"Question\",\n            \"name\": \"Kann ich N1 Casino in meinem Land nutzen?\",\n            \"acceptedAnswer\": {\n                \"@type\": \"Answer\",\n                \"text\": \"N1 casino erfahrung f\\u00fcr Regeln besagt, dass, obwohl N1 Casino f\\u00fcr Spieler aus der ganzen Welt zug\\u00e4nglich ist, einige regionale Einschr\\u00e4nkungen f\\u00fcr Spieler aus den Vereinigten Staaten gelten.\"\n            }\n        }\n    ]\n}<\/script><\/div>\n<\/div>","protected":false},"excerpt":{"rendered":"<p>N1 Casino erfahrung Das Casino ist eine neue, sichere und lizenzierte Online-Gl\u00fccksspielplattform, die im Jahr 2018 gegr\u00fcndet wurde. Die Gr\u00fcnder waren nicht zufrieden mit dem aktuellen Zustand der Gl\u00fccksspielindustrie, die von Tag zu Tag unehrlicher wurde. Sie beschlossen, ihre eigene Plattform mit Spielen von ausschlie\u00dflich lizenzierten Anbietern zu schaffen. Die Zahlungen sind schnell, es gibt &hellip;<\/p>\n<p class=\"read-more\"> <a class=\"\" href=\"https:\/\/n1casino.info\/pl\/rewiew\/\"> <span class=\"screen-reader-text\">Review<\/span> Read More &raquo;<\/a><\/p>","protected":false},"author":1,"featured_media":0,"parent":0,"menu_order":0,"comment_status":"closed","ping_status":"closed","template":"","meta":{"site-sidebar-layout":"default","site-content-layout":"default","ast-global-header-display":"","ast-main-header-display":"","ast-hfb-above-header-display":"","ast-hfb-below-header-display":"","ast-hfb-mobile-header-display":"","site-post-title":"disabled","ast-breadcrumbs-content":"","ast-featured-img":"","footer-sml-layout":"","theme-transparent-header-meta":"","adv-header-id-meta":"","stick-header-meta":"","header-above-stick-meta":"","header-main-stick-meta":"","header-below-stick-meta":"","footnotes":""},"class_list":["post-49","page","type-page","status-publish","hentry"],"yoast_head":"<!-- This site is optimized with the Yoast SEO plugin v24.3 - https:\/\/yoast.com\/wordpress\/plugins\/seo\/ -->\n<title>N1 casino erfahrung | N1 casino erfahrungen<\/title>\n<meta name=\"description\" content=\"N1 casino erfahrung: was Spieler \u00fcber N1 casino denken Was sind die St\u00e4rken und Schw\u00e4chen des Casinos, sollten Sie ihm vertrauen und mit dem Spielen um Geld beginnen?\" \/>\n<meta name=\"robots\" content=\"index, follow, max-snippet:-1, max-image-preview:large, max-video-preview:-1\" \/>\n<link rel=\"canonical\" href=\"https:\/\/n1casino.info\/pl\/rewiew\/\" \/>\n<meta property=\"og:locale\" content=\"pl_PL\" \/>\n<meta property=\"og:type\" content=\"article\" \/>\n<meta property=\"og:title\" content=\"N1 casino erfahrung | N1 casino erfahrungen\" \/>\n<meta property=\"og:description\" content=\"N1 casino erfahrung: was Spieler \u00fcber N1 casino denken Was sind die St\u00e4rken und Schw\u00e4chen des Casinos, sollten Sie ihm vertrauen und mit dem Spielen um Geld beginnen?\" \/>\n<meta property=\"og:url\" content=\"https:\/\/n1casino.info\/pl\/rewiew\/\" \/>\n<meta property=\"og:site_name\" content=\"N1\" \/>\n<meta property=\"article:modified_time\" content=\"2022-12-08T17:07:39+00:00\" \/>\n<meta property=\"og:image\" content=\"https:\/\/n1casino.info\/wp-content\/uploads\/2022\/12\/n1-new-bonuses-876x360px-3-1-optimized.jpg\" \/>\n<meta name=\"twitter:card\" content=\"summary_large_image\" \/>\n<meta name=\"twitter:label1\" content=\"Szacowany czas czytania\" \/>\n\t<meta name=\"twitter:data1\" content=\"4 minuty\" \/>\n<script type=\"application\/ld+json\" class=\"yoast-schema-graph\">{\"@context\":\"https:\/\/schema.org\",\"@graph\":[{\"@type\":\"WebPage\",\"@id\":\"https:\/\/n1casino.info\/rewiew\/\",\"url\":\"https:\/\/n1casino.info\/rewiew\/\",\"name\":\"N1 casino erfahrung | N1 casino erfahrungen\",\"isPartOf\":{\"@id\":\"https:\/\/n1casino.info\/#website\"},\"primaryImageOfPage\":{\"@id\":\"https:\/\/n1casino.info\/rewiew\/#primaryimage\"},\"image\":{\"@id\":\"https:\/\/n1casino.info\/rewiew\/#primaryimage\"},\"thumbnailUrl\":\"https:\/\/n1casino.info\/wp-content\/uploads\/2022\/12\/n1-new-bonuses-876x360px-3-1-optimized.jpg\",\"datePublished\":\"2022-12-04T19:24:39+00:00\",\"dateModified\":\"2022-12-08T17:07:39+00:00\",\"description\":\"N1 casino erfahrung: was Spieler \u00fcber N1 casino denken Was sind die St\u00e4rken und Schw\u00e4chen des Casinos, sollten Sie ihm vertrauen und mit dem Spielen um Geld beginnen?\",\"breadcrumb\":{\"@id\":\"https:\/\/n1casino.info\/rewiew\/#breadcrumb\"},\"inLanguage\":\"pl-PL\",\"potentialAction\":[{\"@type\":\"ReadAction\",\"target\":[\"https:\/\/n1casino.info\/rewiew\/\"]}]},{\"@type\":\"ImageObject\",\"inLanguage\":\"pl-PL\",\"@id\":\"https:\/\/n1casino.info\/rewiew\/#primaryimage\",\"url\":\"https:\/\/n1casino.info\/wp-content\/uploads\/2022\/12\/n1-new-bonuses-876x360px-3-1-optimized.jpg\",\"contentUrl\":\"https:\/\/n1casino.info\/wp-content\/uploads\/2022\/12\/n1-new-bonuses-876x360px-3-1-optimized.jpg\"},{\"@type\":\"BreadcrumbList\",\"@id\":\"https:\/\/n1casino.info\/rewiew\/#breadcrumb\",\"itemListElement\":[{\"@type\":\"ListItem\",\"position\":1,\"name\":\"Home\",\"item\":\"https:\/\/n1casino.info\/\"},{\"@type\":\"ListItem\",\"position\":2,\"name\":\"Review\"}]},{\"@type\":\"WebSite\",\"@id\":\"https:\/\/n1casino.info\/#website\",\"url\":\"https:\/\/n1casino.info\/\",\"name\":\"N1\",\"description\":\"\",\"publisher\":{\"@id\":\"https:\/\/n1casino.info\/#organization\"},\"potentialAction\":[{\"@type\":\"SearchAction\",\"target\":{\"@type\":\"EntryPoint\",\"urlTemplate\":\"https:\/\/n1casino.info\/?s={search_term_string}\"},\"query-input\":{\"@type\":\"PropertyValueSpecification\",\"valueRequired\":true,\"valueName\":\"search_term_string\"}}],\"inLanguage\":\"pl-PL\"},{\"@type\":\"Organization\",\"@id\":\"https:\/\/n1casino.info\/#organization\",\"name\":\"N1\",\"url\":\"https:\/\/n1casino.info\/\",\"logo\":{\"@type\":\"ImageObject\",\"inLanguage\":\"pl-PL\",\"@id\":\"https:\/\/n1casino.info\/#\/schema\/logo\/image\/\",\"url\":\"https:\/\/n1casino.info\/wp-content\/uploads\/2022\/12\/logo-horizontal-light.9f38f179.-2.png\",\"contentUrl\":\"https:\/\/n1casino.info\/wp-content\/uploads\/2022\/12\/logo-horizontal-light.9f38f179.-2.png\",\"width\":482,\"height\":111,\"caption\":\"N1\"},\"image\":{\"@id\":\"https:\/\/n1casino.info\/#\/schema\/logo\/image\/\"}}]}<\/script>\n<!-- \/ Yoast SEO plugin. -->","yoast_head_json":{"title":"N1 casino erfahrung | N1 casino erfahrungen","description":"N1 casino erfahrung: was Spieler \u00fcber N1 casino denken Was sind die St\u00e4rken und Schw\u00e4chen des Casinos, sollten Sie ihm vertrauen und mit dem Spielen um Geld beginnen?","robots":{"index":"index","follow":"follow","max-snippet":"max-snippet:-1","max-image-preview":"max-image-preview:large","max-video-preview":"max-video-preview:-1"},"canonical":"https:\/\/n1casino.info\/pl\/rewiew\/","og_locale":"pl_PL","og_type":"article","og_title":"N1 casino erfahrung | N1 casino erfahrungen","og_description":"N1 casino erfahrung: was Spieler \u00fcber N1 casino denken Was sind die St\u00e4rken und Schw\u00e4chen des Casinos, sollten Sie ihm vertrauen und mit dem Spielen um Geld beginnen?","og_url":"https:\/\/n1casino.info\/pl\/rewiew\/","og_site_name":"N1","article_modified_time":"2022-12-08T17:07:39+00:00","og_image":[{"url":"https:\/\/n1casino.info\/wp-content\/uploads\/2022\/12\/n1-new-bonuses-876x360px-3-1-optimized.jpg","type":"","width":"","height":""}],"twitter_card":"summary_large_image","twitter_misc":{"Szacowany czas czytania":"4 minuty"},"schema":{"@context":"https:\/\/schema.org","@graph":[{"@type":"WebPage","@id":"https:\/\/n1casino.info\/rewiew\/","url":"https:\/\/n1casino.info\/rewiew\/","name":"N1 casino erfahrung | N1 casino erfahrungen","isPartOf":{"@id":"https:\/\/n1casino.info\/#website"},"primaryImageOfPage":{"@id":"https:\/\/n1casino.info\/rewiew\/#primaryimage"},"image":{"@id":"https:\/\/n1casino.info\/rewiew\/#primaryimage"},"thumbnailUrl":"https:\/\/n1casino.info\/wp-content\/uploads\/2022\/12\/n1-new-bonuses-876x360px-3-1-optimized.jpg","datePublished":"2022-12-04T19:24:39+00:00","dateModified":"2022-12-08T17:07:39+00:00","description":"N1 casino erfahrung: was Spieler \u00fcber N1 casino denken Was sind die St\u00e4rken und Schw\u00e4chen des Casinos, sollten Sie ihm vertrauen und mit dem Spielen um Geld beginnen?","breadcrumb":{"@id":"https:\/\/n1casino.info\/rewiew\/#breadcrumb"},"inLanguage":"pl-PL","potentialAction":[{"@type":"ReadAction","target":["https:\/\/n1casino.info\/rewiew\/"]}]},{"@type":"ImageObject","inLanguage":"pl-PL","@id":"https:\/\/n1casino.info\/rewiew\/#primaryimage","url":"https:\/\/n1casino.info\/wp-content\/uploads\/2022\/12\/n1-new-bonuses-876x360px-3-1-optimized.jpg","contentUrl":"https:\/\/n1casino.info\/wp-content\/uploads\/2022\/12\/n1-new-bonuses-876x360px-3-1-optimized.jpg"},{"@type":"BreadcrumbList","@id":"https:\/\/n1casino.info\/rewiew\/#breadcrumb","itemListElement":[{"@type":"ListItem","position":1,"name":"Home","item":"https:\/\/n1casino.info\/"},{"@type":"ListItem","position":2,"name":"Review"}]},{"@type":"WebSite","@id":"https:\/\/n1casino.info\/#website","url":"https:\/\/n1casino.info\/","name":"N1","description":"","publisher":{"@id":"https:\/\/n1casino.info\/#organization"},"potentialAction":[{"@type":"SearchAction","target":{"@type":"EntryPoint","urlTemplate":"https:\/\/n1casino.info\/?s={search_term_string}"},"query-input":{"@type":"PropertyValueSpecification","valueRequired":true,"valueName":"search_term_string"}}],"inLanguage":"pl-PL"},{"@type":"Organization","@id":"https:\/\/n1casino.info\/#organization","name":"N1","url":"https:\/\/n1casino.info\/","logo":{"@type":"ImageObject","inLanguage":"pl-PL","@id":"https:\/\/n1casino.info\/#\/schema\/logo\/image\/","url":"https:\/\/n1casino.info\/wp-content\/uploads\/2022\/12\/logo-horizontal-light.9f38f179.-2.png","contentUrl":"https:\/\/n1casino.info\/wp-content\/uploads\/2022\/12\/logo-horizontal-light.9f38f179.-2.png","width":482,"height":111,"caption":"N1"},"image":{"@id":"https:\/\/n1casino.info\/#\/schema\/logo\/image\/"}}]}},"_links":{"self":[{"href":"https:\/\/n1casino.info\/pl\/wp-json\/wp\/v2\/pages\/49","targetHints":{"allow":["GET"]}}],"collection":[{"href":"https:\/\/n1casino.info\/pl\/wp-json\/wp\/v2\/pages"}],"about":[{"href":"https:\/\/n1casino.info\/pl\/wp-json\/wp\/v2\/types\/page"}],"author":[{"embeddable":true,"href":"https:\/\/n1casino.info\/pl\/wp-json\/wp\/v2\/users\/1"}],"replies":[{"embeddable":true,"href":"https:\/\/n1casino.info\/pl\/wp-json\/wp\/v2\/comments?post=49"}],"version-history":[{"count":5,"href":"https:\/\/n1casino.info\/pl\/wp-json\/wp\/v2\/pages\/49\/revisions"}],"predecessor-version":[{"id":110,"href":"https:\/\/n1casino.info\/pl\/wp-json\/wp\/v2\/pages\/49\/revisions\/110"}],"wp:attachment":[{"href":"https:\/\/n1casino.info\/pl\/wp-json\/wp\/v2\/media?parent=49"}],"curies":[{"name":"wp","href":"https:\/\/api.w.org\/{rel}","templated":true}]}}