{"id":28,"date":"2022-12-04T15:59:08","date_gmt":"2022-12-04T15:59:08","guid":{"rendered":"https:\/\/n1casino.info\/?page_id=28"},"modified":"2023-04-11T09:42:54","modified_gmt":"2023-04-11T09:42:54","slug":"login","status":"publish","type":"page","link":"https:\/\/n1casino.info\/pl\/login\/","title":{"rendered":"Login"},"content":{"rendered":"<div class=\"wp-block-cover alignwide\" style=\"padding-top:var(--wp--preset--spacing--60);padding-right:var(--wp--preset--spacing--60);padding-bottom:var(--wp--preset--spacing--60);padding-left:var(--wp--preset--spacing--60)\"><span aria-hidden=\"true\" class=\"wp-block-cover__background has-background-dim\"><\/span><img loading=\"lazy\" decoding=\"async\" width=\"1920\" height=\"520\" class=\"wp-block-cover__image-background wp-image-29\" alt=\"n1 kasyno login\" src=\"https:\/\/n1casino.info\/wp-content\/uploads\/2022\/12\/n1-login.jpeg\" data-object-fit=\"cover\" srcset=\"https:\/\/n1casino.info\/wp-content\/uploads\/2022\/12\/n1-login.jpeg 1920w, https:\/\/n1casino.info\/wp-content\/uploads\/2022\/12\/n1-login-300x81.jpeg 300w, https:\/\/n1casino.info\/wp-content\/uploads\/2022\/12\/n1-login-1024x277.jpeg 1024w, https:\/\/n1casino.info\/wp-content\/uploads\/2022\/12\/n1-login-768x208.jpeg 768w, https:\/\/n1casino.info\/wp-content\/uploads\/2022\/12\/n1-login-1536x416.jpeg 1536w\" sizes=\"auto, (max-width: 1920px) 100vw, 1920px\" \/><div class=\"wp-block-cover__inner-container is-layout-flow wp-block-cover-is-layout-flow\">\n<div class=\"wp-block-buttons is-content-justification-center is-layout-flex wp-container-core-buttons-is-layout-a89b3969 wp-block-buttons-is-layout-flex\">\n<div class=\"wp-block-button has-custom-width wp-block-button__width-50 has-custom-font-size alignright is-style-fill has-medium-font-size\"><a class=\"wp-block-button__link has-ast-global-color-5-color has-text-color has-background wp-element-button\" href=\"\/link.html\" style=\"background-color:#ec3200\"><strong>Einloggen<\/strong><\/a><\/div>\n<\/div>\n<\/div><\/div>\n\n\n\n<h1 class=\"wp-block-heading\">N1 Casino Login<\/h1>\n\n\n\n<p>Das Casino ist eine neue Gl\u00fccksspielplattform, die seit ihrer Einf\u00fchrung im Jahr 2018 die Branche aufr\u00fcttelt. Die Macher waren nicht zufrieden mit der Tatsache, dass das Gl\u00fccksspiel unehrlich wurde und die Qualit\u00e4t der Branche sank, also beschlossen sie, ihre eigene Plattform mit Spielen nur von lizenzierten Anbietern zu schaffen. Zahlungen sind schnell, Abhebungen dauern nur 1-5 Minuten, und es gibt keine Einschr\u00e4nkungen f\u00fcr die Abhebung von Geldern. Dar\u00fcber hinaus gibt es eine gro\u00dfe Auswahl an W\u00e4hrungen. In diesem Artikel werden wir uns den <a href=\"\/pl\/\">N1 casino<\/a> login-Prozess ansehen und mehr \u00fcber einige der Probleme erfahren, die auftreten k\u00f6nnen.<\/p>\n\n\n\n\n\n<h2 class=\"wp-block-heading\">N1 casino login: Przegl\u0105d<\/h2>\n\n\n\n<p>Za\u0142o\u017cone w 2018 roku przez grup\u0119 zapalonych graczy kasyno zosta\u0142o uruchomione jako alternatywa dla rozczarowuj\u0105cego stanu bran\u017cy. Za\u0142o\u017cyciele chcieli oferowa\u0107 tylko gry od licencjonowanych dostawc\u00f3w, wi\u0119c zbudowali platform\u0119 z szybkimi wyp\u0142atami, bez limit\u00f3w wyp\u0142at i obs\u0142ug\u0105 wielu walut. Kolejnym priorytetem dla zespo\u0142u by\u0142o zapewnienie, \u017ce tylko doro\u015bli mog\u0105 gra\u0107 na ich stronie, poprzez rygorystyczny proces rejestracji, kt\u00f3ry zbiera dane osobowe.<\/p>\n\n\n\n<p>Mamy wieloj\u0119zyczne kasyno, aby ka\u017cdy m\u00f3g\u0142 cieszy\u0107 si\u0119 naszymi grami, niezale\u017cnie od ojczystego j\u0119zyka. Obs\u0142ugiwane s\u0105 j\u0119zyki: angielski, rosyjski, niemiecki, francuski, hiszpa\u0144ski, portugalski, fi\u0144ski, norweski i szwedzki.<\/p>\n\n\n\n<p>Der N1 casino login ist einfach zu befolgen, aber wenn Sie Probleme haben, sollten Sie einige Dinge beachten:<\/p>\n\n\n\n<p>Wenn Sie sich nicht mehr an Ihr Passwort erinnern k\u00f6nnen, klicken Sie auf den Link &#8222;Passwort vergessen&#8220; auf der Anmeldeseite. Dort k\u00f6nnen Sie Ihre E-Mail-Adresse eingeben, um einen Link zum Zur\u00fccksetzen zu erhalten. Wenn Sie andere Probleme mit N1 casino login in haben, wenden Sie sich bitte an den Kundendienst, um Hilfe zu erhalten.<\/p>\n\n\n\n<h2 class=\"wp-block-heading\">R\u00f3\u017cne sposoby na wykonanie N1 casino login<\/h2>\n\n\n\n<p>Am schnellsten k\u00f6nnen Sie sich auf der Seite N1 Kasino Anmeldung mit Ihrer E-Mail-Adresse und Ihrem Passwort anmelden. Rufen Sie dazu die Website auf und klicken Sie auf die Schaltfl\u00e4che &#8222;Anmelden&#8220;. Geben Sie dann Ihre E-Mail-Adresse in das erste Feld und Ihr Passwort in das zweite Feld ein. Nachdem Sie diese Schritte ausgef\u00fchrt haben, klicken Sie erneut auf die Schaltfl\u00e4che &#8222;Anmelden&#8220;.<\/p>\n\n\n\n<p>Wenn Sie Ihre E-Mail-Adresse und Ihr Passwort nicht verwenden m\u00f6chten oder sich nicht mehr daran erinnern k\u00f6nnen, gibt es andere M\u00f6glichkeiten f\u00fcr den N1 casino login-Prozess. Sie k\u00f6nnen versuchen, stattdessen ein Konto in den sozialen Medien zu nutzen oder die mit der Registrierung auf der Website verbundene Handynummer einzugeben.<\/p>\n\n\n\n<p>Wenn Sie sich mit Ihrer Handynummer anmelden m\u00f6chten, gehen Sie auf die N1 Casino-Website und klicken Sie auf die Schaltfl\u00e4che &#8222;Mit SMS anmelden&#8220;. Sobald Sie auf diese Schaltfl\u00e4che geklickt haben, geben Sie Ihre Handynummer in das daf\u00fcr vorgesehene Feld ein. Sie erhalten dann einen Anmeldecode per SMS, den Sie in das daf\u00fcr vorgesehene Feld eingeben m\u00fcssen. Klicken Sie anschlie\u00dfend erneut auf die Schaltfl\u00e4che &#8222;Anmelden&#8220;.<\/p>\n\n\n\n<p>Je\u015bli masz problemy z zalogowaniem si\u0119, skontaktuj si\u0119 z Biurem Obs\u0142ugi Klienta.<\/p>\n\n\n\n<h3 class=\"wp-block-heading\">Jak pracowa\u0107 N1 casino login z platformami spo\u0142eczno\u015bciowymi<\/h3>\n\n\n\n<p>Sie k\u00f6nnen soziale Plattformen f\u00fcr N1 casino login nutzen. Sie k\u00f6nnen sich zum Beispiel mit Ihrem Facebook-Konto anmelden. Um sich mit Ihrer sozialen Plattform anzumelden, klicken Sie einfach auf die Symbole der sozialen Medien in der oberen rechten Ecke der Homepage. Sobald Sie auf das Symbol Ihrer Wahl geklickt haben, erscheint ein Pop-up-Fenster, in dem Sie aufgefordert werden, Ihre Anmeldedaten f\u00fcr die sozialen Medien einzugeben. Nachdem Sie diesen Vorgang abgeschlossen haben, werden Sie zur Seite N1 casino login zur\u00fcckgeleitet, wo Sie die Registrierung abschlie\u00dfen k\u00f6nnen.<\/p>\n\n\n\n<p>Wenn Sie Probleme mit N1 casino login in \u00fcber Ihr Social-Media-Konto haben, wenden Sie sich bitte an den Kundensupport.<\/p>\n\n\n\n<h2 class=\"wp-block-heading\">FAQ<\/h2>\n\n\n<style>#sp-ea-30 .spcollapsing { height: 0; overflow: hidden; transition-property: height;transition-duration: 300ms;}#sp-ea-30.sp-easy-accordion>.sp-ea-single {margin-bottom: 10px; border: 1px solid #e2e2e2; }#sp-ea-30.sp-easy-accordion>.sp-ea-single>.ea-header a {color: #444;}#sp-ea-30.sp-easy-accordion>.sp-ea-single>.sp-collapse>.ea-body {background: #fff; color: #444;}#sp-ea-30.sp-easy-accordion>.sp-ea-single {background: #eee;}#sp-ea-30.sp-easy-accordion>.sp-ea-single>.ea-header a .ea-expand-icon { float: left; color: #444;font-size: 16px;}<\/style><div id=\"sp_easy_accordion-1776143599\">\n<div id=\"sp-ea-30\" class=\"sp-ea-one sp-easy-accordion\" data-ea-active=\"ea-click\" data-ea-mode=\"vertical\" data-preloader=\"\" data-scroll-active-item=\"\" data-offset-to-scroll=\"0\">\n\n<!-- Start accordion card div. -->\n<div class=\"ea-card ea-expand sp-ea-single\">\n\t<!-- Start accordion header. -->\n\t<h3 class=\"ea-header\">\n\t\t<!-- Add anchor tag for header. -->\n\t\t<a class=\"collapsed\" id=\"ea-header-300\" role=\"button\" data-sptoggle=\"spcollapse\" data-sptarget=\"#collapse300\" aria-controls=\"collapse300\" href=\"#\" rel=\"nofollow\" aria-expanded=\"true\" tabindex=\"0\">\n\t\t<i aria-hidden=\"true\" role=\"presentation\" class=\"ea-expand-icon eap-icon-ea-expand-minus\"><\/i> Jak mog\u0119 zleci\u0107 edycj\u0119 N1 casino login?\t\t<\/a> <!-- Close anchor tag for header. -->\n\t<\/h3>\t<!-- Close header tag. -->\n\t<!-- Start collapsible content div. -->\n\t<div class=\"sp-collapse spcollapse collapsed show\" id=\"collapse300\"  role=\"region\" aria-labelledby=\"ea-header-300\">  <!-- Content div. -->\n\t\t<div class=\"ea-body\">\n\t\t<p>Wprowad\u017a swoje dane logowania w odpowiednich polach na stronie N1 kasyno logowanie, aby uzyska\u0107 dost\u0119p do swojego konta. Je\u015bli masz jakiekolwiek problemy z wykonaniem tej czynno\u015bci, skontaktuj si\u0119 z Dzia\u0142em Obs\u0142ugi Klienta.<\/p>\n\t\t<\/div> <!-- Close content div. -->\n\t<\/div> <!-- Close collapse div. -->\n<\/div> <!-- Close card div. -->\n<!-- Start accordion card div. -->\n<div class=\"ea-card  sp-ea-single\">\n\t<!-- Start accordion header. -->\n\t<h3 class=\"ea-header\">\n\t\t<!-- Add anchor tag for header. -->\n\t\t<a class=\"collapsed\" id=\"ea-header-301\" role=\"button\" data-sptoggle=\"spcollapse\" data-sptarget=\"#collapse301\" aria-controls=\"collapse301\" href=\"#\" rel=\"nofollow\" aria-expanded=\"false\" tabindex=\"0\">\n\t\t<i aria-hidden=\"true\" role=\"presentation\" class=\"ea-expand-icon eap-icon-ea-expand-plus\"><\/i> Co powinienem zrobi\u0107, je\u015bli zapomnia\u0142em has\u0142a?\t\t<\/a> <!-- Close anchor tag for header. -->\n\t<\/h3>\t<!-- Close header tag. -->\n\t<!-- Start collapsible content div. -->\n\t<div class=\"sp-collapse spcollapse\" id=\"collapse301\"  role=\"region\" aria-labelledby=\"ea-header-301\">  <!-- Content div. -->\n\t\t<div class=\"ea-body\">\n\t\t<p>Aby zresetowa\u0107 swoje has\u0142o, je\u015bli je zapomnia\u0142e\u015b, kliknij na link \"Nie pami\u0119tam has\u0142a\" na stronie N1 casino login. Po wykonaniu kilku prostych instrukcji, mo\u017cesz uzyska\u0107 dost\u0119p do swojego konta i kontynuowa\u0107 gr\u0119 jak zwykle.<\/p>\n\t\t<\/div> <!-- Close content div. -->\n\t<\/div> <!-- Close collapse div. -->\n<\/div> <!-- Close card div. -->\n<!-- Start accordion card div. -->\n<div class=\"ea-card  sp-ea-single\">\n\t<!-- Start accordion header. -->\n\t<h3 class=\"ea-header\">\n\t\t<!-- Add anchor tag for header. -->\n\t\t<a class=\"collapsed\" id=\"ea-header-302\" role=\"button\" data-sptoggle=\"spcollapse\" data-sptarget=\"#collapse302\" aria-controls=\"collapse302\" href=\"#\" rel=\"nofollow\" aria-expanded=\"false\" tabindex=\"0\">\n\t\t<i aria-hidden=\"true\" role=\"presentation\" class=\"ea-expand-icon eap-icon-ea-expand-plus\"><\/i> Mam problemy z wpisaniem N1 casino login, co mam zrobi\u0107?\t\t<\/a> <!-- Close anchor tag for header. -->\n\t<\/h3>\t<!-- Close header tag. -->\n\t<!-- Start collapsible content div. -->\n\t<div class=\"sp-collapse spcollapse\" id=\"collapse302\"  role=\"region\" aria-labelledby=\"ea-header-302\">  <!-- Content div. -->\n\t\t<div class=\"ea-body\">\n\t\t<p>Je\u015bli masz problemy z zalogowaniem si\u0119, pierwsz\u0105 rzecz\u0105, kt\u00f3r\u0105 powiniene\u015b zrobi\u0107, jest upewnienie si\u0119, \u017ce u\u017cywasz prawid\u0142owej nazwy u\u017cytkownika i has\u0142a. Problem ten mo\u017ce wyst\u0105pi\u0107 z kilku powod\u00f3w:<\/p>\n<ul>\n<li>Nieprawid\u0142owe dane do logowania. Sprawd\u017a, czy Twoja nazwa u\u017cytkownika i has\u0142o s\u0105 poprawne, a nast\u0119pnie spr\u00f3buj ponownie.<\/li>\n<li>Prawdopodobnie zablokowali\u015bmy Twoje konto ze wzgl\u0119d\u00f3w bezpiecze\u0144stwa. Je\u015bli potrzebujesz pomocy, skontaktuj si\u0119 z obs\u0142ug\u0105 klienta.<\/li>\n<li>By\u0107 mo\u017ce pr\u00f3bujesz si\u0119 zarejestrowa\u0107 z kraju, w kt\u00f3rym N1 Casino nie jest dost\u0119pne. Obecnie operatorzy kasyn umo\u017cliwiaj\u0105 rejestracj\u0119 i gr\u0119 tylko z niekt\u00f3rych kraj\u00f3w. Prosz\u0119 sprawdzi\u0107 stron\u0119 internetow\u0105 kasyna, aby uzyska\u0107 wi\u0119cej informacji na temat tego, kt\u00f3re kraje s\u0105 uwzgl\u0119dnione.<\/li>\n<\/ul>\n<p>Je\u015bli nadal masz problemy z zalogowaniem si\u0119, zesp\u00f3\u0142 obs\u0142ugi klienta ch\u0119tnie Ci pomo\u017ce. Przeprowadz\u0105 Ci\u0119 przez ten proces i zapewni\u0105, \u017ce dost\u0119p zostanie przyznany, aby\u015b m\u00f3g\u0142 ponownie gra\u0107.<\/p>\n\t\t<\/div> <!-- Close content div. -->\n\t<\/div> <!-- Close collapse div. -->\n<\/div> <!-- Close card div. -->\n<script type=\"application\/ld+json\">{\n    \"@context\": \"https:\\\/\\\/schema.org\",\n    \"@type\": \"FAQPage\",\n    \"mainEntity\": [\n        {\n            \"@type\": \"Question\",\n            \"name\": \"Wie kann ich N1 casino login bearbeiten lassen?\",\n            \"acceptedAnswer\": {\n                \"@type\": \"Answer\",\n                \"text\": \"Geben Sie Ihre Anmeldedaten in die entsprechenden Felder auf der Seite N1 casino login ein, um auf Ihr Konto zuzugreifen. Wenn Sie dabei Probleme haben, wenden Sie sich bitte an den Kundendienst.\"\n            }\n        },\n        {\n            \"@type\": \"Question\",\n            \"name\": \"Was soll ich tun, wenn ich mein Passwort vergessen habe?\",\n            \"acceptedAnswer\": {\n                \"@type\": \"Answer\",\n                \"text\": \"Um Ihr Passwort zur\\u00fcckzusetzen, wenn Sie es vergessen haben, klicken Sie auf den Link 'Passwort vergessen' auf der Seite N1 casino login. Nachdem Sie einige einfache Anweisungen befolgt haben, k\\u00f6nnen Sie auf Ihr Konto zugreifen und wie gewohnt weiterspielen.\"\n            }\n        },\n        {\n            \"@type\": \"Question\",\n            \"name\": \"Ich habe Probleme bei der Eingabe von N1 casino login, was soll ich tun?\",\n            \"acceptedAnswer\": {\n                \"@type\": \"Answer\",\n                \"text\": \"Wenn Sie Schwierigkeiten haben, sich einzuloggen, sollten Sie in erster Linie sicherstellen, dass Sie den richtigen Benutzernamen und das richtige Passwort verwenden. Dieses Problem kann aus mehreren Gr\\u00fcnden auftreten:<ul><li>Falsche Anmeldedaten. Bitte \\u00fcberpr\\u00fcfen Sie, ob Ihr Benutzername und Ihr Passwort korrekt sind, und versuchen Sie es dann erneut.<\\\/li><li>Wahrscheinlich haben wir Ihr Konto aus Sicherheitsgr\\u00fcnden gesperrt. Wenn Sie Hilfe ben\\u00f6tigen, wenden Sie sich bitte an den Kundensupport.<\\\/li><li>M\\u00f6glicherweise versuchen Sie, sich aus einem Land anzumelden, in dem N1 Casino nicht verf\\u00fcgbar ist. Die Casino-Betreiber erlauben derzeit nur die Registrierung und das Spielen aus bestimmten L\\u00e4ndern. Bitte schauen Sie auf der Website des Casinos nach, um mehr Informationen dar\\u00fcber zu erhalten, welche L\\u00e4nder dazu geh\\u00f6ren.<\\\/li><\\\/ul>Wenn Sie immer noch Probleme beim Einloggen haben, hilft Ihnen der Kundendienst gerne weiter. Er kann Sie durch den Prozess f\\u00fchren und sicherstellen, dass der Zugang gew\\u00e4hrt wird, damit Sie wieder spielen k\\u00f6nnen.\"\n            }\n        }\n    ]\n}<\/script><\/div>\n<\/div>","protected":false},"excerpt":{"rendered":"<p>N1 Casino Login Das Casino ist eine neue Gl\u00fccksspielplattform, die seit ihrer Einf\u00fchrung im Jahr 2018 die Branche aufr\u00fcttelt. Die Macher waren nicht zufrieden mit der Tatsache, dass das Gl\u00fccksspiel unehrlich wurde und die Qualit\u00e4t der Branche sank, also beschlossen sie, ihre eigene Plattform mit Spielen nur von lizenzierten Anbietern zu schaffen. Zahlungen sind schnell, &hellip;<\/p>\n<p class=\"read-more\"> <a class=\"\" href=\"https:\/\/n1casino.info\/pl\/login\/\"> <span class=\"screen-reader-text\">Login<\/span> Read More &raquo;<\/a><\/p>","protected":false},"author":1,"featured_media":0,"parent":0,"menu_order":0,"comment_status":"closed","ping_status":"closed","template":"","meta":{"site-sidebar-layout":"default","site-content-layout":"default","ast-global-header-display":"","ast-main-header-display":"","ast-hfb-above-header-display":"","ast-hfb-below-header-display":"","ast-hfb-mobile-header-display":"","site-post-title":"disabled","ast-breadcrumbs-content":"","ast-featured-img":"","footer-sml-layout":"","theme-transparent-header-meta":"","adv-header-id-meta":"","stick-header-meta":"","header-above-stick-meta":"","header-main-stick-meta":"","header-below-stick-meta":"","footnotes":""},"class_list":["post-28","page","type-page","status-publish","hentry"],"yoast_head":"<!-- This site is optimized with the Yoast SEO plugin v24.3 - https:\/\/yoast.com\/wordpress\/plugins\/seo\/ -->\n<title>N1 casino login | N1casino Anmeldung<\/title>\n<meta name=\"description\" content=\"N1 Casino Login: Wie man sich einloggt und welche Schwierigkeiten auftreten k\u00f6nnen. Was Sie tun m\u00fcssen, um wieder Zugang zu Ihrem Konto zu erhalten\" \/>\n<meta name=\"robots\" content=\"index, follow, max-snippet:-1, max-image-preview:large, max-video-preview:-1\" \/>\n<link rel=\"canonical\" href=\"https:\/\/n1casino.info\/pl\/login\/\" \/>\n<meta property=\"og:locale\" content=\"pl_PL\" \/>\n<meta property=\"og:type\" content=\"article\" \/>\n<meta property=\"og:title\" content=\"N1 casino login | N1casino Anmeldung\" \/>\n<meta property=\"og:description\" content=\"N1 Casino Login: Wie man sich einloggt und welche Schwierigkeiten auftreten k\u00f6nnen. Was Sie tun m\u00fcssen, um wieder Zugang zu Ihrem Konto zu erhalten\" \/>\n<meta property=\"og:url\" content=\"https:\/\/n1casino.info\/pl\/login\/\" \/>\n<meta property=\"og:site_name\" content=\"N1\" \/>\n<meta property=\"article:modified_time\" content=\"2023-04-11T09:42:54+00:00\" \/>\n<meta property=\"og:image\" content=\"https:\/\/n1casino.info\/wp-content\/uploads\/2022\/12\/n1-login.jpeg\" \/>\n<meta name=\"twitter:card\" content=\"summary_large_image\" \/>\n<meta name=\"twitter:label1\" content=\"Szacowany czas czytania\" \/>\n\t<meta name=\"twitter:data1\" content=\"3 minuty\" \/>\n<script type=\"application\/ld+json\" class=\"yoast-schema-graph\">{\"@context\":\"https:\/\/schema.org\",\"@graph\":[{\"@type\":\"WebPage\",\"@id\":\"https:\/\/n1casino.info\/login\/\",\"url\":\"https:\/\/n1casino.info\/login\/\",\"name\":\"N1 casino login | N1casino Anmeldung\",\"isPartOf\":{\"@id\":\"https:\/\/n1casino.info\/#website\"},\"primaryImageOfPage\":{\"@id\":\"https:\/\/n1casino.info\/login\/#primaryimage\"},\"image\":{\"@id\":\"https:\/\/n1casino.info\/login\/#primaryimage\"},\"thumbnailUrl\":\"https:\/\/n1casino.info\/wp-content\/uploads\/2022\/12\/n1-login.jpeg\",\"datePublished\":\"2022-12-04T15:59:08+00:00\",\"dateModified\":\"2023-04-11T09:42:54+00:00\",\"description\":\"N1 Casino Login: Wie man sich einloggt und welche Schwierigkeiten auftreten k\u00f6nnen. Was Sie tun m\u00fcssen, um wieder Zugang zu Ihrem Konto zu erhalten\",\"breadcrumb\":{\"@id\":\"https:\/\/n1casino.info\/login\/#breadcrumb\"},\"inLanguage\":\"pl-PL\",\"potentialAction\":[{\"@type\":\"ReadAction\",\"target\":[\"https:\/\/n1casino.info\/login\/\"]}]},{\"@type\":\"ImageObject\",\"inLanguage\":\"pl-PL\",\"@id\":\"https:\/\/n1casino.info\/login\/#primaryimage\",\"url\":\"https:\/\/n1casino.info\/wp-content\/uploads\/2022\/12\/n1-login.jpeg\",\"contentUrl\":\"https:\/\/n1casino.info\/wp-content\/uploads\/2022\/12\/n1-login.jpeg\"},{\"@type\":\"BreadcrumbList\",\"@id\":\"https:\/\/n1casino.info\/login\/#breadcrumb\",\"itemListElement\":[{\"@type\":\"ListItem\",\"position\":1,\"name\":\"Home\",\"item\":\"https:\/\/n1casino.info\/\"},{\"@type\":\"ListItem\",\"position\":2,\"name\":\"Login\"}]},{\"@type\":\"WebSite\",\"@id\":\"https:\/\/n1casino.info\/#website\",\"url\":\"https:\/\/n1casino.info\/\",\"name\":\"N1\",\"description\":\"\",\"publisher\":{\"@id\":\"https:\/\/n1casino.info\/#organization\"},\"potentialAction\":[{\"@type\":\"SearchAction\",\"target\":{\"@type\":\"EntryPoint\",\"urlTemplate\":\"https:\/\/n1casino.info\/?s={search_term_string}\"},\"query-input\":{\"@type\":\"PropertyValueSpecification\",\"valueRequired\":true,\"valueName\":\"search_term_string\"}}],\"inLanguage\":\"pl-PL\"},{\"@type\":\"Organization\",\"@id\":\"https:\/\/n1casino.info\/#organization\",\"name\":\"N1\",\"url\":\"https:\/\/n1casino.info\/\",\"logo\":{\"@type\":\"ImageObject\",\"inLanguage\":\"pl-PL\",\"@id\":\"https:\/\/n1casino.info\/#\/schema\/logo\/image\/\",\"url\":\"https:\/\/n1casino.info\/wp-content\/uploads\/2022\/12\/logo-horizontal-light.9f38f179.-2.png\",\"contentUrl\":\"https:\/\/n1casino.info\/wp-content\/uploads\/2022\/12\/logo-horizontal-light.9f38f179.-2.png\",\"width\":482,\"height\":111,\"caption\":\"N1\"},\"image\":{\"@id\":\"https:\/\/n1casino.info\/#\/schema\/logo\/image\/\"}}]}<\/script>\n<!-- \/ Yoast SEO plugin. -->","yoast_head_json":{"title":"N1 casino login | N1casino Anmeldung","description":"N1 Casino Login: Wie man sich einloggt und welche Schwierigkeiten auftreten k\u00f6nnen. Was Sie tun m\u00fcssen, um wieder Zugang zu Ihrem Konto zu erhalten","robots":{"index":"index","follow":"follow","max-snippet":"max-snippet:-1","max-image-preview":"max-image-preview:large","max-video-preview":"max-video-preview:-1"},"canonical":"https:\/\/n1casino.info\/pl\/login\/","og_locale":"pl_PL","og_type":"article","og_title":"N1 casino login | N1casino Anmeldung","og_description":"N1 Casino Login: Wie man sich einloggt und welche Schwierigkeiten auftreten k\u00f6nnen. Was Sie tun m\u00fcssen, um wieder Zugang zu Ihrem Konto zu erhalten","og_url":"https:\/\/n1casino.info\/pl\/login\/","og_site_name":"N1","article_modified_time":"2023-04-11T09:42:54+00:00","og_image":[{"url":"https:\/\/n1casino.info\/wp-content\/uploads\/2022\/12\/n1-login.jpeg","type":"","width":"","height":""}],"twitter_card":"summary_large_image","twitter_misc":{"Szacowany czas czytania":"3 minuty"},"schema":{"@context":"https:\/\/schema.org","@graph":[{"@type":"WebPage","@id":"https:\/\/n1casino.info\/login\/","url":"https:\/\/n1casino.info\/login\/","name":"N1 casino login | N1casino Anmeldung","isPartOf":{"@id":"https:\/\/n1casino.info\/#website"},"primaryImageOfPage":{"@id":"https:\/\/n1casino.info\/login\/#primaryimage"},"image":{"@id":"https:\/\/n1casino.info\/login\/#primaryimage"},"thumbnailUrl":"https:\/\/n1casino.info\/wp-content\/uploads\/2022\/12\/n1-login.jpeg","datePublished":"2022-12-04T15:59:08+00:00","dateModified":"2023-04-11T09:42:54+00:00","description":"N1 Casino Login: Wie man sich einloggt und welche Schwierigkeiten auftreten k\u00f6nnen. Was Sie tun m\u00fcssen, um wieder Zugang zu Ihrem Konto zu erhalten","breadcrumb":{"@id":"https:\/\/n1casino.info\/login\/#breadcrumb"},"inLanguage":"pl-PL","potentialAction":[{"@type":"ReadAction","target":["https:\/\/n1casino.info\/login\/"]}]},{"@type":"ImageObject","inLanguage":"pl-PL","@id":"https:\/\/n1casino.info\/login\/#primaryimage","url":"https:\/\/n1casino.info\/wp-content\/uploads\/2022\/12\/n1-login.jpeg","contentUrl":"https:\/\/n1casino.info\/wp-content\/uploads\/2022\/12\/n1-login.jpeg"},{"@type":"BreadcrumbList","@id":"https:\/\/n1casino.info\/login\/#breadcrumb","itemListElement":[{"@type":"ListItem","position":1,"name":"Home","item":"https:\/\/n1casino.info\/"},{"@type":"ListItem","position":2,"name":"Login"}]},{"@type":"WebSite","@id":"https:\/\/n1casino.info\/#website","url":"https:\/\/n1casino.info\/","name":"N1","description":"","publisher":{"@id":"https:\/\/n1casino.info\/#organization"},"potentialAction":[{"@type":"SearchAction","target":{"@type":"EntryPoint","urlTemplate":"https:\/\/n1casino.info\/?s={search_term_string}"},"query-input":{"@type":"PropertyValueSpecification","valueRequired":true,"valueName":"search_term_string"}}],"inLanguage":"pl-PL"},{"@type":"Organization","@id":"https:\/\/n1casino.info\/#organization","name":"N1","url":"https:\/\/n1casino.info\/","logo":{"@type":"ImageObject","inLanguage":"pl-PL","@id":"https:\/\/n1casino.info\/#\/schema\/logo\/image\/","url":"https:\/\/n1casino.info\/wp-content\/uploads\/2022\/12\/logo-horizontal-light.9f38f179.-2.png","contentUrl":"https:\/\/n1casino.info\/wp-content\/uploads\/2022\/12\/logo-horizontal-light.9f38f179.-2.png","width":482,"height":111,"caption":"N1"},"image":{"@id":"https:\/\/n1casino.info\/#\/schema\/logo\/image\/"}}]}},"_links":{"self":[{"href":"https:\/\/n1casino.info\/pl\/wp-json\/wp\/v2\/pages\/28","targetHints":{"allow":["GET"]}}],"collection":[{"href":"https:\/\/n1casino.info\/pl\/wp-json\/wp\/v2\/pages"}],"about":[{"href":"https:\/\/n1casino.info\/pl\/wp-json\/wp\/v2\/types\/page"}],"author":[{"embeddable":true,"href":"https:\/\/n1casino.info\/pl\/wp-json\/wp\/v2\/users\/1"}],"replies":[{"embeddable":true,"href":"https:\/\/n1casino.info\/pl\/wp-json\/wp\/v2\/comments?post=28"}],"version-history":[{"count":16,"href":"https:\/\/n1casino.info\/pl\/wp-json\/wp\/v2\/pages\/28\/revisions"}],"predecessor-version":[{"id":118,"href":"https:\/\/n1casino.info\/pl\/wp-json\/wp\/v2\/pages\/28\/revisions\/118"}],"wp:attachment":[{"href":"https:\/\/n1casino.info\/pl\/wp-json\/wp\/v2\/media?parent=28"}],"curies":[{"name":"wp","href":"https:\/\/api.w.org\/{rel}","templated":true}]}}