{"id":63,"date":"2022-12-04T19:39:51","date_gmt":"2022-12-04T19:39:51","guid":{"rendered":"https:\/\/n1casino.info\/?page_id=63"},"modified":"2022-12-08T17:06:21","modified_gmt":"2022-12-08T17:06:21","slug":"app","status":"publish","type":"page","link":"https:\/\/n1casino.info\/fi\/app\/","title":{"rendered":"App"},"content":{"rendered":"<div class=\"wp-block-cover alignfull\"><span aria-hidden=\"true\" class=\"wp-block-cover__background has-background-dim\"><\/span><img loading=\"lazy\" decoding=\"async\" width=\"1784\" height=\"360\" class=\"wp-block-cover__image-background wp-image-64\" alt=\"sovellus\" src=\"https:\/\/n1casino.info\/wp-content\/uploads\/2022\/12\/n1casino-verification-bonus-banner-7-1784x360px.jpg\" style=\"object-position:98% 16%\" data-object-fit=\"cover\" data-object-position=\"98% 16%\" srcset=\"https:\/\/n1casino.info\/wp-content\/uploads\/2022\/12\/n1casino-verification-bonus-banner-7-1784x360px.jpg 1784w, https:\/\/n1casino.info\/wp-content\/uploads\/2022\/12\/n1casino-verification-bonus-banner-7-1784x360px-300x61.jpg 300w, https:\/\/n1casino.info\/wp-content\/uploads\/2022\/12\/n1casino-verification-bonus-banner-7-1784x360px-1024x207.jpg 1024w, https:\/\/n1casino.info\/wp-content\/uploads\/2022\/12\/n1casino-verification-bonus-banner-7-1784x360px-768x155.jpg 768w, https:\/\/n1casino.info\/wp-content\/uploads\/2022\/12\/n1casino-verification-bonus-banner-7-1784x360px-1536x310.jpg 1536w\" sizes=\"auto, (max-width: 1784px) 100vw, 1784px\" \/><div class=\"wp-block-cover__inner-container is-layout-flow wp-block-cover-is-layout-flow\">\n<div class=\"wp-block-buttons is-content-justification-center is-layout-flex wp-container-core-buttons-is-layout-a89b3969 wp-block-buttons-is-layout-flex\">\n<div class=\"wp-block-button has-custom-width wp-block-button__width-50 has-custom-font-size has-medium-font-size\"><a class=\"wp-block-button__link has-ast-global-color-5-color has-text-color has-background wp-element-button\" style=\"background-color:#ec3200\"><strong>Lataa<\/strong><\/a><\/div>\n<\/div>\n<\/div><\/div>\n\n\n\n<h1 class=\"wp-block-heading\">N1 Casino App<\/h1>\n\n\n\n<p>Rakastatko uhkapelaamista, mutta inhoat odottaa rahojesi k\u00e4sittely\u00e4? Vai oletko kyll\u00e4stynyt siihen, ett\u00e4 voit nostaa vain tietyn summan kerrallaan? Silloin uusi N1 casino app on juuri oikea sinulle! Tarjoamme laajan valikoiman pelej\u00e4 lisensoiduilta palveluntarjoajilta, nopeat ja helpot maksut eik\u00e4 rajoituksia sille, kuinka paljon voit kotiuttaa. Lis\u00e4ksi kasinosovelluksemme on saatavilla maailmanlaajuisesti ja tukee useita eri valuuttoja. Joten mit\u00e4 sin\u00e4 odotat? Rekister\u00f6idy nyt ja nauti parhaasta kasinokokemuksesta verkossa!<\/p>\n\n\n\n\n\n<h2 class=\"wp-block-heading\">N1 casino mobile<\/h2>\n\n\n\n<p>Sie m\u00fcssen nicht l\u00e4nger suchen, wenn Sie auf der Suche nach der besten Casino-App da drau\u00dfen sind. <a href=\"\/fi\/\">N1 Casino<\/a> wurde 2018 von einem Team von Gl\u00fccksspiel-Enthusiasten gegr\u00fcndet, da sie mit der Entwicklung des Gl\u00fccksspiels unzufrieden waren. Sie tr\u00e4umten davon, eine Plattform zu schaffen, die sowohl ehrlich als auch transparent sein w\u00fcrde, w\u00e4hrend sie nur Spiele von lizenzierten Anbietern haben.<\/p>\n\n\n\n<p>Kun pelaat N1-kasinolla, sinulle taataan nopeat maksut (1-5 minuutin v\u00e4lill\u00e4) ilman vaivaa tai rajoituksia rahan nostamisessa. Ja jos t\u00e4m\u00e4 ei viel\u00e4 riitt\u00e4isi, tarjolla on my\u00f6s runsaasti erilaisia valuuttoja.<\/p>\n\n\n\n<p>T\u00e4ss\u00e4 artikkelissa annamme sinulle kattavan katsauksen N1-kasinosta ja kaikesta siihen liittyv\u00e4st\u00e4. N\u00e4yt\u00e4mme sinulle, miten rekister\u00f6idyt, miten l\u00f6yd\u00e4t itsesi kasinolla ja mit\u00e4 ainutlaatuisia ominaisuuksia on tarjolla.<\/p>\n\n\n\n<h2 class=\"wp-block-heading\">N1 casino App ominaisuudet<\/h2>\n\n\n\n<p>N1 casino app tarjoaa pelaajille laajan valikoiman ominaisuuksia, joiden ansiosta pelaaminen tien p\u00e4\u00e4ll\u00e4 on k\u00e4tev\u00e4\u00e4 ja hauskaa. T\u00e4st\u00e4 artikkelista l\u00f6yd\u00e4t lis\u00e4tietoja kasinosovelluksista, kuten siit\u00e4, miten niit\u00e4 voi rekister\u00f6id\u00e4 ja k\u00e4ytt\u00e4\u00e4 ja mit\u00e4 erikoisuuksia voit saada.<\/p>\n\n\n\n<p>Die Anmeldung bei N1 Casino erfordert nur ein paar schnelle Schritte. Gehen Sie zun\u00e4chst auf die Casino-Website und klicken Sie auf die Schaltfl\u00e4che &#8222;Anmelden&#8220; auf der Homepage. Danach werden Sie aufgefordert, einige pers\u00f6nliche Informationen wie Ihre E-Mail-Adresse, Ihr Passwort und Ihr Geburtsdatum einzugeben. Nachdem Ihr Konto erfolgreich erstellt wurde, k\u00f6nnen Sie sofort mit echtem Geld spielen.<\/p>\n\n\n\n<h2 class=\"wp-block-heading\">K\u00e4yt\u00e4 N1 casino app<\/h2>\n\n\n\n<p>N1 casino app toimii sek\u00e4 Android- ett\u00e4 iOS-laitteissa. Voit k\u00e4ytt\u00e4\u00e4 sit\u00e4 menem\u00e4ll\u00e4 kasinon verkkosivustolle ja lataamalla sovelluksen. Asenna se ja kirjaudu sis\u00e4\u00e4n nykyisill\u00e4 N1 Casino -tilitiedoillasi. Jos sinulla ei ole viel\u00e4 tili\u00e4, ei h\u00e4t\u00e4\u00e4! Voit luoda sellaisen suoraan sovelluksessa.<\/p>\n\n\n\n<h2 class=\"wp-block-heading\">N1 casino App ominaisuudet<\/h2>\n\n\n\n<p>N1 Casino tarjoaa 24\/7 asiakaspalvelua ja laajan valikoiman valuuttoja, mutta my\u00f6s upeita uskollisuusbonuksia omistautuneille pelaajille. Jos haluat kotiuttaa voittosi nopeasti, t\u00e4m\u00e4 kasino on t\u00e4ydellinen sinulle!<\/p>\n\n\n\n<h2 class=\"wp-block-heading\">Mobiilipelit N1 casino App<\/h2>\n\n\n\n<p>Kasino perustettiin vuonna 2018 tavoitteenaan parantaa uhkapelaamisen laatua ja tehd\u00e4 siit\u00e4 rehellisemp\u00e4\u00e4. T\u00e4t\u00e4 varten ne tarjoavat vain lisensoitujen palveluntarjoajien pelej\u00e4. Niill\u00e4 on my\u00f6s nopeat maksut (1-5 minuuttia), ei rajoituksia varojen nostamiselle ja ne hyv\u00e4ksyv\u00e4t useita eri valuuttoja.<\/p>\n\n\n\n<p>Es gibt viele herausragende Merkmale des N1 casino App, aber eines der besten ist sicherlich die gro\u00dfe Auswahl an Spielen von ausschlie\u00dflich lizenzierten Anbietern. Die Tatsache, dass alle Spiele zertifiziert sind, garantiert jedem Spieler, dass sie fair und ehrlich sind. Au\u00dferdem k\u00f6nnen die Spieler von schnellen Auszahlungen in nur 1-5 Minuten profitieren, ohne Einschr\u00e4nkungen bei der Auszahlung von Geldern &#8211; perfekt f\u00fcr alle, die beim Spielen schnelles Geld verdienen wollen.<\/p>\n\n\n\n<p>Toinen N1 casino app:n hieno ominaisuus on, ett\u00e4 se tukee useita eri valuuttoja. T\u00e4m\u00e4 tarkoittaa sit\u00e4, ett\u00e4 voit pelata omassa valuutassasi riippumatta siit\u00e4, miss\u00e4 p\u00e4in maailmaa olet. Sovellus tukee my\u00f6s useita eri kieli\u00e4, jotta ymm\u00e4rr\u00e4t kaikki k\u00e4ytett\u00e4viss\u00e4si olevat ominaisuudet ja vaihtoehdot.<\/p>\n\n\n\n<p>Warum sollten Sie sich mit etwas anderem als der besten Casino-App zufrieden geben? N1 Casino ist top-bewertet und bietet eine gro\u00dfe Auswahl an Spielen von bekannten Anbietern, darunter NetEnt, Microgaming und Play&#8217;n GO. Sie k\u00f6nnen alle Ihre Lieblings-Slots und Tischspiele auch unterwegs genie\u00dfen. Mit schnellen Abhebungen und 24\/7-Kundensupport gibt es keinen Grund, woanders zu suchen!<\/p>\n\n\n\n<h2 class=\"wp-block-heading\">Mobiilibonukset ja kampanjat<\/h2>\n\n\n\n<p>Jos olet uusi N1-kasinolla, voit k\u00e4ytt\u00e4\u00e4 tervetuliaisbonusta p\u00e4\u00e4st\u00e4ksesi eteenp\u00e4in. T\u00e4m\u00e4n tarjouksen avulla kaksinkertaistamme talletuksesi 100%:ll\u00e4, mik\u00e4 tarkoittaa, ett\u00e4 voit saada jopa 100 euroa ja 100 ilmaiskierrosta. Huomaa kuitenkin, ett\u00e4 sinun on kierr\u00e4tett\u00e4v\u00e4 bonussumma 50 kertaa 14 p\u00e4iv\u00e4n kuluessa.<\/p>\n\n\n\n<p>S\u00e4\u00e4nn\u00f6llisten kampanjoiden, kuten maanantain uudelleenlatausbonuksen, lis\u00e4ksi VIP-pelaajat voivat saada eksklusiivisia kampanjoita ja bonuksia. Maanantain uudelleenlatausbonuksen avulla voit lunastaa 50%igen-bonuksen, joka on enint\u00e4\u00e4n 50 euroa kerran p\u00e4iv\u00e4ss\u00e4. Voit voittaa my\u00f6s ilmaiskierroksia, ja bonussumma on kierr\u00e4tett\u00e4v\u00e4 40 kertaa. VIP-pelaajana sinulla on my\u00f6s mahdollisuus k\u00e4ytt\u00e4\u00e4 erityist\u00e4 tilinhoitajaa.<\/p>\n\n\n\n<h2 class=\"wp-block-heading\">Mobiilipankkitoiminta kasinosovelluksessa<\/h2>\n\n\n\n<p>Kasino perustettiin vuonna 2018 tavoitteenaan parantaa rahapelaamista kokonaisuutena. Tekij\u00e4t olivat tyytym\u00e4tt\u00f6mi\u00e4 siihen, miten korruptoituneeksi uhkapelaaminen oli muuttumassa, ja he halusivat esitell\u00e4 alustan, joka sis\u00e4lt\u00e4\u00e4 vain lisensoitujen tarjoajien pelej\u00e4. N1 casino app lupaa maksuja 1-5 minuutissa, ei rajoituksia varojen nostamiselle ja useiden valuuttojen hyv\u00e4ksymist\u00e4.<\/p>\n\n\n\n<p>Wenn Sie die beste Casino-App auf dem Markt wollen, dann brauchen Sie N1. In diesem Artikel werden wir Ihnen mehr Informationen dar\u00fcber geben, wie Sie sich registrieren und die App nutzen k\u00f6nnen und welche Vorteile Sie dadurch erhalten.<\/p>\n\n\n\n<h2 class=\"wp-block-heading\">Asiakaspalvelu<\/h2>\n\n\n\n<p>N1 Casinon asiakastukij\u00e4senet tekev\u00e4t aina kaikkensa auttaakseen sinua ratkaisemaan mahdolliset ongelmasi mahdollisimman pian. He ovat k\u00e4ytett\u00e4viss\u00e4 24\/7 live-chatin tai s\u00e4hk\u00f6postin kautta, ja he vastaavat kyselyihin eritt\u00e4in nopeasti.<\/p>\n\n\n\n<h2 class=\"wp-block-heading\">Turvallisuus ja turvatoimet N1 casino app<\/h2>\n\n\n\n<p>Kasino debytoi vuonna 2018 tarjotakseen pelaajille rehellisen ja suojatun pelikokemuksen. Kehitt\u00e4j\u00e4t olivat huolissaan uhkapelien ep\u00e4rehellisyydest\u00e4 ja alan yleisest\u00e4 laadun heikkenemisest\u00e4, joten he tarjoavat pelej\u00e4 vain lisensoiduilta palveluntarjoajilta. Maksujen k\u00e4sittely kest\u00e4\u00e4 1-5 minuuttia, eik\u00e4 nostorajoja tai valuuttarajoituksia ole.<\/p>\n\n\n\n<p>N1 Casinolla kehitimme mobiilisovelluksemme sinua silm\u00e4ll\u00e4 pit\u00e4en. Halusimme tarjota sinulle parhaan mahdollisen pelikokemuksen, joten varmistimme, ett\u00e4 k\u00e4ytt\u00f6liittym\u00e4 on k\u00e4ytt\u00e4j\u00e4yst\u00e4v\u00e4llinen ja helppo navigoida. Tarjolla on my\u00f6s paljon ominaisuuksia ja bonuksia, joita voit hy\u00f6dynt\u00e4\u00e4!<\/p>\n\n\n\n<p>Die N1 Casino-App ist perfekt f\u00fcr alle, die gerne unterwegs spielen. Sie ist nicht nur \u00e4u\u00dferst bequem, sondern Ihre pers\u00f6nlichen und finanziellen Daten sind auch durch modernste Sicherheitsma\u00dfnahmen gesch\u00fctzt. So k\u00f6nnen Sie sich auf das konzentrieren, was wichtig ist &#8211; das Gewinnen!<\/p>\n\n\n\n<h2 class=\"wp-block-heading\">P\u00e4\u00e4telm\u00e4<\/h2>\n\n\n\n<p>Ymm\u00e4rr\u00e4mme, ett\u00e4 saatat ep\u00e4r\u00f6id\u00e4 kokeilla uutta kasinosovellusta. Ennen kuin lataat N1 Casinon, t\u00e4ss\u00e4 on kaikki, mit\u00e4 sinun on tiedett\u00e4v\u00e4 siit\u00e4. N\u00e4in voit itse p\u00e4\u00e4tt\u00e4\u00e4, sopiiko se sinulle.<\/p>\n\n\n\n<p>Vaikka N1 casino app perustettiin vasta hiljattain, vuonna 2018, se on jo tunnettu. Siit\u00e4 tuli suosittu, koska se tarjoaa reilun ja rehellisen pelikokemuksen, mik\u00e4 on ep\u00e4tavallista nettikasinomaailmassa. Luojat olivat motivoituneita luomaan t\u00e4m\u00e4n alustan, koska he n\u00e4kiv\u00e4t muiden kasinoiden muuttuvan ep\u00e4rehellisiksi, ja he halusivat tarjota reilun vaihtoehdon lisensoitujen tarjoajien peleill\u00e4. Voit siis olla varma, ett\u00e4 kaikki tarjotut pelit ovat reiluja.<\/p>","protected":false},"excerpt":{"rendered":"<p>N1 Casino App Sie lieben Gl\u00fccksspiele, aber Sie hassen es, auf die Bearbeitung Ihres Geldes zu warten? Oder haben Sie es satt, immer nur einen bestimmten Betrag auf einmal abheben zu k\u00f6nnen? Dann ist die neue N1 casino App genau das Richtige f\u00fcr Sie! Wir bieten eine gro\u00dfe Auswahl an Spielen von lizenzierten Anbietern, schnelle &hellip;<\/p>\n<p class=\"read-more\"> <a class=\"\" href=\"https:\/\/n1casino.info\/fi\/app\/\"> <span class=\"screen-reader-text\">App<\/span> Lue lis\u00e4\u00e4 &raquo;<\/a><\/p>","protected":false},"author":1,"featured_media":0,"parent":0,"menu_order":0,"comment_status":"closed","ping_status":"closed","template":"","meta":{"site-sidebar-layout":"default","site-content-layout":"default","ast-global-header-display":"","ast-main-header-display":"","ast-hfb-above-header-display":"","ast-hfb-below-header-display":"","ast-hfb-mobile-header-display":"","site-post-title":"disabled","ast-breadcrumbs-content":"","ast-featured-img":"","footer-sml-layout":"","theme-transparent-header-meta":"","adv-header-id-meta":"","stick-header-meta":"","header-above-stick-meta":"","header-main-stick-meta":"","header-below-stick-meta":"","footnotes":""},"class_list":["post-63","page","type-page","status-publish","hentry"],"yoast_head":"<!-- This site is optimized with the Yoast SEO plugin v24.3 - https:\/\/yoast.com\/wordpress\/plugins\/seo\/ -->\n<title>N1 casino App | N1 casino mobile<\/title>\n<meta name=\"description\" content=\"N1 Casino App: Spielen Sie im N1 Casino von Ihrem Mobiltelefon aus. Die Grundfunktionen der App, die wichtigsten Merkmale. Unterschiede zwischen der App und der mobilen Version\" \/>\n<meta name=\"robots\" content=\"index, follow, max-snippet:-1, max-image-preview:large, max-video-preview:-1\" \/>\n<link rel=\"canonical\" href=\"https:\/\/n1casino.info\/fi\/app\/\" \/>\n<meta property=\"og:locale\" content=\"fi_FI\" \/>\n<meta property=\"og:type\" content=\"article\" \/>\n<meta property=\"og:title\" content=\"N1 casino App | N1 casino mobile\" \/>\n<meta property=\"og:description\" content=\"N1 Casino App: Spielen Sie im N1 Casino von Ihrem Mobiltelefon aus. Die Grundfunktionen der App, die wichtigsten Merkmale. Unterschiede zwischen der App und der mobilen Version\" \/>\n<meta property=\"og:url\" content=\"https:\/\/n1casino.info\/fi\/app\/\" \/>\n<meta property=\"og:site_name\" content=\"N1\" \/>\n<meta property=\"article:modified_time\" content=\"2022-12-08T17:06:21+00:00\" \/>\n<meta property=\"og:image\" content=\"https:\/\/n1casino.info\/wp-content\/uploads\/2022\/12\/n1casino-verification-bonus-banner-7-1784x360px.jpg\" \/>\n<meta name=\"twitter:card\" content=\"summary_large_image\" \/>\n<meta name=\"twitter:label1\" content=\"Arvioitu lukuaika\" \/>\n\t<meta name=\"twitter:data1\" content=\"6 minuuttia\" \/>\n<script type=\"application\/ld+json\" class=\"yoast-schema-graph\">{\"@context\":\"https:\/\/schema.org\",\"@graph\":[{\"@type\":\"WebPage\",\"@id\":\"https:\/\/n1casino.info\/app\/\",\"url\":\"https:\/\/n1casino.info\/app\/\",\"name\":\"N1 casino App | N1 casino mobile\",\"isPartOf\":{\"@id\":\"https:\/\/n1casino.info\/#website\"},\"primaryImageOfPage\":{\"@id\":\"https:\/\/n1casino.info\/app\/#primaryimage\"},\"image\":{\"@id\":\"https:\/\/n1casino.info\/app\/#primaryimage\"},\"thumbnailUrl\":\"https:\/\/n1casino.info\/wp-content\/uploads\/2022\/12\/n1casino-verification-bonus-banner-7-1784x360px.jpg\",\"datePublished\":\"2022-12-04T19:39:51+00:00\",\"dateModified\":\"2022-12-08T17:06:21+00:00\",\"description\":\"N1 Casino App: Spielen Sie im N1 Casino von Ihrem Mobiltelefon aus. Die Grundfunktionen der App, die wichtigsten Merkmale. Unterschiede zwischen der App und der mobilen Version\",\"breadcrumb\":{\"@id\":\"https:\/\/n1casino.info\/app\/#breadcrumb\"},\"inLanguage\":\"fi\",\"potentialAction\":[{\"@type\":\"ReadAction\",\"target\":[\"https:\/\/n1casino.info\/app\/\"]}]},{\"@type\":\"ImageObject\",\"inLanguage\":\"fi\",\"@id\":\"https:\/\/n1casino.info\/app\/#primaryimage\",\"url\":\"https:\/\/n1casino.info\/wp-content\/uploads\/2022\/12\/n1casino-verification-bonus-banner-7-1784x360px.jpg\",\"contentUrl\":\"https:\/\/n1casino.info\/wp-content\/uploads\/2022\/12\/n1casino-verification-bonus-banner-7-1784x360px.jpg\"},{\"@type\":\"BreadcrumbList\",\"@id\":\"https:\/\/n1casino.info\/app\/#breadcrumb\",\"itemListElement\":[{\"@type\":\"ListItem\",\"position\":1,\"name\":\"Home\",\"item\":\"https:\/\/n1casino.info\/\"},{\"@type\":\"ListItem\",\"position\":2,\"name\":\"App\"}]},{\"@type\":\"WebSite\",\"@id\":\"https:\/\/n1casino.info\/#website\",\"url\":\"https:\/\/n1casino.info\/\",\"name\":\"N1\",\"description\":\"\",\"publisher\":{\"@id\":\"https:\/\/n1casino.info\/#organization\"},\"potentialAction\":[{\"@type\":\"SearchAction\",\"target\":{\"@type\":\"EntryPoint\",\"urlTemplate\":\"https:\/\/n1casino.info\/?s={search_term_string}\"},\"query-input\":{\"@type\":\"PropertyValueSpecification\",\"valueRequired\":true,\"valueName\":\"search_term_string\"}}],\"inLanguage\":\"fi\"},{\"@type\":\"Organization\",\"@id\":\"https:\/\/n1casino.info\/#organization\",\"name\":\"N1\",\"url\":\"https:\/\/n1casino.info\/\",\"logo\":{\"@type\":\"ImageObject\",\"inLanguage\":\"fi\",\"@id\":\"https:\/\/n1casino.info\/#\/schema\/logo\/image\/\",\"url\":\"https:\/\/n1casino.info\/wp-content\/uploads\/2022\/12\/logo-horizontal-light.9f38f179.-2.png\",\"contentUrl\":\"https:\/\/n1casino.info\/wp-content\/uploads\/2022\/12\/logo-horizontal-light.9f38f179.-2.png\",\"width\":482,\"height\":111,\"caption\":\"N1\"},\"image\":{\"@id\":\"https:\/\/n1casino.info\/#\/schema\/logo\/image\/\"}}]}<\/script>\n<!-- \/ Yoast SEO plugin. -->","yoast_head_json":{"title":"N1 casino App | N1 casino mobile","description":"N1 Casino App: Spielen Sie im N1 Casino von Ihrem Mobiltelefon aus. Die Grundfunktionen der App, die wichtigsten Merkmale. Unterschiede zwischen der App und der mobilen Version","robots":{"index":"index","follow":"follow","max-snippet":"max-snippet:-1","max-image-preview":"max-image-preview:large","max-video-preview":"max-video-preview:-1"},"canonical":"https:\/\/n1casino.info\/fi\/app\/","og_locale":"fi_FI","og_type":"article","og_title":"N1 casino App | N1 casino mobile","og_description":"N1 Casino App: Spielen Sie im N1 Casino von Ihrem Mobiltelefon aus. Die Grundfunktionen der App, die wichtigsten Merkmale. Unterschiede zwischen der App und der mobilen Version","og_url":"https:\/\/n1casino.info\/fi\/app\/","og_site_name":"N1","article_modified_time":"2022-12-08T17:06:21+00:00","og_image":[{"url":"https:\/\/n1casino.info\/wp-content\/uploads\/2022\/12\/n1casino-verification-bonus-banner-7-1784x360px.jpg","type":"","width":"","height":""}],"twitter_card":"summary_large_image","twitter_misc":{"Arvioitu lukuaika":"6 minuuttia"},"schema":{"@context":"https:\/\/schema.org","@graph":[{"@type":"WebPage","@id":"https:\/\/n1casino.info\/app\/","url":"https:\/\/n1casino.info\/app\/","name":"N1 casino App | N1 casino mobile","isPartOf":{"@id":"https:\/\/n1casino.info\/#website"},"primaryImageOfPage":{"@id":"https:\/\/n1casino.info\/app\/#primaryimage"},"image":{"@id":"https:\/\/n1casino.info\/app\/#primaryimage"},"thumbnailUrl":"https:\/\/n1casino.info\/wp-content\/uploads\/2022\/12\/n1casino-verification-bonus-banner-7-1784x360px.jpg","datePublished":"2022-12-04T19:39:51+00:00","dateModified":"2022-12-08T17:06:21+00:00","description":"N1 Casino App: Spielen Sie im N1 Casino von Ihrem Mobiltelefon aus. Die Grundfunktionen der App, die wichtigsten Merkmale. Unterschiede zwischen der App und der mobilen Version","breadcrumb":{"@id":"https:\/\/n1casino.info\/app\/#breadcrumb"},"inLanguage":"fi","potentialAction":[{"@type":"ReadAction","target":["https:\/\/n1casino.info\/app\/"]}]},{"@type":"ImageObject","inLanguage":"fi","@id":"https:\/\/n1casino.info\/app\/#primaryimage","url":"https:\/\/n1casino.info\/wp-content\/uploads\/2022\/12\/n1casino-verification-bonus-banner-7-1784x360px.jpg","contentUrl":"https:\/\/n1casino.info\/wp-content\/uploads\/2022\/12\/n1casino-verification-bonus-banner-7-1784x360px.jpg"},{"@type":"BreadcrumbList","@id":"https:\/\/n1casino.info\/app\/#breadcrumb","itemListElement":[{"@type":"ListItem","position":1,"name":"Home","item":"https:\/\/n1casino.info\/"},{"@type":"ListItem","position":2,"name":"App"}]},{"@type":"WebSite","@id":"https:\/\/n1casino.info\/#website","url":"https:\/\/n1casino.info\/","name":"N1","description":"","publisher":{"@id":"https:\/\/n1casino.info\/#organization"},"potentialAction":[{"@type":"SearchAction","target":{"@type":"EntryPoint","urlTemplate":"https:\/\/n1casino.info\/?s={search_term_string}"},"query-input":{"@type":"PropertyValueSpecification","valueRequired":true,"valueName":"search_term_string"}}],"inLanguage":"fi"},{"@type":"Organization","@id":"https:\/\/n1casino.info\/#organization","name":"N1","url":"https:\/\/n1casino.info\/","logo":{"@type":"ImageObject","inLanguage":"fi","@id":"https:\/\/n1casino.info\/#\/schema\/logo\/image\/","url":"https:\/\/n1casino.info\/wp-content\/uploads\/2022\/12\/logo-horizontal-light.9f38f179.-2.png","contentUrl":"https:\/\/n1casino.info\/wp-content\/uploads\/2022\/12\/logo-horizontal-light.9f38f179.-2.png","width":482,"height":111,"caption":"N1"},"image":{"@id":"https:\/\/n1casino.info\/#\/schema\/logo\/image\/"}}]}},"_links":{"self":[{"href":"https:\/\/n1casino.info\/fi\/wp-json\/wp\/v2\/pages\/63","targetHints":{"allow":["GET"]}}],"collection":[{"href":"https:\/\/n1casino.info\/fi\/wp-json\/wp\/v2\/pages"}],"about":[{"href":"https:\/\/n1casino.info\/fi\/wp-json\/wp\/v2\/types\/page"}],"author":[{"embeddable":true,"href":"https:\/\/n1casino.info\/fi\/wp-json\/wp\/v2\/users\/1"}],"replies":[{"embeddable":true,"href":"https:\/\/n1casino.info\/fi\/wp-json\/wp\/v2\/comments?post=63"}],"version-history":[{"count":8,"href":"https:\/\/n1casino.info\/fi\/wp-json\/wp\/v2\/pages\/63\/revisions"}],"predecessor-version":[{"id":107,"href":"https:\/\/n1casino.info\/fi\/wp-json\/wp\/v2\/pages\/63\/revisions\/107"}],"wp:attachment":[{"href":"https:\/\/n1casino.info\/fi\/wp-json\/wp\/v2\/media?parent=63"}],"curies":[{"name":"wp","href":"https:\/\/api.w.org\/{rel}","templated":true}]}}