{"id":56,"date":"2022-12-04T19:32:16","date_gmt":"2022-12-04T19:32:16","guid":{"rendered":"https:\/\/n1casino.info\/?page_id=56"},"modified":"2022-12-08T17:06:40","modified_gmt":"2022-12-08T17:06:40","slug":"bonus-code","status":"publish","type":"page","link":"https:\/\/n1casino.info\/fi\/bonus-code\/","title":{"rendered":"Bonuskoodi"},"content":{"rendered":"<div class=\"wp-block-cover alignfull\"><span aria-hidden=\"true\" class=\"wp-block-cover__background has-background-dim\"><\/span><img loading=\"lazy\" decoding=\"async\" width=\"1920\" height=\"520\" class=\"wp-block-cover__image-background wp-image-57\" alt=\"arvostelu\" src=\"https:\/\/n1casino.info\/wp-content\/uploads\/2022\/12\/n1casino-tournament-banner-sl-1920x520-1.jpg\" data-object-fit=\"cover\" srcset=\"https:\/\/n1casino.info\/wp-content\/uploads\/2022\/12\/n1casino-tournament-banner-sl-1920x520-1.jpg 1920w, https:\/\/n1casino.info\/wp-content\/uploads\/2022\/12\/n1casino-tournament-banner-sl-1920x520-1-300x81.jpg 300w, https:\/\/n1casino.info\/wp-content\/uploads\/2022\/12\/n1casino-tournament-banner-sl-1920x520-1-1024x277.jpg 1024w, https:\/\/n1casino.info\/wp-content\/uploads\/2022\/12\/n1casino-tournament-banner-sl-1920x520-1-768x208.jpg 768w, https:\/\/n1casino.info\/wp-content\/uploads\/2022\/12\/n1casino-tournament-banner-sl-1920x520-1-1536x416.jpg 1536w\" sizes=\"auto, (max-width: 1920px) 100vw, 1920px\" \/><div class=\"wp-block-cover__inner-container is-layout-flow wp-block-cover-is-layout-flow\">\n<div class=\"wp-block-buttons is-content-justification-center is-layout-flex wp-container-core-buttons-is-layout-a89b3969 wp-block-buttons-is-layout-flex\">\n<div class=\"wp-block-button has-custom-width wp-block-button__width-50 has-custom-font-size has-medium-font-size\"><a class=\"wp-block-button__link has-white-color has-text-color has-background wp-element-button\" href=\"\/link.html\" style=\"background-color:#ec3200\"><strong>Bonuskoodi<\/strong><\/a><\/div>\n<\/div>\n<\/div><\/div>\n\n\n\n<h1 class=\"wp-block-heading\">N1 Casino bonuskoodi<\/h1>\n\n\n\n<p>Nettikasinoita on nyky\u00e4\u00e4n kymmenitt\u00e4in. Kun vaihtoehtoja on niin paljon, mist\u00e4 tied\u00e4t, mik\u00e4 niist\u00e4 sopii sinulle? Ja kun olet l\u00f6yt\u00e4nyt oikean kasinon, miten voit varmistaa, ett\u00e4 saat kaiken irti kokemuksestasi? Yksi tapa maksimoida pelikokemuksesi on hy\u00f6dynt\u00e4\u00e4 tarjolla olevia kasinobonuksia. T\u00e4ss\u00e4 artikkelissa annamme sinulle yleiskatsauksen siit\u00e4, mit\u00e4 N1 casino promo code- ja kasinobonuksia on saatavilla ja miten voit lunastaa ne. Joten lue eteenp\u00e4in ja lue lis\u00e4\u00e4!<\/p>\n\n\n\n\n\n<h2 class=\"wp-block-heading\">Bonuskategoriat<\/h2>\n\n\n\n<p>Es gibt Einzahlungsbonusse und Bonusse ohne Einzahlung &#8211; die beiden Hauptkategorien von N1 casino bonus code. Einzahlungsboni erhalten Sie, wenn Sie Geld auf Ihr Casinokonto einzahlen, w\u00e4hrend Boni ohne Einzahlung normalerweise bei der Anmeldung oder zu einem sp\u00e4teren Zeitpunkt gew\u00e4hrt werden. Jede Art von Bonus hat gute und schlechte Seiten, die wir im Folgenden n\u00e4her erl\u00e4utern werden.<\/p>\n\n\n\n<h3 class=\"wp-block-heading\">Talletusbonukset<\/h3>\n\n\n\n<p>Yleisin kasinobonus on talletusbonus, jonka avulla p\u00e4\u00e4set pelaamaan ilmaiseksi. Siihen liittyy kuitenkin yleens\u00e4 tiettyj\u00e4 ehtoja. Sinun on esimerkiksi kierr\u00e4tett\u00e4v\u00e4 bonus tietty m\u00e4\u00e4r\u00e4 kertoja, ennen kuin se muuttuu nostettavaksi rahaksi.<\/p>\n\n\n\n<p>Der Hauptvorteil einer Einzahlung <a href=\"\/fi\/\">N1 casino<\/a> bonus code besteht darin, dass mehr Geld zum Spielen zur Verf\u00fcgung steht, was zu gr\u00f6\u00dferen Gewinnen f\u00fchren kann. Auch wenn die Umsatzbedingungen betr\u00e4chtlich sein k\u00f6nnen und es einige Zeit dauert, sie zu erf\u00fcllen, ist der Zugang zum Bonusgeld garantiert.<\/p>\n\n\n\n<h3 class=\"wp-block-heading\">Bonukset ilman talletusta<\/h3>\n\n\n\n<p>N1 casino promo code ja talletusbonukset ovat yh\u00e4 suositumpia, sill\u00e4 niiden avulla pelaajat voivat pelata ilman, ett\u00e4 heid\u00e4n tarvitsee k\u00e4ytt\u00e4\u00e4 omaa rahaa. N\u00e4m\u00e4 bonukset ovat yleens\u00e4 ilmaiskierroksia tai ilmaisia krediittej\u00e4, joita voi k\u00e4ytt\u00e4\u00e4 esimerkiksi kolikkopeleiss\u00e4, p\u00f6yt\u00e4peleiss\u00e4 ja videopokerissa.<\/p>\n\n\n\n<p>Talletusbonusten t\u00e4rkein etu on se, ett\u00e4 voit testata kasinoa panostamatta rahojasi. T\u00e4m\u00e4ntyyppiset bonukset ovat kuitenkin yleens\u00e4 pienempi\u00e4 kuin talletusbonukset, ja niiden k\u00e4ytt\u00f6ehdot ovat usein tiukemmat.<\/p>\n\n\n\n<h2 class=\"wp-block-heading\">Bonustyyppi<\/h2>\n\n\n\n<p>N1 Casino on nettikasino, joka tarjoaa nopeutettuja maksuja ja k\u00e4ytt\u00e4\u00e4 kahta erilaista bonusta: tervetuliaisbonusta ja reload-bonusta.<\/p>\n\n\n\n<h3 class=\"wp-block-heading\">Tervetuliaisbonus<\/h3>\n\n\n\n<p>Der Willkommensbonus entspricht 100 % Ihrer ersten Einzahlung, bis zu 500 $. Sie k\u00f6nnen sich f\u00fcr den Bonus qualifizieren, indem Sie den Promo-Code &#8222;FPWELCOME&#8220; bei Ihrer Einzahlung verwenden. Ihr Konto wird den Bonusbetrag erhalten, sobald Ihre Einzahlung bearbeitet worden ist.<\/p>\n\n\n\n<h3 class=\"wp-block-heading\">Reload-bonus<\/h3>\n\n\n\n<p>Mit dem Reload-Bonus erhalten Sie zus\u00e4tzliche 50 % auf Ihre zweite Einzahlung, bis zu 250 $. Um sich zu qualifizieren, geben Sie bei Ihrer Einzahlung den Promo-Code &#8222;FPRELOAD&#8220; ein. Die Bonusgelder werden Ihrem Konto sofort gutgeschrieben, nachdem wir Ihre Einzahlung bearbeitet haben.<\/p>\n\n\n\n<p>Sinun on kierr\u00e4tett\u00e4v\u00e4 bonussumma 30 kertaa ennen kuin voit nostaa bonusrahaa. Jos esimerkiksi talletat 100 $ ja saat 100 $ bonuksen, sinun on kierr\u00e4tett\u00e4v\u00e4 yhteens\u00e4 3 000 $ ennen kuin voit nostaa rahat.<\/p>\n\n\n\n<p>Tervetuliaisbonuksen ja uudelleenlatausbonuksen lis\u00e4ksi N1 Casino tarjoaa my\u00f6s useita muita kampanjoita ja bonuksia, kuten k\u00e4teispalautusbonuksia, ilmaiskierrosbonuksia ja paljon muuta. Tarkista aina lis\u00e4tietoja verkkosivujemme kampanjasivulta.<\/p>\n\n\n\n<h3 class=\"wp-block-heading\">Bonusehdot ja -ehdot<\/h3>\n\n\n\n<p>N1 casino bonus code und Boni sind immer an Bedingungen gekn\u00fcpft, die f\u00fcr sie gelten. Lesen Sie diese sorgf\u00e4ltig durch, bevor Sie einen Bonus beanspruchen, denn sie enthalten in der Regel wichtige Informationen, wie z. B. die Umsatzbedingungen und die zul\u00e4ssigen Spiele.<\/p>\n\n\n\n<p>Die Umsatzbedingungen sind der wichtigste Teil der N1 casino bonus code-Bonusbedingungen. Sie legen n\u00e4mlich fest, wie viel Sie setzen m\u00fcssen, bevor Sie sich Ihren Gewinn auszahlen lassen k\u00f6nnen. Wenn ein Online-Casino zum Beispiel eine 20-fache Wettanforderung hat, m\u00fcssen Sie den Bonusbetrag 20-mal setzen, bevor Sie Gewinne abheben k\u00f6nnen.<\/p>\n\n\n\n<p>Tarkista aina, mitk\u00e4 pelit ovat tukikelpoisia ja t\u00e4ytt\u00e4v\u00e4t kierr\u00e4tysvaatimukset, sill\u00e4 jotkin pelit voivat j\u00e4\u00e4d\u00e4 niiden ulkopuolelle. On hy\u00f6dyllist\u00e4 lukea kaikki ehdot ja edellytykset ennen N1 casino bonus code-hakemuksen j\u00e4tt\u00e4mist\u00e4.<\/p>\n\n\n\n<h2 class=\"wp-block-heading\">P\u00e4\u00e4telm\u00e4<\/h2>\n\n\n\n<p>N1 casino bonus code on hy\u00f6dyllinen kaikille, jotka haluavat kasvattaa saldoaan, mutta on t\u00e4rke\u00e4\u00e4, ett\u00e4 ymm\u00e4rr\u00e4t ehdot ja edellytykset ennen tarjouksen k\u00e4ytt\u00e4mist\u00e4. Pienell\u00e4 painettuun tekstiin tutustuminen auttaa sinua p\u00e4\u00e4ttelem\u00e4\u00e4n, mit\u00e4 voit odottaa bonusrahoiltasi ja miten ne kannattaa k\u00e4ytt\u00e4\u00e4.<\/p>\n\n\n\n<p>Dieser Artikel befasst sich mit den drei Hauptarten von N1 casino promo code &#8211; Einzahlung, keine Einzahlung und Bedingungen. Mit diesem neu erworbenen Wissen k\u00f6nnen Sie die Vorteile dieser Angebote Ihres Lieblings-Online-Casinos nutzen.<\/p>\n\n\n\n<h2 class=\"wp-block-heading\">FAQ<\/h2>\n\n\n<style>#sp-ea-59 .spcollapsing { height: 0; overflow: hidden; transition-property: height;transition-duration: 300ms;}#sp-ea-59.sp-easy-accordion>.sp-ea-single {margin-bottom: 10px; border: 1px solid #e2e2e2; }#sp-ea-59.sp-easy-accordion>.sp-ea-single>.ea-header a {color: #444;}#sp-ea-59.sp-easy-accordion>.sp-ea-single>.sp-collapse>.ea-body {background: #fff; color: #444;}#sp-ea-59.sp-easy-accordion>.sp-ea-single {background: #eee;}#sp-ea-59.sp-easy-accordion>.sp-ea-single>.ea-header a .ea-expand-icon { float: left; color: #444;font-size: 16px;}<\/style><div id=\"sp_easy_accordion-1778681773\">\n<div id=\"sp-ea-59\" class=\"sp-ea-one sp-easy-accordion\" data-ea-active=\"ea-click\" data-ea-mode=\"vertical\" data-preloader=\"\" data-scroll-active-item=\"\" data-offset-to-scroll=\"0\">\n\n<!-- Start accordion card div. -->\n<div class=\"ea-card ea-expand sp-ea-single\">\n\t<!-- Start accordion header. -->\n\t<h3 class=\"ea-header\">\n\t\t<!-- Add anchor tag for header. -->\n\t\t<a class=\"collapsed\" id=\"ea-header-590\" role=\"button\" data-sptoggle=\"spcollapse\" data-sptarget=\"#collapse590\" aria-controls=\"collapse590\" href=\"#\" rel=\"nofollow\" aria-expanded=\"true\" tabindex=\"0\">\n\t\t<i aria-hidden=\"true\" role=\"presentation\" class=\"ea-expand-icon eap-icon-ea-expand-minus\"><\/i> Miten saan N1-kasinobonuskoodin?\t\t<\/a> <!-- Close anchor tag for header. -->\n\t<\/h3>\t<!-- Close header tag. -->\n\t<!-- Start collapsible content div. -->\n\t<div class=\"sp-collapse spcollapse collapsed show\" id=\"collapse590\"  role=\"region\" aria-labelledby=\"ea-header-590\">  <!-- Content div. -->\n\t\t<div class=\"ea-body\">\n\t\t<p>N1 casino promo code on loistava tapa uusille asiakkaille aloittaa kasinolla. Saat koodin rekister\u00f6itym\u00e4ll\u00e4 uudelle tilille, ja saat koodin s\u00e4hk\u00f6postitse.<\/p>\n\t\t<\/div> <!-- Close content div. -->\n\t<\/div> <!-- Close collapse div. -->\n<\/div> <!-- Close card div. -->\n<!-- Start accordion card div. -->\n<div class=\"ea-card  sp-ea-single\">\n\t<!-- Start accordion header. -->\n\t<h3 class=\"ea-header\">\n\t\t<!-- Add anchor tag for header. -->\n\t\t<a class=\"collapsed\" id=\"ea-header-591\" role=\"button\" data-sptoggle=\"spcollapse\" data-sptarget=\"#collapse591\" aria-controls=\"collapse591\" href=\"#\" rel=\"nofollow\" aria-expanded=\"false\" tabindex=\"0\">\n\t\t<i aria-hidden=\"true\" role=\"presentation\" class=\"ea-expand-icon eap-icon-ea-expand-plus\"><\/i> Miten k\u00e4yt\u00e4n N1-kasinon tarjouskoodia?\t\t<\/a> <!-- Close anchor tag for header. -->\n\t<\/h3>\t<!-- Close header tag. -->\n\t<!-- Start collapsible content div. -->\n\t<div class=\"sp-collapse spcollapse\" id=\"collapse591\"  role=\"region\" aria-labelledby=\"ea-header-591\">  <!-- Content div. -->\n\t\t<div class=\"ea-body\">\n\t\t<p>Jos haluat hy\u00f6dynt\u00e4\u00e4 N1 casino bonus code, kirjoita se tarjouskoodikentt\u00e4\u00e4n, kun sit\u00e4 pyydet\u00e4\u00e4n kasinotalletusprosessin aikana. Bonus n\u00e4kyy tilill\u00e4si pian sen j\u00e4lkeen.<\/p>\n\t\t<\/div> <!-- Close content div. -->\n\t<\/div> <!-- Close collapse div. -->\n<\/div> <!-- Close card div. -->\n<!-- Start accordion card div. -->\n<div class=\"ea-card  sp-ea-single\">\n\t<!-- Start accordion header. -->\n\t<h3 class=\"ea-header\">\n\t\t<!-- Add anchor tag for header. -->\n\t\t<a class=\"collapsed\" id=\"ea-header-592\" role=\"button\" data-sptoggle=\"spcollapse\" data-sptarget=\"#collapse592\" aria-controls=\"collapse592\" href=\"#\" rel=\"nofollow\" aria-expanded=\"false\" tabindex=\"0\">\n\t\t<i aria-hidden=\"true\" role=\"presentation\" class=\"ea-expand-icon eap-icon-ea-expand-plus\"><\/i> Mit\u00e4 muita bonuksia ja kampanjoita on saatavilla N1 Casinolla?\t\t<\/a> <!-- Close anchor tag for header. -->\n\t<\/h3>\t<!-- Close header tag. -->\n\t<!-- Start collapsible content div. -->\n\t<div class=\"sp-collapse spcollapse\" id=\"collapse592\"  role=\"region\" aria-labelledby=\"ea-header-592\">  <!-- Content div. -->\n\t\t<div class=\"ea-body\">\n\t\t<p>Kasino ei tarjoa ainoastaan N1 casino bonus codes, vaan my\u00f6s tervetuliaisbonuksen. Saat ensitalletuksestasi 100 ilmaiskierrosta ja 100%:n bonuksen aina 100 \u20ac\/$:een asti. Toisesta ja kolmannesta talletuksestasi saat kummastakin reload-bonuksen - 50 % 200 \u20ac\/$ asti toisesta talletuksesta ja 75 % 300 \u20ac\/$ asti kolmannesta talletuksesta. Jos haluat mieluummin k\u00e4teispalautusta, saat 10 % aina 500 \u20ac\/$ asti.<\/p>\n\t\t<\/div> <!-- Close content div. -->\n\t<\/div> <!-- Close collapse div. -->\n<\/div> <!-- Close card div. -->\n<script type=\"application\/ld+json\">{\n    \"@context\": \"https:\\\/\\\/schema.org\",\n    \"@type\": \"FAQPage\",\n    \"mainEntity\": [\n        {\n            \"@type\": \"Question\",\n            \"name\": \"Wie bekomme ich die N1 casino bonus code?\",\n            \"acceptedAnswer\": {\n                \"@type\": \"Answer\",\n                \"text\": \"Die N1 casino promo code ist eine gro\\u00dfartige M\\u00f6glichkeit f\\u00fcr neue Kunden, um im Casino anzufangen. Um den Code zu erhalten, registrieren Sie sich einfach f\\u00fcr ein neues Konto und Sie werden eine E-Mail mit dem Code erhalten.\"\n            }\n        },\n        {\n            \"@type\": \"Question\",\n            \"name\": \"Wie verwende ich die N1 casino promo code?\",\n            \"acceptedAnswer\": {\n                \"@type\": \"Answer\",\n                \"text\": \"Um den Vorteil des N1 casino bonus code zu nutzen, geben Sie ihn in das Promo-Code-Feld ein, wenn Sie w\\u00e4hrend der Casino-Einzahlung dazu aufgefordert werden. Der Bonus wird kurz darauf auf Ihrem Konto erscheinen.\"\n            }\n        },\n        {\n            \"@type\": \"Question\",\n            \"name\": \"Welche anderen Boni und Promotionen gibt es bei N1 Casino?\",\n            \"acceptedAnswer\": {\n                \"@type\": \"Answer\",\n                \"text\": \"Das Casino bietet nicht nur die N1 casino bonus code an, sondern auch einen Willkommensbonus. F\\u00fcr Ihre erste Einzahlung erhalten Sie 100 Freispiele und einen passenden Bonus von 100% bis zu 100\\u20ac\\\/$. F\\u00fcr Ihre zweite und dritte Einzahlung erhalten Sie jeweils einen Reload-Bonus - 50 % bis zu 200 \\u20ac\\\/$ f\\u00fcr die zweite Einzahlung und 75 % bis zu 300 \\u20ac\\\/$ f\\u00fcr die dritte Einzahlung. Wenn Sie schlie\\u00dflich Cashback bevorzugen, erhalten Sie 10 % bis zu 500 \\u20ac\\\/$.\"\n            }\n        }\n    ]\n}<\/script><\/div>\n<\/div>","protected":false},"excerpt":{"rendered":"<p>N1 Casino bonus code Online-Casinos gibt es heutzutage wie Sand am Meer. Woher wissen Sie bei so vielen M\u00f6glichkeiten, welches das richtige f\u00fcr Sie ist? Und wenn Sie das richtige Casino gefunden haben, wie k\u00f6nnen Sie sicherstellen, dass Sie das Beste aus Ihrem Erlebnis herausholen? Eine M\u00f6glichkeit, Ihren Spielspa\u00df zu maximieren, besteht darin, die angebotenen &hellip;<\/p>\n<p class=\"read-more\"> <a class=\"\" href=\"https:\/\/n1casino.info\/fi\/bonus-code\/\"> <span class=\"screen-reader-text\">Bonuskoodi<\/span> Lue lis\u00e4\u00e4 &raquo;<\/a><\/p>","protected":false},"author":1,"featured_media":0,"parent":0,"menu_order":0,"comment_status":"closed","ping_status":"closed","template":"","meta":{"site-sidebar-layout":"default","site-content-layout":"default","ast-global-header-display":"","ast-main-header-display":"","ast-hfb-above-header-display":"","ast-hfb-below-header-display":"","ast-hfb-mobile-header-display":"","site-post-title":"disabled","ast-breadcrumbs-content":"","ast-featured-img":"","footer-sml-layout":"","theme-transparent-header-meta":"","adv-header-id-meta":"","stick-header-meta":"","header-above-stick-meta":"","header-main-stick-meta":"","header-below-stick-meta":"","footnotes":""},"class_list":["post-56","page","type-page","status-publish","hentry"],"yoast_head":"<!-- This site is optimized with the Yoast SEO plugin v24.3 - https:\/\/yoast.com\/wordpress\/plugins\/seo\/ -->\n<title>N1 casino bonus code | N1 casino promo code<\/title>\n<meta name=\"description\" content=\"N1-Casino-Bonuscode: Wof\u00fcr wird er verwendet und wie bekommt man ihn? Was sind die Bedingungen f\u00fcr den Einsatz des Bonus, wie kann man das gewonnene Geld abheben\" \/>\n<meta name=\"robots\" content=\"index, follow, max-snippet:-1, max-image-preview:large, max-video-preview:-1\" \/>\n<link rel=\"canonical\" href=\"https:\/\/n1casino.info\/fi\/bonus-code\/\" \/>\n<meta property=\"og:locale\" content=\"fi_FI\" \/>\n<meta property=\"og:type\" content=\"article\" \/>\n<meta property=\"og:title\" content=\"N1 casino bonus code | N1 casino promo code\" \/>\n<meta property=\"og:description\" content=\"N1-Casino-Bonuscode: Wof\u00fcr wird er verwendet und wie bekommt man ihn? Was sind die Bedingungen f\u00fcr den Einsatz des Bonus, wie kann man das gewonnene Geld abheben\" \/>\n<meta property=\"og:url\" content=\"https:\/\/n1casino.info\/fi\/bonus-code\/\" \/>\n<meta property=\"og:site_name\" content=\"N1\" \/>\n<meta property=\"article:modified_time\" content=\"2022-12-08T17:06:40+00:00\" \/>\n<meta property=\"og:image\" content=\"https:\/\/n1casino.info\/wp-content\/uploads\/2022\/12\/n1casino-tournament-banner-sl-1920x520-1.jpg\" \/>\n<meta name=\"twitter:card\" content=\"summary_large_image\" \/>\n<meta name=\"twitter:label1\" content=\"Arvioitu lukuaika\" \/>\n\t<meta name=\"twitter:data1\" content=\"4 minuuttia\" \/>\n<script type=\"application\/ld+json\" class=\"yoast-schema-graph\">{\"@context\":\"https:\/\/schema.org\",\"@graph\":[{\"@type\":\"WebPage\",\"@id\":\"https:\/\/n1casino.info\/bonus-code\/\",\"url\":\"https:\/\/n1casino.info\/bonus-code\/\",\"name\":\"N1 casino bonus code | N1 casino promo code\",\"isPartOf\":{\"@id\":\"https:\/\/n1casino.info\/#website\"},\"primaryImageOfPage\":{\"@id\":\"https:\/\/n1casino.info\/bonus-code\/#primaryimage\"},\"image\":{\"@id\":\"https:\/\/n1casino.info\/bonus-code\/#primaryimage\"},\"thumbnailUrl\":\"https:\/\/n1casino.info\/wp-content\/uploads\/2022\/12\/n1casino-tournament-banner-sl-1920x520-1.jpg\",\"datePublished\":\"2022-12-04T19:32:16+00:00\",\"dateModified\":\"2022-12-08T17:06:40+00:00\",\"description\":\"N1-Casino-Bonuscode: Wof\u00fcr wird er verwendet und wie bekommt man ihn? Was sind die Bedingungen f\u00fcr den Einsatz des Bonus, wie kann man das gewonnene Geld abheben\",\"breadcrumb\":{\"@id\":\"https:\/\/n1casino.info\/bonus-code\/#breadcrumb\"},\"inLanguage\":\"fi\",\"potentialAction\":[{\"@type\":\"ReadAction\",\"target\":[\"https:\/\/n1casino.info\/bonus-code\/\"]}]},{\"@type\":\"ImageObject\",\"inLanguage\":\"fi\",\"@id\":\"https:\/\/n1casino.info\/bonus-code\/#primaryimage\",\"url\":\"https:\/\/n1casino.info\/wp-content\/uploads\/2022\/12\/n1casino-tournament-banner-sl-1920x520-1.jpg\",\"contentUrl\":\"https:\/\/n1casino.info\/wp-content\/uploads\/2022\/12\/n1casino-tournament-banner-sl-1920x520-1.jpg\"},{\"@type\":\"BreadcrumbList\",\"@id\":\"https:\/\/n1casino.info\/bonus-code\/#breadcrumb\",\"itemListElement\":[{\"@type\":\"ListItem\",\"position\":1,\"name\":\"Home\",\"item\":\"https:\/\/n1casino.info\/\"},{\"@type\":\"ListItem\",\"position\":2,\"name\":\"Bonus code\"}]},{\"@type\":\"WebSite\",\"@id\":\"https:\/\/n1casino.info\/#website\",\"url\":\"https:\/\/n1casino.info\/\",\"name\":\"N1\",\"description\":\"\",\"publisher\":{\"@id\":\"https:\/\/n1casino.info\/#organization\"},\"potentialAction\":[{\"@type\":\"SearchAction\",\"target\":{\"@type\":\"EntryPoint\",\"urlTemplate\":\"https:\/\/n1casino.info\/?s={search_term_string}\"},\"query-input\":{\"@type\":\"PropertyValueSpecification\",\"valueRequired\":true,\"valueName\":\"search_term_string\"}}],\"inLanguage\":\"fi\"},{\"@type\":\"Organization\",\"@id\":\"https:\/\/n1casino.info\/#organization\",\"name\":\"N1\",\"url\":\"https:\/\/n1casino.info\/\",\"logo\":{\"@type\":\"ImageObject\",\"inLanguage\":\"fi\",\"@id\":\"https:\/\/n1casino.info\/#\/schema\/logo\/image\/\",\"url\":\"https:\/\/n1casino.info\/wp-content\/uploads\/2022\/12\/logo-horizontal-light.9f38f179.-2.png\",\"contentUrl\":\"https:\/\/n1casino.info\/wp-content\/uploads\/2022\/12\/logo-horizontal-light.9f38f179.-2.png\",\"width\":482,\"height\":111,\"caption\":\"N1\"},\"image\":{\"@id\":\"https:\/\/n1casino.info\/#\/schema\/logo\/image\/\"}}]}<\/script>\n<!-- \/ Yoast SEO plugin. -->","yoast_head_json":{"title":"N1 casino bonus code | N1 casino promo code","description":"N1-Casino-Bonuscode: Wof\u00fcr wird er verwendet und wie bekommt man ihn? Was sind die Bedingungen f\u00fcr den Einsatz des Bonus, wie kann man das gewonnene Geld abheben","robots":{"index":"index","follow":"follow","max-snippet":"max-snippet:-1","max-image-preview":"max-image-preview:large","max-video-preview":"max-video-preview:-1"},"canonical":"https:\/\/n1casino.info\/fi\/bonus-code\/","og_locale":"fi_FI","og_type":"article","og_title":"N1 casino bonus code | N1 casino promo code","og_description":"N1-Casino-Bonuscode: Wof\u00fcr wird er verwendet und wie bekommt man ihn? Was sind die Bedingungen f\u00fcr den Einsatz des Bonus, wie kann man das gewonnene Geld abheben","og_url":"https:\/\/n1casino.info\/fi\/bonus-code\/","og_site_name":"N1","article_modified_time":"2022-12-08T17:06:40+00:00","og_image":[{"url":"https:\/\/n1casino.info\/wp-content\/uploads\/2022\/12\/n1casino-tournament-banner-sl-1920x520-1.jpg","type":"","width":"","height":""}],"twitter_card":"summary_large_image","twitter_misc":{"Arvioitu lukuaika":"4 minuuttia"},"schema":{"@context":"https:\/\/schema.org","@graph":[{"@type":"WebPage","@id":"https:\/\/n1casino.info\/bonus-code\/","url":"https:\/\/n1casino.info\/bonus-code\/","name":"N1 casino bonus code | N1 casino promo code","isPartOf":{"@id":"https:\/\/n1casino.info\/#website"},"primaryImageOfPage":{"@id":"https:\/\/n1casino.info\/bonus-code\/#primaryimage"},"image":{"@id":"https:\/\/n1casino.info\/bonus-code\/#primaryimage"},"thumbnailUrl":"https:\/\/n1casino.info\/wp-content\/uploads\/2022\/12\/n1casino-tournament-banner-sl-1920x520-1.jpg","datePublished":"2022-12-04T19:32:16+00:00","dateModified":"2022-12-08T17:06:40+00:00","description":"N1-Casino-Bonuscode: Wof\u00fcr wird er verwendet und wie bekommt man ihn? Was sind die Bedingungen f\u00fcr den Einsatz des Bonus, wie kann man das gewonnene Geld abheben","breadcrumb":{"@id":"https:\/\/n1casino.info\/bonus-code\/#breadcrumb"},"inLanguage":"fi","potentialAction":[{"@type":"ReadAction","target":["https:\/\/n1casino.info\/bonus-code\/"]}]},{"@type":"ImageObject","inLanguage":"fi","@id":"https:\/\/n1casino.info\/bonus-code\/#primaryimage","url":"https:\/\/n1casino.info\/wp-content\/uploads\/2022\/12\/n1casino-tournament-banner-sl-1920x520-1.jpg","contentUrl":"https:\/\/n1casino.info\/wp-content\/uploads\/2022\/12\/n1casino-tournament-banner-sl-1920x520-1.jpg"},{"@type":"BreadcrumbList","@id":"https:\/\/n1casino.info\/bonus-code\/#breadcrumb","itemListElement":[{"@type":"ListItem","position":1,"name":"Home","item":"https:\/\/n1casino.info\/"},{"@type":"ListItem","position":2,"name":"Bonus code"}]},{"@type":"WebSite","@id":"https:\/\/n1casino.info\/#website","url":"https:\/\/n1casino.info\/","name":"N1","description":"","publisher":{"@id":"https:\/\/n1casino.info\/#organization"},"potentialAction":[{"@type":"SearchAction","target":{"@type":"EntryPoint","urlTemplate":"https:\/\/n1casino.info\/?s={search_term_string}"},"query-input":{"@type":"PropertyValueSpecification","valueRequired":true,"valueName":"search_term_string"}}],"inLanguage":"fi"},{"@type":"Organization","@id":"https:\/\/n1casino.info\/#organization","name":"N1","url":"https:\/\/n1casino.info\/","logo":{"@type":"ImageObject","inLanguage":"fi","@id":"https:\/\/n1casino.info\/#\/schema\/logo\/image\/","url":"https:\/\/n1casino.info\/wp-content\/uploads\/2022\/12\/logo-horizontal-light.9f38f179.-2.png","contentUrl":"https:\/\/n1casino.info\/wp-content\/uploads\/2022\/12\/logo-horizontal-light.9f38f179.-2.png","width":482,"height":111,"caption":"N1"},"image":{"@id":"https:\/\/n1casino.info\/#\/schema\/logo\/image\/"}}]}},"_links":{"self":[{"href":"https:\/\/n1casino.info\/fi\/wp-json\/wp\/v2\/pages\/56","targetHints":{"allow":["GET"]}}],"collection":[{"href":"https:\/\/n1casino.info\/fi\/wp-json\/wp\/v2\/pages"}],"about":[{"href":"https:\/\/n1casino.info\/fi\/wp-json\/wp\/v2\/types\/page"}],"author":[{"embeddable":true,"href":"https:\/\/n1casino.info\/fi\/wp-json\/wp\/v2\/users\/1"}],"replies":[{"embeddable":true,"href":"https:\/\/n1casino.info\/fi\/wp-json\/wp\/v2\/comments?post=56"}],"version-history":[{"count":8,"href":"https:\/\/n1casino.info\/fi\/wp-json\/wp\/v2\/pages\/56\/revisions"}],"predecessor-version":[{"id":108,"href":"https:\/\/n1casino.info\/fi\/wp-json\/wp\/v2\/pages\/56\/revisions\/108"}],"wp:attachment":[{"href":"https:\/\/n1casino.info\/fi\/wp-json\/wp\/v2\/media?parent=56"}],"curies":[{"name":"wp","href":"https:\/\/api.w.org\/{rel}","templated":true}]}}