{"id":49,"date":"2022-12-04T19:24:39","date_gmt":"2022-12-04T19:24:39","guid":{"rendered":"https:\/\/n1casino.info\/?page_id=49"},"modified":"2022-12-08T17:07:39","modified_gmt":"2022-12-08T17:07:39","slug":"rewiew","status":"publish","type":"page","link":"https:\/\/n1casino.info\/fi\/rewiew\/","title":{"rendered":"Review"},"content":{"rendered":"<div class=\"wp-block-cover alignfull\"><span aria-hidden=\"true\" class=\"wp-block-cover__background has-background-dim\"><\/span><img loading=\"lazy\" decoding=\"async\" width=\"876\" height=\"360\" class=\"wp-block-cover__image-background wp-image-50\" alt=\"\" src=\"https:\/\/n1casino.info\/wp-content\/uploads\/2022\/12\/n1-new-bonuses-876x360px-3-1-optimized.jpg\" style=\"object-position:50% 50%\" data-object-fit=\"cover\" data-object-position=\"50% 50%\" srcset=\"https:\/\/n1casino.info\/wp-content\/uploads\/2022\/12\/n1-new-bonuses-876x360px-3-1-optimized.jpg 876w, https:\/\/n1casino.info\/wp-content\/uploads\/2022\/12\/n1-new-bonuses-876x360px-3-1-optimized-300x123.jpg 300w, https:\/\/n1casino.info\/wp-content\/uploads\/2022\/12\/n1-new-bonuses-876x360px-3-1-optimized-768x316.jpg 768w\" sizes=\"auto, (max-width: 876px) 100vw, 876px\" \/><div class=\"wp-block-cover__inner-container is-layout-flow wp-block-cover-is-layout-flow\">\n<div class=\"wp-block-buttons is-content-justification-center is-layout-flex wp-container-core-buttons-is-layout-a89b3969 wp-block-buttons-is-layout-flex\">\n<div class=\"wp-block-button has-custom-width wp-block-button__width-50 has-custom-font-size has-medium-font-size\"><a class=\"wp-block-button__link has-white-color has-text-color has-background wp-element-button\" href=\"\/link.html\" style=\"background-color:#ec3200\"><strong>Pelaa<\/strong><\/a><\/div>\n<\/div>\n<\/div><\/div>\n\n\n\n<h1 class=\"wp-block-heading\">N1 casino kokemuksia<\/h1>\n\n\n\n<p>Kasino on uusi, turvallinen ja lisensoitu online-pelialusta, joka perustettiin vuonna 2018. Perustajat eiv\u00e4t olleet tyytyv\u00e4isi\u00e4 uhkapelialan nykytilaan, joka muuttui p\u00e4iv\u00e4 p\u00e4iv\u00e4lt\u00e4 ep\u00e4rehellisemm\u00e4ksi. He p\u00e4\u00e4ttiv\u00e4t luoda oman alustan, jossa on pelej\u00e4 vain lisensoiduilta palveluntarjoajilta. Maksut ovat nopeita, varojen nostamiselle ei ole rajoituksia, ja monet eri valuutat hyv\u00e4ksyt\u00e4\u00e4n. T\u00e4ss\u00e4 artikkelissa tutustumme kasinoon l\u00e4hemmin ja tarkastelemme kasinon eri osa-alueita.<\/p>\n\n\n\n\n\n<h2 class=\"wp-block-heading\">N1-kasinokokemus peleille ja pelien tarjoajille<\/h2>\n\n\n\n<p>Das Casino wurde 2018 mit dem Ziel gegr\u00fcndet, eine verl\u00e4ssliche und transparente Gl\u00fccksspielseite f\u00fcr Spieler zu sein. Die Personen, die das Unternehmen gegr\u00fcndet haben, waren nicht zufrieden damit, wie die Dinge derzeit in der Branche waren, also beschlossen sie, eine Plattform zu starten, die anders sein w\u00fcrde. Bei N1 Casino verwenden wir nur lizenzierte Spielanbieter, da die Zufriedenheit der Spieler unsere oberste Priorit\u00e4t ist &#8211; wir m\u00f6chten, dass Sie wissen, dass alle Spiele fair und zuf\u00e4llig sind. Au\u00dferdem werden Zahlungen bei uns immer schnell bearbeitet und es gibt keine Auszahlungslimits! Schlie\u00dflich bieten wir auch eine ganze Reihe von W\u00e4hrungsoptionen an, damit sich jeder auf unserer Plattform einbezogen f\u00fchlen kann. Dieses <a href=\"\/fi\/\">N1 casino<\/a> erfahrung wird die verschiedenen Aspekte des Casinos bewerten, um Ihnen bei der Entscheidung zu helfen, ob es das Richtige f\u00fcr Sie ist.<\/p>\n\n\n\n<h2 class=\"wp-block-heading\">N1 casino reviews bonuksista ja kampanjoista<\/h2>\n\n\n\n<p>N1 Casinolla uusilla pelaajilla on mahdollisuus saada tervetuliaispaketti, jonka arvo on jopa 100 euroa ja 100 ilmaiskierrosta. Minimitalletus on vain 20 \u20ac ja bonusrahan kierr\u00e4tysvaatimukset ovat 50-kertaiset. Ilmaiskierrosten osalta se on 35-kertainen. Kaikilla pelaajilla on my\u00f6s 14 p\u00e4iv\u00e4n aikaraja, jotta he voivat varmistaa, ett\u00e4 he t\u00e4ytt\u00e4v\u00e4t panostusvaatimukset kohtuullisessa ajassa.<\/p>\n\n\n\n<p>N1 Casino tarjoaa my\u00f6s jatkuvan tervetuliaispaketin uusille pelaajille sek\u00e4 maanantain uudelleenlatausbonuksen ja keskiviikon ilmaispelikampanjan nykyisille pelaajille. Uskollisimmat ja VIP-pelaajat voivat hy\u00f6ty\u00e4 N1 Casinon VIP-ohjelman tarjoamista ainutlaatuisista bonuksista ja eduista.<\/p>\n\n\n\n<h2 class=\"wp-block-heading\">N1 kasino arvostelut Turvallisuudesta<\/h2>\n\n\n\n<p>Das Casino wurde 2018 mit dem Ziel gegr\u00fcndet, Spielern eine vertrauensw\u00fcrdige und gerechte Erfahrung zu bieten. Die Gr\u00fcnder waren nicht zufrieden mit dem Qualit\u00e4tsniveau in der Branche, die begonnen hatte, Integrit\u00e4t zu fehlen. Daher haben sie beschlossen, nur Spiele von lizenzierten Anbietern anzubieten. N1 casino erfahrungen for security gibt an, dass das Casino auch sein Versprechen von schnellen Auszahlungen einh\u00e4lt &#8211; Auszahlungen dauern nur 1-5 Minuten. Dar\u00fcber hinaus gibt es keine Beschr\u00e4nkungen bei der Auszahlung von Geldern und eine gro\u00dfe Auswahl an verf\u00fcgbaren W\u00e4hrungen zur Auswahl.<\/p>\n\n\n\n<p>T\u00e4ss\u00e4 yksityiskohtaisessa artikkelissa N1 casino review n\u00e4emme, onko se turvallinen ja reilu paikka pelata verkossa.<\/p>\n\n\n\n<h3 class=\"wp-block-heading\">N1 kasino arvostelu pankkitoimintaan<\/h3>\n\n\n\n<p>Me N1 Casinolla uskomme, ett\u00e4 kaikki pelaajat ansaitsevat reilun ja rehellisen pelikokemuksen. T\u00e4m\u00e4 kasino k\u00e4ynnistettiin vuonna 2018 tavoitteenaan tarjota juuri sit\u00e4. Emme ole tyytyv\u00e4isi\u00e4 nykytilanteeseen, jossa uhkapelaaminen muuttuu ep\u00e4rehelliseksi ja pelien laatu heikkenee. Siksi tarjoamme pelej\u00e4 vain lisensoiduilta palveluntarjoajilta varmistaaksemme, ett\u00e4 ne ovat reiluja ja antavat kaikille mahdollisuuden voittaa suuria summia.<\/p>\n\n\n\n<p>N1 Casino ist eine der besten Gl\u00fccksspielseiten, weil sie schnelle Auszahlungen anbieten; Sie werden nicht lange warten m\u00fcssen, um Ihre Gewinne in die H\u00e4nde zu bekommen. Es gibt auch keine Beschr\u00e4nkungen f\u00fcr die Abhebung von Geldern, so dass Sie, wenn Sie es gro\u00df schlagen, k\u00f6nnen Sie alle auf einmal auszahlen. Ein weiterer Pluspunkt von N1 casino erfahrung ist, dass das Casino eine gro\u00dfe Auswahl an W\u00e4hrungen anbietet, was es Spielern aus der ganzen Welt leicht macht, dort zu spielen.<\/p>\n\n\n\n<p>Jos etsit nettikasinoa, joka tarjoaa upean pelikokemuksen ja nopeat voitot, sinun kannattaa ehdottomasti tutustua N1 Casinoon. Sen laajan pelivalikoiman ansiosta sen pit\u00e4isi ehdottomasti olla listasi k\u00e4rjess\u00e4!<\/p>\n\n\n\n<h2 class=\"wp-block-heading\">P\u00e4\u00e4telm\u00e4<\/h2>\n\n\n\n<p>Wenn Sie auf der Suche nach einer sicheren und seri\u00f6sen Gl\u00fccksspielseite sind, dann sind Sie im N1 Casino genau richtig. Dieses Casino bietet schnelle Auszahlungen ohne Auszahlungsbeschr\u00e4nkungen und verf\u00fcgt \u00fcber eine gro\u00dfe Auswahl an Spielen, aus denen Sie w\u00e4hlen k\u00f6nnen. Au\u00dferdem werden verschiedene W\u00e4hrungen unterst\u00fctzt &#8211; Sie k\u00f6nnen also in Ihrer eigenen W\u00e4hrung spielen!<\/p>\n\n\n\n<h2 class=\"wp-block-heading\">FAQ<\/h2>\n\n\n<style>#sp-ea-53 .spcollapsing { height: 0; overflow: hidden; transition-property: height;transition-duration: 300ms;}#sp-ea-53.sp-easy-accordion>.sp-ea-single {margin-bottom: 10px; border: 1px solid #e2e2e2; }#sp-ea-53.sp-easy-accordion>.sp-ea-single>.ea-header a {color: #444;}#sp-ea-53.sp-easy-accordion>.sp-ea-single>.sp-collapse>.ea-body {background: #fff; color: #444;}#sp-ea-53.sp-easy-accordion>.sp-ea-single {background: #eee;}#sp-ea-53.sp-easy-accordion>.sp-ea-single>.ea-header a .ea-expand-icon { float: left; color: #444;font-size: 16px;}<\/style><div id=\"sp_easy_accordion-1778605675\">\n<div id=\"sp-ea-53\" class=\"sp-ea-one sp-easy-accordion\" data-ea-active=\"ea-click\" data-ea-mode=\"vertical\" data-preloader=\"\" data-scroll-active-item=\"\" data-offset-to-scroll=\"0\">\n\n<!-- Start accordion card div. -->\n<div class=\"ea-card ea-expand sp-ea-single\">\n\t<!-- Start accordion header. -->\n\t<h3 class=\"ea-header\">\n\t\t<!-- Add anchor tag for header. -->\n\t\t<a class=\"collapsed\" id=\"ea-header-530\" role=\"button\" data-sptoggle=\"spcollapse\" data-sptarget=\"#collapse530\" aria-controls=\"collapse530\" href=\"#\" rel=\"nofollow\" aria-expanded=\"true\" tabindex=\"0\">\n\t\t<i aria-hidden=\"true\" role=\"presentation\" class=\"ea-expand-icon eap-icon-ea-expand-minus\"><\/i> Onko N1 Casino hyv\u00e4maineinen ja turvallinen paikka pelata verkossa?\t\t<\/a> <!-- Close anchor tag for header. -->\n\t<\/h3>\t<!-- Close header tag. -->\n\t<!-- Start collapsible content div. -->\n\t<div class=\"sp-collapse spcollapse collapsed show\" id=\"collapse530\"  role=\"region\" aria-labelledby=\"ea-header-530\">  <!-- Content div. -->\n\t\t<div class=\"ea-body\">\n\t\t<p>N1 Casino ei ole ainoastaan hyv\u00e4maineinen ja turvallinen, vaan se on my\u00f6s Curacaon rahapelikomission lisensoima. T\u00e4m\u00e4 tarkoittaa, ett\u00e4 voit olla varma, ett\u00e4 henkil\u00f6kohtaiset ja taloudelliset tietosi ovat aina suojattuja SSL-salauksen ansiosta. Lis\u00e4ksi kasinolla on tiukka rahanpesun ja petosten vastainen politiikka, joten voit pelata mielenrauhassa.<\/p>\n\t\t<\/div> <!-- Close content div. -->\n\t<\/div> <!-- Close collapse div. -->\n<\/div> <!-- Close card div. -->\n<!-- Start accordion card div. -->\n<div class=\"ea-card  sp-ea-single\">\n\t<!-- Start accordion header. -->\n\t<h3 class=\"ea-header\">\n\t\t<!-- Add anchor tag for header. -->\n\t\t<a class=\"collapsed\" id=\"ea-header-531\" role=\"button\" data-sptoggle=\"spcollapse\" data-sptarget=\"#collapse531\" aria-controls=\"collapse531\" href=\"#\" rel=\"nofollow\" aria-expanded=\"false\" tabindex=\"0\">\n\t\t<i aria-hidden=\"true\" role=\"presentation\" class=\"ea-expand-icon eap-icon-ea-expand-plus\"><\/i> Kuinka nopeasti N1 Casino maksaa voitot?\t\t<\/a> <!-- Close anchor tag for header. -->\n\t<\/h3>\t<!-- Close header tag. -->\n\t<!-- Start collapsible content div. -->\n\t<div class=\"sp-collapse spcollapse\" id=\"collapse531\"  role=\"region\" aria-labelledby=\"ea-header-531\">  <!-- Content div. -->\n\t\t<div class=\"ea-body\">\n\t\t<p>N1 Casino pyrkii k\u00e4sittelem\u00e4\u00e4n kaikki kotiutuspyynn\u00f6t 1-5 minuutissa, vaikka kokonaisaika riippuu valitsemastasi menetelm\u00e4st\u00e4.<\/p>\n\t\t<\/div> <!-- Close content div. -->\n\t<\/div> <!-- Close collapse div. -->\n<\/div> <!-- Close card div. -->\n<!-- Start accordion card div. -->\n<div class=\"ea-card  sp-ea-single\">\n\t<!-- Start accordion header. -->\n\t<h3 class=\"ea-header\">\n\t\t<!-- Add anchor tag for header. -->\n\t\t<a class=\"collapsed\" id=\"ea-header-532\" role=\"button\" data-sptoggle=\"spcollapse\" data-sptarget=\"#collapse532\" aria-controls=\"collapse532\" href=\"#\" rel=\"nofollow\" aria-expanded=\"false\" tabindex=\"0\">\n\t\t<i aria-hidden=\"true\" role=\"presentation\" class=\"ea-expand-icon eap-icon-ea-expand-plus\"><\/i> Voinko k\u00e4ytt\u00e4\u00e4 N1 Casinoa kotimaassani?\t\t<\/a> <!-- Close anchor tag for header. -->\n\t<\/h3>\t<!-- Close header tag. -->\n\t<!-- Start collapsible content div. -->\n\t<div class=\"sp-collapse spcollapse\" id=\"collapse532\"  role=\"region\" aria-labelledby=\"ea-header-532\">  <!-- Content div. -->\n\t\t<div class=\"ea-body\">\n\t\t<p>N1 casino review s\u00e4\u00e4nt\u00f6jen osalta todetaan, ett\u00e4 vaikka N1 Casino on avoinna pelaajille kaikkialta maailmasta, joitakin alueellisia rajoituksia sovelletaan Yhdysvalloista tuleviin pelaajiin.<\/p>\n\t\t<\/div> <!-- Close content div. -->\n\t<\/div> <!-- Close collapse div. -->\n<\/div> <!-- Close card div. -->\n<script type=\"application\/ld+json\">{\n    \"@context\": \"https:\\\/\\\/schema.org\",\n    \"@type\": \"FAQPage\",\n    \"mainEntity\": [\n        {\n            \"@type\": \"Question\",\n            \"name\": \"Ist N1 Casino ein seri\\u00f6ser und sicherer Ort, um online zu spielen?\",\n            \"acceptedAnswer\": {\n                \"@type\": \"Answer\",\n                \"text\": \"N1 Casino ist nicht nur seri\\u00f6s und sicher, sondern wird auch von der Curacao Gambling Commission lizenziert. Dies bedeutet, dass Sie sicher sein k\\u00f6nnen, dass Ihre pers\\u00f6nlichen und finanziellen Informationen jederzeit dank SSL-Verschl\\u00fcsselung gesch\\u00fctzt werden. Au\\u00dferdem hat das Casino eine strenge Politik gegen Geldw\\u00e4sche und Betrug, so dass Sie mit Seelenfrieden spielen k\\u00f6nnen.\"\n            }\n        },\n        {\n            \"@type\": \"Question\",\n            \"name\": \"Wie schnell sind N1 Casino Auszahlungen?\",\n            \"acceptedAnswer\": {\n                \"@type\": \"Answer\",\n                \"text\": \"N1 Casino ist bestrebt, alle Auszahlungsanfragen innerhalb von 1-5 Minuten zu bearbeiten, obwohl der gesamte Zeitrahmen von der von Ihnen gew\\u00e4hlten Methode abh\\u00e4ngt.\"\n            }\n        },\n        {\n            \"@type\": \"Question\",\n            \"name\": \"Kann ich N1 Casino in meinem Land nutzen?\",\n            \"acceptedAnswer\": {\n                \"@type\": \"Answer\",\n                \"text\": \"N1 casino erfahrung f\\u00fcr Regeln besagt, dass, obwohl N1 Casino f\\u00fcr Spieler aus der ganzen Welt zug\\u00e4nglich ist, einige regionale Einschr\\u00e4nkungen f\\u00fcr Spieler aus den Vereinigten Staaten gelten.\"\n            }\n        }\n    ]\n}<\/script><\/div>\n<\/div>","protected":false},"excerpt":{"rendered":"<p>N1 Casino erfahrung Das Casino ist eine neue, sichere und lizenzierte Online-Gl\u00fccksspielplattform, die im Jahr 2018 gegr\u00fcndet wurde. Die Gr\u00fcnder waren nicht zufrieden mit dem aktuellen Zustand der Gl\u00fccksspielindustrie, die von Tag zu Tag unehrlicher wurde. Sie beschlossen, ihre eigene Plattform mit Spielen von ausschlie\u00dflich lizenzierten Anbietern zu schaffen. Die Zahlungen sind schnell, es gibt &hellip;<\/p>\n<p class=\"read-more\"> <a class=\"\" href=\"https:\/\/n1casino.info\/fi\/rewiew\/\"> <span class=\"screen-reader-text\">Review<\/span> Lue lis\u00e4\u00e4 &raquo;<\/a><\/p>","protected":false},"author":1,"featured_media":0,"parent":0,"menu_order":0,"comment_status":"closed","ping_status":"closed","template":"","meta":{"site-sidebar-layout":"default","site-content-layout":"default","ast-global-header-display":"","ast-main-header-display":"","ast-hfb-above-header-display":"","ast-hfb-below-header-display":"","ast-hfb-mobile-header-display":"","site-post-title":"disabled","ast-breadcrumbs-content":"","ast-featured-img":"","footer-sml-layout":"","theme-transparent-header-meta":"","adv-header-id-meta":"","stick-header-meta":"","header-above-stick-meta":"","header-main-stick-meta":"","header-below-stick-meta":"","footnotes":""},"class_list":["post-49","page","type-page","status-publish","hentry"],"yoast_head":"<!-- This site is optimized with the Yoast SEO plugin v24.3 - https:\/\/yoast.com\/wordpress\/plugins\/seo\/ -->\n<title>N1 casino erfahrung | N1 casino erfahrungen<\/title>\n<meta name=\"description\" content=\"N1 casino erfahrung: was Spieler \u00fcber N1 casino denken Was sind die St\u00e4rken und Schw\u00e4chen des Casinos, sollten Sie ihm vertrauen und mit dem Spielen um Geld beginnen?\" \/>\n<meta name=\"robots\" content=\"index, follow, max-snippet:-1, max-image-preview:large, max-video-preview:-1\" \/>\n<link rel=\"canonical\" href=\"https:\/\/n1casino.info\/fi\/rewiew\/\" \/>\n<meta property=\"og:locale\" content=\"fi_FI\" \/>\n<meta property=\"og:type\" content=\"article\" \/>\n<meta property=\"og:title\" content=\"N1 casino erfahrung | N1 casino erfahrungen\" \/>\n<meta property=\"og:description\" content=\"N1 casino erfahrung: was Spieler \u00fcber N1 casino denken Was sind die St\u00e4rken und Schw\u00e4chen des Casinos, sollten Sie ihm vertrauen und mit dem Spielen um Geld beginnen?\" \/>\n<meta property=\"og:url\" content=\"https:\/\/n1casino.info\/fi\/rewiew\/\" \/>\n<meta property=\"og:site_name\" content=\"N1\" \/>\n<meta property=\"article:modified_time\" content=\"2022-12-08T17:07:39+00:00\" \/>\n<meta property=\"og:image\" content=\"https:\/\/n1casino.info\/wp-content\/uploads\/2022\/12\/n1-new-bonuses-876x360px-3-1-optimized.jpg\" \/>\n<meta name=\"twitter:card\" content=\"summary_large_image\" \/>\n<meta name=\"twitter:label1\" content=\"Arvioitu lukuaika\" \/>\n\t<meta name=\"twitter:data1\" content=\"4 minuuttia\" \/>\n<script type=\"application\/ld+json\" class=\"yoast-schema-graph\">{\"@context\":\"https:\/\/schema.org\",\"@graph\":[{\"@type\":\"WebPage\",\"@id\":\"https:\/\/n1casino.info\/rewiew\/\",\"url\":\"https:\/\/n1casino.info\/rewiew\/\",\"name\":\"N1 casino erfahrung | N1 casino erfahrungen\",\"isPartOf\":{\"@id\":\"https:\/\/n1casino.info\/#website\"},\"primaryImageOfPage\":{\"@id\":\"https:\/\/n1casino.info\/rewiew\/#primaryimage\"},\"image\":{\"@id\":\"https:\/\/n1casino.info\/rewiew\/#primaryimage\"},\"thumbnailUrl\":\"https:\/\/n1casino.info\/wp-content\/uploads\/2022\/12\/n1-new-bonuses-876x360px-3-1-optimized.jpg\",\"datePublished\":\"2022-12-04T19:24:39+00:00\",\"dateModified\":\"2022-12-08T17:07:39+00:00\",\"description\":\"N1 casino erfahrung: was Spieler \u00fcber N1 casino denken Was sind die St\u00e4rken und Schw\u00e4chen des Casinos, sollten Sie ihm vertrauen und mit dem Spielen um Geld beginnen?\",\"breadcrumb\":{\"@id\":\"https:\/\/n1casino.info\/rewiew\/#breadcrumb\"},\"inLanguage\":\"fi\",\"potentialAction\":[{\"@type\":\"ReadAction\",\"target\":[\"https:\/\/n1casino.info\/rewiew\/\"]}]},{\"@type\":\"ImageObject\",\"inLanguage\":\"fi\",\"@id\":\"https:\/\/n1casino.info\/rewiew\/#primaryimage\",\"url\":\"https:\/\/n1casino.info\/wp-content\/uploads\/2022\/12\/n1-new-bonuses-876x360px-3-1-optimized.jpg\",\"contentUrl\":\"https:\/\/n1casino.info\/wp-content\/uploads\/2022\/12\/n1-new-bonuses-876x360px-3-1-optimized.jpg\"},{\"@type\":\"BreadcrumbList\",\"@id\":\"https:\/\/n1casino.info\/rewiew\/#breadcrumb\",\"itemListElement\":[{\"@type\":\"ListItem\",\"position\":1,\"name\":\"Home\",\"item\":\"https:\/\/n1casino.info\/\"},{\"@type\":\"ListItem\",\"position\":2,\"name\":\"Review\"}]},{\"@type\":\"WebSite\",\"@id\":\"https:\/\/n1casino.info\/#website\",\"url\":\"https:\/\/n1casino.info\/\",\"name\":\"N1\",\"description\":\"\",\"publisher\":{\"@id\":\"https:\/\/n1casino.info\/#organization\"},\"potentialAction\":[{\"@type\":\"SearchAction\",\"target\":{\"@type\":\"EntryPoint\",\"urlTemplate\":\"https:\/\/n1casino.info\/?s={search_term_string}\"},\"query-input\":{\"@type\":\"PropertyValueSpecification\",\"valueRequired\":true,\"valueName\":\"search_term_string\"}}],\"inLanguage\":\"fi\"},{\"@type\":\"Organization\",\"@id\":\"https:\/\/n1casino.info\/#organization\",\"name\":\"N1\",\"url\":\"https:\/\/n1casino.info\/\",\"logo\":{\"@type\":\"ImageObject\",\"inLanguage\":\"fi\",\"@id\":\"https:\/\/n1casino.info\/#\/schema\/logo\/image\/\",\"url\":\"https:\/\/n1casino.info\/wp-content\/uploads\/2022\/12\/logo-horizontal-light.9f38f179.-2.png\",\"contentUrl\":\"https:\/\/n1casino.info\/wp-content\/uploads\/2022\/12\/logo-horizontal-light.9f38f179.-2.png\",\"width\":482,\"height\":111,\"caption\":\"N1\"},\"image\":{\"@id\":\"https:\/\/n1casino.info\/#\/schema\/logo\/image\/\"}}]}<\/script>\n<!-- \/ Yoast SEO plugin. -->","yoast_head_json":{"title":"N1 casino erfahrung | N1 casino erfahrungen","description":"N1 casino erfahrung: was Spieler \u00fcber N1 casino denken Was sind die St\u00e4rken und Schw\u00e4chen des Casinos, sollten Sie ihm vertrauen und mit dem Spielen um Geld beginnen?","robots":{"index":"index","follow":"follow","max-snippet":"max-snippet:-1","max-image-preview":"max-image-preview:large","max-video-preview":"max-video-preview:-1"},"canonical":"https:\/\/n1casino.info\/fi\/rewiew\/","og_locale":"fi_FI","og_type":"article","og_title":"N1 casino erfahrung | N1 casino erfahrungen","og_description":"N1 casino erfahrung: was Spieler \u00fcber N1 casino denken Was sind die St\u00e4rken und Schw\u00e4chen des Casinos, sollten Sie ihm vertrauen und mit dem Spielen um Geld beginnen?","og_url":"https:\/\/n1casino.info\/fi\/rewiew\/","og_site_name":"N1","article_modified_time":"2022-12-08T17:07:39+00:00","og_image":[{"url":"https:\/\/n1casino.info\/wp-content\/uploads\/2022\/12\/n1-new-bonuses-876x360px-3-1-optimized.jpg","type":"","width":"","height":""}],"twitter_card":"summary_large_image","twitter_misc":{"Arvioitu lukuaika":"4 minuuttia"},"schema":{"@context":"https:\/\/schema.org","@graph":[{"@type":"WebPage","@id":"https:\/\/n1casino.info\/rewiew\/","url":"https:\/\/n1casino.info\/rewiew\/","name":"N1 casino erfahrung | N1 casino erfahrungen","isPartOf":{"@id":"https:\/\/n1casino.info\/#website"},"primaryImageOfPage":{"@id":"https:\/\/n1casino.info\/rewiew\/#primaryimage"},"image":{"@id":"https:\/\/n1casino.info\/rewiew\/#primaryimage"},"thumbnailUrl":"https:\/\/n1casino.info\/wp-content\/uploads\/2022\/12\/n1-new-bonuses-876x360px-3-1-optimized.jpg","datePublished":"2022-12-04T19:24:39+00:00","dateModified":"2022-12-08T17:07:39+00:00","description":"N1 casino erfahrung: was Spieler \u00fcber N1 casino denken Was sind die St\u00e4rken und Schw\u00e4chen des Casinos, sollten Sie ihm vertrauen und mit dem Spielen um Geld beginnen?","breadcrumb":{"@id":"https:\/\/n1casino.info\/rewiew\/#breadcrumb"},"inLanguage":"fi","potentialAction":[{"@type":"ReadAction","target":["https:\/\/n1casino.info\/rewiew\/"]}]},{"@type":"ImageObject","inLanguage":"fi","@id":"https:\/\/n1casino.info\/rewiew\/#primaryimage","url":"https:\/\/n1casino.info\/wp-content\/uploads\/2022\/12\/n1-new-bonuses-876x360px-3-1-optimized.jpg","contentUrl":"https:\/\/n1casino.info\/wp-content\/uploads\/2022\/12\/n1-new-bonuses-876x360px-3-1-optimized.jpg"},{"@type":"BreadcrumbList","@id":"https:\/\/n1casino.info\/rewiew\/#breadcrumb","itemListElement":[{"@type":"ListItem","position":1,"name":"Home","item":"https:\/\/n1casino.info\/"},{"@type":"ListItem","position":2,"name":"Review"}]},{"@type":"WebSite","@id":"https:\/\/n1casino.info\/#website","url":"https:\/\/n1casino.info\/","name":"N1","description":"","publisher":{"@id":"https:\/\/n1casino.info\/#organization"},"potentialAction":[{"@type":"SearchAction","target":{"@type":"EntryPoint","urlTemplate":"https:\/\/n1casino.info\/?s={search_term_string}"},"query-input":{"@type":"PropertyValueSpecification","valueRequired":true,"valueName":"search_term_string"}}],"inLanguage":"fi"},{"@type":"Organization","@id":"https:\/\/n1casino.info\/#organization","name":"N1","url":"https:\/\/n1casino.info\/","logo":{"@type":"ImageObject","inLanguage":"fi","@id":"https:\/\/n1casino.info\/#\/schema\/logo\/image\/","url":"https:\/\/n1casino.info\/wp-content\/uploads\/2022\/12\/logo-horizontal-light.9f38f179.-2.png","contentUrl":"https:\/\/n1casino.info\/wp-content\/uploads\/2022\/12\/logo-horizontal-light.9f38f179.-2.png","width":482,"height":111,"caption":"N1"},"image":{"@id":"https:\/\/n1casino.info\/#\/schema\/logo\/image\/"}}]}},"_links":{"self":[{"href":"https:\/\/n1casino.info\/fi\/wp-json\/wp\/v2\/pages\/49","targetHints":{"allow":["GET"]}}],"collection":[{"href":"https:\/\/n1casino.info\/fi\/wp-json\/wp\/v2\/pages"}],"about":[{"href":"https:\/\/n1casino.info\/fi\/wp-json\/wp\/v2\/types\/page"}],"author":[{"embeddable":true,"href":"https:\/\/n1casino.info\/fi\/wp-json\/wp\/v2\/users\/1"}],"replies":[{"embeddable":true,"href":"https:\/\/n1casino.info\/fi\/wp-json\/wp\/v2\/comments?post=49"}],"version-history":[{"count":5,"href":"https:\/\/n1casino.info\/fi\/wp-json\/wp\/v2\/pages\/49\/revisions"}],"predecessor-version":[{"id":110,"href":"https:\/\/n1casino.info\/fi\/wp-json\/wp\/v2\/pages\/49\/revisions\/110"}],"wp:attachment":[{"href":"https:\/\/n1casino.info\/fi\/wp-json\/wp\/v2\/media?parent=49"}],"curies":[{"name":"wp","href":"https:\/\/api.w.org\/{rel}","templated":true}]}}