{"id":28,"date":"2022-12-04T15:59:08","date_gmt":"2022-12-04T15:59:08","guid":{"rendered":"https:\/\/n1casino.info\/?page_id=28"},"modified":"2023-04-11T09:42:54","modified_gmt":"2023-04-11T09:42:54","slug":"login","status":"publish","type":"page","link":"https:\/\/n1casino.info\/fi\/login\/","title":{"rendered":"Kirjaudu sis\u00e4\u00e4n"},"content":{"rendered":"<div class=\"wp-block-cover alignwide\" style=\"padding-top:var(--wp--preset--spacing--60);padding-right:var(--wp--preset--spacing--60);padding-bottom:var(--wp--preset--spacing--60);padding-left:var(--wp--preset--spacing--60)\"><span aria-hidden=\"true\" class=\"wp-block-cover__background has-background-dim\"><\/span><img loading=\"lazy\" decoding=\"async\" width=\"1920\" height=\"520\" class=\"wp-block-cover__image-background wp-image-29\" alt=\"n1 kasino kirjautuminen\" src=\"https:\/\/n1casino.info\/wp-content\/uploads\/2022\/12\/n1-login.jpeg\" data-object-fit=\"cover\" srcset=\"https:\/\/n1casino.info\/wp-content\/uploads\/2022\/12\/n1-login.jpeg 1920w, https:\/\/n1casino.info\/wp-content\/uploads\/2022\/12\/n1-login-300x81.jpeg 300w, https:\/\/n1casino.info\/wp-content\/uploads\/2022\/12\/n1-login-1024x277.jpeg 1024w, https:\/\/n1casino.info\/wp-content\/uploads\/2022\/12\/n1-login-768x208.jpeg 768w, https:\/\/n1casino.info\/wp-content\/uploads\/2022\/12\/n1-login-1536x416.jpeg 1536w\" sizes=\"auto, (max-width: 1920px) 100vw, 1920px\" \/><div class=\"wp-block-cover__inner-container is-layout-flow wp-block-cover-is-layout-flow\">\n<div class=\"wp-block-buttons is-content-justification-center is-layout-flex wp-container-core-buttons-is-layout-a89b3969 wp-block-buttons-is-layout-flex\">\n<div class=\"wp-block-button has-custom-width wp-block-button__width-50 has-custom-font-size alignright is-style-fill has-medium-font-size\"><a class=\"wp-block-button__link has-ast-global-color-5-color has-text-color has-background wp-element-button\" href=\"\/link.html\" style=\"background-color:#ec3200\"><strong>Einloggen<\/strong><\/a><\/div>\n<\/div>\n<\/div><\/div>\n\n\n\n<h1 class=\"wp-block-heading\">N1 kasino kirjautuminen<\/h1>\n\n\n\n<p>Das Casino ist eine neue Gl\u00fccksspielplattform, die seit ihrer Einf\u00fchrung im Jahr 2018 die Branche aufr\u00fcttelt. Die Macher waren nicht zufrieden mit der Tatsache, dass das Gl\u00fccksspiel unehrlich wurde und die Qualit\u00e4t der Branche sank, also beschlossen sie, ihre eigene Plattform mit Spielen nur von lizenzierten Anbietern zu schaffen. Zahlungen sind schnell, Abhebungen dauern nur 1-5 Minuten, und es gibt keine Einschr\u00e4nkungen f\u00fcr die Abhebung von Geldern. Dar\u00fcber hinaus gibt es eine gro\u00dfe Auswahl an W\u00e4hrungen. In diesem Artikel werden wir uns den <a href=\"\/fi\/\">N1 casino<\/a> login-Prozess ansehen und mehr \u00fcber einige der Probleme erfahren, die auftreten k\u00f6nnen.<\/p>\n\n\n\n\n\n<h2 class=\"wp-block-heading\">N1 casino login: Yleiskatsaus<\/h2>\n\n\n\n<p>Ryhm\u00e4 intohimoisia pelaajia perusti vuonna 2018 kasinon, joka lanseerattiin vaihtoehtona alan pettymykselliselle tilalle. Perustajat halusivat tarjota pelej\u00e4 vain lisensoiduilta palveluntarjoajilta, joten he rakensivat alustan, jossa on nopeat maksut, ei nostorajoja ja tuki useille valuutoille. Tiimin toinen prioriteetti oli varmistaa, ett\u00e4 vain aikuiset voivat pelata heid\u00e4n sivustollaan tiukan rekister\u00f6intiprosessin avulla, jossa ker\u00e4t\u00e4\u00e4n henkil\u00f6kohtaisia tietoja.<\/p>\n\n\n\n<p>Meill\u00e4 on monikielinen kasino, joten kaikki voivat nauttia peleist\u00e4mme \u00e4idinkielest\u00e4\u00e4n riippumatta. Tuetut kielet ovat englanti, ven\u00e4j\u00e4, saksa, ranska, espanja, portugali, suomi, norja ja ruotsi.<\/p>\n\n\n\n<p>Der N1 casino login ist einfach zu befolgen, aber wenn Sie Probleme haben, sollten Sie einige Dinge beachten:<\/p>\n\n\n\n<p>Wenn Sie sich nicht mehr an Ihr Passwort erinnern k\u00f6nnen, klicken Sie auf den Link &#8222;Passwort vergessen&#8220; auf der Anmeldeseite. Dort k\u00f6nnen Sie Ihre E-Mail-Adresse eingeben, um einen Link zum Zur\u00fccksetzen zu erhalten. Wenn Sie andere Probleme mit N1 casino login in haben, wenden Sie sich bitte an den Kundendienst, um Hilfe zu erhalten.<\/p>\n\n\n\n<h2 class=\"wp-block-heading\">Eri tapoja tehd\u00e4 N1 casino login<\/h2>\n\n\n\n<p>Am schnellsten k\u00f6nnen Sie sich auf der Seite N1 Kasino Anmeldung mit Ihrer E-Mail-Adresse und Ihrem Passwort anmelden. Rufen Sie dazu die Website auf und klicken Sie auf die Schaltfl\u00e4che &#8222;Anmelden&#8220;. Geben Sie dann Ihre E-Mail-Adresse in das erste Feld und Ihr Passwort in das zweite Feld ein. Nachdem Sie diese Schritte ausgef\u00fchrt haben, klicken Sie erneut auf die Schaltfl\u00e4che &#8222;Anmelden&#8220;.<\/p>\n\n\n\n<p>Wenn Sie Ihre E-Mail-Adresse und Ihr Passwort nicht verwenden m\u00f6chten oder sich nicht mehr daran erinnern k\u00f6nnen, gibt es andere M\u00f6glichkeiten f\u00fcr den N1 casino login-Prozess. Sie k\u00f6nnen versuchen, stattdessen ein Konto in den sozialen Medien zu nutzen oder die mit der Registrierung auf der Website verbundene Handynummer einzugeben.<\/p>\n\n\n\n<p>Wenn Sie sich mit Ihrer Handynummer anmelden m\u00f6chten, gehen Sie auf die N1 Casino-Website und klicken Sie auf die Schaltfl\u00e4che &#8222;Mit SMS anmelden&#8220;. Sobald Sie auf diese Schaltfl\u00e4che geklickt haben, geben Sie Ihre Handynummer in das daf\u00fcr vorgesehene Feld ein. Sie erhalten dann einen Anmeldecode per SMS, den Sie in das daf\u00fcr vorgesehene Feld eingeben m\u00fcssen. Klicken Sie anschlie\u00dfend erneut auf die Schaltfl\u00e4che &#8222;Anmelden&#8220;.<\/p>\n\n\n\n<p>Jos sinulla on ongelmia kirjautumisessa, ota yhteytt\u00e4 asiakaspalveluun.<\/p>\n\n\n\n<h3 class=\"wp-block-heading\">Miten ty\u00f6skennell\u00e4 N1 casino login sosiaalisilla alustoilla<\/h3>\n\n\n\n<p>Sie k\u00f6nnen soziale Plattformen f\u00fcr N1 casino login nutzen. Sie k\u00f6nnen sich zum Beispiel mit Ihrem Facebook-Konto anmelden. Um sich mit Ihrer sozialen Plattform anzumelden, klicken Sie einfach auf die Symbole der sozialen Medien in der oberen rechten Ecke der Homepage. Sobald Sie auf das Symbol Ihrer Wahl geklickt haben, erscheint ein Pop-up-Fenster, in dem Sie aufgefordert werden, Ihre Anmeldedaten f\u00fcr die sozialen Medien einzugeben. Nachdem Sie diesen Vorgang abgeschlossen haben, werden Sie zur Seite N1 casino login zur\u00fcckgeleitet, wo Sie die Registrierung abschlie\u00dfen k\u00f6nnen.<\/p>\n\n\n\n<p>Wenn Sie Probleme mit N1 casino login in \u00fcber Ihr Social-Media-Konto haben, wenden Sie sich bitte an den Kundensupport.<\/p>\n\n\n\n<h2 class=\"wp-block-heading\">FAQ<\/h2>\n\n\n<style>#sp-ea-30 .spcollapsing { height: 0; overflow: hidden; transition-property: height;transition-duration: 300ms;}#sp-ea-30.sp-easy-accordion>.sp-ea-single {margin-bottom: 10px; border: 1px solid #e2e2e2; }#sp-ea-30.sp-easy-accordion>.sp-ea-single>.ea-header a {color: #444;}#sp-ea-30.sp-easy-accordion>.sp-ea-single>.sp-collapse>.ea-body {background: #fff; color: #444;}#sp-ea-30.sp-easy-accordion>.sp-ea-single {background: #eee;}#sp-ea-30.sp-easy-accordion>.sp-ea-single>.ea-header a .ea-expand-icon { float: left; color: #444;font-size: 16px;}<\/style><div id=\"sp_easy_accordion-1776289458\">\n<div id=\"sp-ea-30\" class=\"sp-ea-one sp-easy-accordion\" data-ea-active=\"ea-click\" data-ea-mode=\"vertical\" data-preloader=\"\" data-scroll-active-item=\"\" data-offset-to-scroll=\"0\">\n\n<!-- Start accordion card div. -->\n<div class=\"ea-card ea-expand sp-ea-single\">\n\t<!-- Start accordion header. -->\n\t<h3 class=\"ea-header\">\n\t\t<!-- Add anchor tag for header. -->\n\t\t<a class=\"collapsed\" id=\"ea-header-300\" role=\"button\" data-sptoggle=\"spcollapse\" data-sptarget=\"#collapse300\" aria-controls=\"collapse300\" href=\"#\" rel=\"nofollow\" aria-expanded=\"true\" tabindex=\"0\">\n\t\t<i aria-hidden=\"true\" role=\"presentation\" class=\"ea-expand-icon eap-icon-ea-expand-minus\"><\/i> Miten voin muokata N1 casino login?\t\t<\/a> <!-- Close anchor tag for header. -->\n\t<\/h3>\t<!-- Close header tag. -->\n\t<!-- Start collapsible content div. -->\n\t<div class=\"sp-collapse spcollapse collapsed show\" id=\"collapse300\"  role=\"region\" aria-labelledby=\"ea-header-300\">  <!-- Content div. -->\n\t\t<div class=\"ea-body\">\n\t\t<p>Kirjoita kirjautumistietosi asianmukaisiin kenttiin sivulla N1 kasino kirjautuminen p\u00e4\u00e4st\u00e4ksesi tilillesi. Jos sinulla on ongelmia t\u00e4m\u00e4n kanssa, ota yhteytt\u00e4 asiakaspalveluun.<\/p>\n\t\t<\/div> <!-- Close content div. -->\n\t<\/div> <!-- Close collapse div. -->\n<\/div> <!-- Close card div. -->\n<!-- Start accordion card div. -->\n<div class=\"ea-card  sp-ea-single\">\n\t<!-- Start accordion header. -->\n\t<h3 class=\"ea-header\">\n\t\t<!-- Add anchor tag for header. -->\n\t\t<a class=\"collapsed\" id=\"ea-header-301\" role=\"button\" data-sptoggle=\"spcollapse\" data-sptarget=\"#collapse301\" aria-controls=\"collapse301\" href=\"#\" rel=\"nofollow\" aria-expanded=\"false\" tabindex=\"0\">\n\t\t<i aria-hidden=\"true\" role=\"presentation\" class=\"ea-expand-icon eap-icon-ea-expand-plus\"><\/i> Mit\u00e4 teen, jos olen unohtanut salasanani?\t\t<\/a> <!-- Close anchor tag for header. -->\n\t<\/h3>\t<!-- Close header tag. -->\n\t<!-- Start collapsible content div. -->\n\t<div class=\"sp-collapse spcollapse\" id=\"collapse301\"  role=\"region\" aria-labelledby=\"ea-header-301\">  <!-- Content div. -->\n\t\t<div class=\"ea-body\">\n\t\t<p>Voit palauttaa salasanasi, jos olet unohtanut sen, klikkaamalla \"Unohditko salasanasi\" -linkki\u00e4 sivulla N1 casino login. Kun olet noudattanut joitakin yksinkertaisia ohjeita, p\u00e4\u00e4set tilillesi ja voit jatkaa pelaamista tavalliseen tapaan.<\/p>\n\t\t<\/div> <!-- Close content div. -->\n\t<\/div> <!-- Close collapse div. -->\n<\/div> <!-- Close card div. -->\n<!-- Start accordion card div. -->\n<div class=\"ea-card  sp-ea-single\">\n\t<!-- Start accordion header. -->\n\t<h3 class=\"ea-header\">\n\t\t<!-- Add anchor tag for header. -->\n\t\t<a class=\"collapsed\" id=\"ea-header-302\" role=\"button\" data-sptoggle=\"spcollapse\" data-sptarget=\"#collapse302\" aria-controls=\"collapse302\" href=\"#\" rel=\"nofollow\" aria-expanded=\"false\" tabindex=\"0\">\n\t\t<i aria-hidden=\"true\" role=\"presentation\" class=\"ea-expand-icon eap-icon-ea-expand-plus\"><\/i> Minulla on ongelmia numeron N1 casino login sy\u00f6tt\u00e4misess\u00e4, mit\u00e4 minun pit\u00e4isi tehd\u00e4?\t\t<\/a> <!-- Close anchor tag for header. -->\n\t<\/h3>\t<!-- Close header tag. -->\n\t<!-- Start collapsible content div. -->\n\t<div class=\"sp-collapse spcollapse\" id=\"collapse302\"  role=\"region\" aria-labelledby=\"ea-header-302\">  <!-- Content div. -->\n\t\t<div class=\"ea-body\">\n\t\t<p>Jos sinulla on vaikeuksia kirjautumisessa, varmista ensin, ett\u00e4 k\u00e4yt\u00e4t oikeaa k\u00e4ytt\u00e4j\u00e4tunnusta ja salasanaa. T\u00e4m\u00e4 ongelma voi johtua useista syist\u00e4:<\/p>\n<ul>\n<li>Virheelliset kirjautumistiedot. Tarkista, ett\u00e4 k\u00e4ytt\u00e4j\u00e4tunnuksesi ja salasanasi ovat oikein ja yrit\u00e4 sitten uudelleen.<\/li>\n<li>Olemme todenn\u00e4k\u00f6isesti est\u00e4neet tilisi turvallisuussyist\u00e4. Jos tarvitset apua, ota yhteytt\u00e4 asiakastukeen.<\/li>\n<li>Saatat yritt\u00e4\u00e4 rekister\u00f6ity\u00e4 maasta, jossa N1 Casino ei ole saatavilla. Kasino-operaattorit sallivat t\u00e4ll\u00e4 hetkell\u00e4 vain rekister\u00f6itymisen ja pelaamisen tietyist\u00e4 maista. Tarkista kasinon verkkosivuilta lis\u00e4tietoja siit\u00e4, mitk\u00e4 maat ovat mukana.<\/li>\n<\/ul>\n<p>Jos kirjautumisessa on edelleen ongelmia, asiakaspalvelutiimi auttaa sinua mielell\u00e4\u00e4n. He voivat opastaa sinua prosessin l\u00e4pi ja varmistaa, ett\u00e4 p\u00e4\u00e4sy my\u00f6nnet\u00e4\u00e4n, jotta voit pelata uudelleen.<\/p>\n\t\t<\/div> <!-- Close content div. -->\n\t<\/div> <!-- Close collapse div. -->\n<\/div> <!-- Close card div. -->\n<script type=\"application\/ld+json\">{\n    \"@context\": \"https:\\\/\\\/schema.org\",\n    \"@type\": \"FAQPage\",\n    \"mainEntity\": [\n        {\n            \"@type\": \"Question\",\n            \"name\": \"Wie kann ich N1 casino login bearbeiten lassen?\",\n            \"acceptedAnswer\": {\n                \"@type\": \"Answer\",\n                \"text\": \"Geben Sie Ihre Anmeldedaten in die entsprechenden Felder auf der Seite N1 casino login ein, um auf Ihr Konto zuzugreifen. Wenn Sie dabei Probleme haben, wenden Sie sich bitte an den Kundendienst.\"\n            }\n        },\n        {\n            \"@type\": \"Question\",\n            \"name\": \"Was soll ich tun, wenn ich mein Passwort vergessen habe?\",\n            \"acceptedAnswer\": {\n                \"@type\": \"Answer\",\n                \"text\": \"Um Ihr Passwort zur\\u00fcckzusetzen, wenn Sie es vergessen haben, klicken Sie auf den Link 'Passwort vergessen' auf der Seite N1 casino login. Nachdem Sie einige einfache Anweisungen befolgt haben, k\\u00f6nnen Sie auf Ihr Konto zugreifen und wie gewohnt weiterspielen.\"\n            }\n        },\n        {\n            \"@type\": \"Question\",\n            \"name\": \"Ich habe Probleme bei der Eingabe von N1 casino login, was soll ich tun?\",\n            \"acceptedAnswer\": {\n                \"@type\": \"Answer\",\n                \"text\": \"Wenn Sie Schwierigkeiten haben, sich einzuloggen, sollten Sie in erster Linie sicherstellen, dass Sie den richtigen Benutzernamen und das richtige Passwort verwenden. Dieses Problem kann aus mehreren Gr\\u00fcnden auftreten:<ul><li>Falsche Anmeldedaten. Bitte \\u00fcberpr\\u00fcfen Sie, ob Ihr Benutzername und Ihr Passwort korrekt sind, und versuchen Sie es dann erneut.<\\\/li><li>Wahrscheinlich haben wir Ihr Konto aus Sicherheitsgr\\u00fcnden gesperrt. Wenn Sie Hilfe ben\\u00f6tigen, wenden Sie sich bitte an den Kundensupport.<\\\/li><li>M\\u00f6glicherweise versuchen Sie, sich aus einem Land anzumelden, in dem N1 Casino nicht verf\\u00fcgbar ist. Die Casino-Betreiber erlauben derzeit nur die Registrierung und das Spielen aus bestimmten L\\u00e4ndern. Bitte schauen Sie auf der Website des Casinos nach, um mehr Informationen dar\\u00fcber zu erhalten, welche L\\u00e4nder dazu geh\\u00f6ren.<\\\/li><\\\/ul>Wenn Sie immer noch Probleme beim Einloggen haben, hilft Ihnen der Kundendienst gerne weiter. Er kann Sie durch den Prozess f\\u00fchren und sicherstellen, dass der Zugang gew\\u00e4hrt wird, damit Sie wieder spielen k\\u00f6nnen.\"\n            }\n        }\n    ]\n}<\/script><\/div>\n<\/div>","protected":false},"excerpt":{"rendered":"<p>N1 Casino Login Das Casino ist eine neue Gl\u00fccksspielplattform, die seit ihrer Einf\u00fchrung im Jahr 2018 die Branche aufr\u00fcttelt. Die Macher waren nicht zufrieden mit der Tatsache, dass das Gl\u00fccksspiel unehrlich wurde und die Qualit\u00e4t der Branche sank, also beschlossen sie, ihre eigene Plattform mit Spielen nur von lizenzierten Anbietern zu schaffen. Zahlungen sind schnell, &hellip;<\/p>\n<p class=\"read-more\"> <a class=\"\" href=\"https:\/\/n1casino.info\/fi\/login\/\"> <span class=\"screen-reader-text\">Kirjaudu sis\u00e4\u00e4n<\/span> Lue lis\u00e4\u00e4 &raquo;<\/a><\/p>","protected":false},"author":1,"featured_media":0,"parent":0,"menu_order":0,"comment_status":"closed","ping_status":"closed","template":"","meta":{"site-sidebar-layout":"default","site-content-layout":"default","ast-global-header-display":"","ast-main-header-display":"","ast-hfb-above-header-display":"","ast-hfb-below-header-display":"","ast-hfb-mobile-header-display":"","site-post-title":"disabled","ast-breadcrumbs-content":"","ast-featured-img":"","footer-sml-layout":"","theme-transparent-header-meta":"","adv-header-id-meta":"","stick-header-meta":"","header-above-stick-meta":"","header-main-stick-meta":"","header-below-stick-meta":"","footnotes":""},"class_list":["post-28","page","type-page","status-publish","hentry"],"yoast_head":"<!-- This site is optimized with the Yoast SEO plugin v24.3 - https:\/\/yoast.com\/wordpress\/plugins\/seo\/ -->\n<title>N1 casino login | N1casino Anmeldung<\/title>\n<meta name=\"description\" content=\"N1 Casino Login: Wie man sich einloggt und welche Schwierigkeiten auftreten k\u00f6nnen. Was Sie tun m\u00fcssen, um wieder Zugang zu Ihrem Konto zu erhalten\" \/>\n<meta name=\"robots\" content=\"index, follow, max-snippet:-1, max-image-preview:large, max-video-preview:-1\" \/>\n<link rel=\"canonical\" href=\"https:\/\/n1casino.info\/fi\/login\/\" \/>\n<meta property=\"og:locale\" content=\"fi_FI\" \/>\n<meta property=\"og:type\" content=\"article\" \/>\n<meta property=\"og:title\" content=\"N1 casino login | N1casino Anmeldung\" \/>\n<meta property=\"og:description\" content=\"N1 Casino Login: Wie man sich einloggt und welche Schwierigkeiten auftreten k\u00f6nnen. Was Sie tun m\u00fcssen, um wieder Zugang zu Ihrem Konto zu erhalten\" \/>\n<meta property=\"og:url\" content=\"https:\/\/n1casino.info\/fi\/login\/\" \/>\n<meta property=\"og:site_name\" content=\"N1\" \/>\n<meta property=\"article:modified_time\" content=\"2023-04-11T09:42:54+00:00\" \/>\n<meta property=\"og:image\" content=\"https:\/\/n1casino.info\/wp-content\/uploads\/2022\/12\/n1-login.jpeg\" \/>\n<meta name=\"twitter:card\" content=\"summary_large_image\" \/>\n<meta name=\"twitter:label1\" content=\"Arvioitu lukuaika\" \/>\n\t<meta name=\"twitter:data1\" content=\"3 minuuttia\" \/>\n<script type=\"application\/ld+json\" class=\"yoast-schema-graph\">{\"@context\":\"https:\/\/schema.org\",\"@graph\":[{\"@type\":\"WebPage\",\"@id\":\"https:\/\/n1casino.info\/login\/\",\"url\":\"https:\/\/n1casino.info\/login\/\",\"name\":\"N1 casino login | N1casino Anmeldung\",\"isPartOf\":{\"@id\":\"https:\/\/n1casino.info\/#website\"},\"primaryImageOfPage\":{\"@id\":\"https:\/\/n1casino.info\/login\/#primaryimage\"},\"image\":{\"@id\":\"https:\/\/n1casino.info\/login\/#primaryimage\"},\"thumbnailUrl\":\"https:\/\/n1casino.info\/wp-content\/uploads\/2022\/12\/n1-login.jpeg\",\"datePublished\":\"2022-12-04T15:59:08+00:00\",\"dateModified\":\"2023-04-11T09:42:54+00:00\",\"description\":\"N1 Casino Login: Wie man sich einloggt und welche Schwierigkeiten auftreten k\u00f6nnen. Was Sie tun m\u00fcssen, um wieder Zugang zu Ihrem Konto zu erhalten\",\"breadcrumb\":{\"@id\":\"https:\/\/n1casino.info\/login\/#breadcrumb\"},\"inLanguage\":\"fi\",\"potentialAction\":[{\"@type\":\"ReadAction\",\"target\":[\"https:\/\/n1casino.info\/login\/\"]}]},{\"@type\":\"ImageObject\",\"inLanguage\":\"fi\",\"@id\":\"https:\/\/n1casino.info\/login\/#primaryimage\",\"url\":\"https:\/\/n1casino.info\/wp-content\/uploads\/2022\/12\/n1-login.jpeg\",\"contentUrl\":\"https:\/\/n1casino.info\/wp-content\/uploads\/2022\/12\/n1-login.jpeg\"},{\"@type\":\"BreadcrumbList\",\"@id\":\"https:\/\/n1casino.info\/login\/#breadcrumb\",\"itemListElement\":[{\"@type\":\"ListItem\",\"position\":1,\"name\":\"Home\",\"item\":\"https:\/\/n1casino.info\/\"},{\"@type\":\"ListItem\",\"position\":2,\"name\":\"Login\"}]},{\"@type\":\"WebSite\",\"@id\":\"https:\/\/n1casino.info\/#website\",\"url\":\"https:\/\/n1casino.info\/\",\"name\":\"N1\",\"description\":\"\",\"publisher\":{\"@id\":\"https:\/\/n1casino.info\/#organization\"},\"potentialAction\":[{\"@type\":\"SearchAction\",\"target\":{\"@type\":\"EntryPoint\",\"urlTemplate\":\"https:\/\/n1casino.info\/?s={search_term_string}\"},\"query-input\":{\"@type\":\"PropertyValueSpecification\",\"valueRequired\":true,\"valueName\":\"search_term_string\"}}],\"inLanguage\":\"fi\"},{\"@type\":\"Organization\",\"@id\":\"https:\/\/n1casino.info\/#organization\",\"name\":\"N1\",\"url\":\"https:\/\/n1casino.info\/\",\"logo\":{\"@type\":\"ImageObject\",\"inLanguage\":\"fi\",\"@id\":\"https:\/\/n1casino.info\/#\/schema\/logo\/image\/\",\"url\":\"https:\/\/n1casino.info\/wp-content\/uploads\/2022\/12\/logo-horizontal-light.9f38f179.-2.png\",\"contentUrl\":\"https:\/\/n1casino.info\/wp-content\/uploads\/2022\/12\/logo-horizontal-light.9f38f179.-2.png\",\"width\":482,\"height\":111,\"caption\":\"N1\"},\"image\":{\"@id\":\"https:\/\/n1casino.info\/#\/schema\/logo\/image\/\"}}]}<\/script>\n<!-- \/ Yoast SEO plugin. -->","yoast_head_json":{"title":"N1 casino login | N1casino Anmeldung","description":"N1 Casino Login: Wie man sich einloggt und welche Schwierigkeiten auftreten k\u00f6nnen. Was Sie tun m\u00fcssen, um wieder Zugang zu Ihrem Konto zu erhalten","robots":{"index":"index","follow":"follow","max-snippet":"max-snippet:-1","max-image-preview":"max-image-preview:large","max-video-preview":"max-video-preview:-1"},"canonical":"https:\/\/n1casino.info\/fi\/login\/","og_locale":"fi_FI","og_type":"article","og_title":"N1 casino login | N1casino Anmeldung","og_description":"N1 Casino Login: Wie man sich einloggt und welche Schwierigkeiten auftreten k\u00f6nnen. Was Sie tun m\u00fcssen, um wieder Zugang zu Ihrem Konto zu erhalten","og_url":"https:\/\/n1casino.info\/fi\/login\/","og_site_name":"N1","article_modified_time":"2023-04-11T09:42:54+00:00","og_image":[{"url":"https:\/\/n1casino.info\/wp-content\/uploads\/2022\/12\/n1-login.jpeg","type":"","width":"","height":""}],"twitter_card":"summary_large_image","twitter_misc":{"Arvioitu lukuaika":"3 minuuttia"},"schema":{"@context":"https:\/\/schema.org","@graph":[{"@type":"WebPage","@id":"https:\/\/n1casino.info\/login\/","url":"https:\/\/n1casino.info\/login\/","name":"N1 casino login | N1casino Anmeldung","isPartOf":{"@id":"https:\/\/n1casino.info\/#website"},"primaryImageOfPage":{"@id":"https:\/\/n1casino.info\/login\/#primaryimage"},"image":{"@id":"https:\/\/n1casino.info\/login\/#primaryimage"},"thumbnailUrl":"https:\/\/n1casino.info\/wp-content\/uploads\/2022\/12\/n1-login.jpeg","datePublished":"2022-12-04T15:59:08+00:00","dateModified":"2023-04-11T09:42:54+00:00","description":"N1 Casino Login: Wie man sich einloggt und welche Schwierigkeiten auftreten k\u00f6nnen. Was Sie tun m\u00fcssen, um wieder Zugang zu Ihrem Konto zu erhalten","breadcrumb":{"@id":"https:\/\/n1casino.info\/login\/#breadcrumb"},"inLanguage":"fi","potentialAction":[{"@type":"ReadAction","target":["https:\/\/n1casino.info\/login\/"]}]},{"@type":"ImageObject","inLanguage":"fi","@id":"https:\/\/n1casino.info\/login\/#primaryimage","url":"https:\/\/n1casino.info\/wp-content\/uploads\/2022\/12\/n1-login.jpeg","contentUrl":"https:\/\/n1casino.info\/wp-content\/uploads\/2022\/12\/n1-login.jpeg"},{"@type":"BreadcrumbList","@id":"https:\/\/n1casino.info\/login\/#breadcrumb","itemListElement":[{"@type":"ListItem","position":1,"name":"Home","item":"https:\/\/n1casino.info\/"},{"@type":"ListItem","position":2,"name":"Login"}]},{"@type":"WebSite","@id":"https:\/\/n1casino.info\/#website","url":"https:\/\/n1casino.info\/","name":"N1","description":"","publisher":{"@id":"https:\/\/n1casino.info\/#organization"},"potentialAction":[{"@type":"SearchAction","target":{"@type":"EntryPoint","urlTemplate":"https:\/\/n1casino.info\/?s={search_term_string}"},"query-input":{"@type":"PropertyValueSpecification","valueRequired":true,"valueName":"search_term_string"}}],"inLanguage":"fi"},{"@type":"Organization","@id":"https:\/\/n1casino.info\/#organization","name":"N1","url":"https:\/\/n1casino.info\/","logo":{"@type":"ImageObject","inLanguage":"fi","@id":"https:\/\/n1casino.info\/#\/schema\/logo\/image\/","url":"https:\/\/n1casino.info\/wp-content\/uploads\/2022\/12\/logo-horizontal-light.9f38f179.-2.png","contentUrl":"https:\/\/n1casino.info\/wp-content\/uploads\/2022\/12\/logo-horizontal-light.9f38f179.-2.png","width":482,"height":111,"caption":"N1"},"image":{"@id":"https:\/\/n1casino.info\/#\/schema\/logo\/image\/"}}]}},"_links":{"self":[{"href":"https:\/\/n1casino.info\/fi\/wp-json\/wp\/v2\/pages\/28","targetHints":{"allow":["GET"]}}],"collection":[{"href":"https:\/\/n1casino.info\/fi\/wp-json\/wp\/v2\/pages"}],"about":[{"href":"https:\/\/n1casino.info\/fi\/wp-json\/wp\/v2\/types\/page"}],"author":[{"embeddable":true,"href":"https:\/\/n1casino.info\/fi\/wp-json\/wp\/v2\/users\/1"}],"replies":[{"embeddable":true,"href":"https:\/\/n1casino.info\/fi\/wp-json\/wp\/v2\/comments?post=28"}],"version-history":[{"count":16,"href":"https:\/\/n1casino.info\/fi\/wp-json\/wp\/v2\/pages\/28\/revisions"}],"predecessor-version":[{"id":118,"href":"https:\/\/n1casino.info\/fi\/wp-json\/wp\/v2\/pages\/28\/revisions\/118"}],"wp:attachment":[{"href":"https:\/\/n1casino.info\/fi\/wp-json\/wp\/v2\/media?parent=28"}],"curies":[{"name":"wp","href":"https:\/\/api.w.org\/{rel}","templated":true}]}}